{"id":7610,"date":"2025-09-10T11:41:35","date_gmt":"2025-09-10T09:41:35","guid":{"rendered":"https:\/\/ofertacular.com\/index.php\/producto\/stabilo-rotulador\/"},"modified":"2025-09-10T11:41:35","modified_gmt":"2025-09-10T09:41:35","slug":"stabilo-rotulador","status":"publish","type":"product","link":"https:\/\/ofertacular.com\/index.php\/producto\/stabilo-rotulador\/","title":{"rendered":"STABILO Rotulador"},"content":{"rendered":"<div class=\"oferta-container\">\n<p>\ud83d\udfe5 <b>GRAN OFERTA<\/b> \ud83d\udfe5 #Publicidad #Amazon #16<\/p>\n<p>\ud83d\udd34 <b>Rotulador STABILO <\/b><\/p>\n<p>\u2705 <b>AHORA 3.99 \u20ac<\/b> \u2714\ufe0f\ud83d\udfe1<\/p>\n<p>\u274c Antes 9.92 \u20ac<\/p>\n<p>\ud83d\uded2: <a href=\"https:\/\/btz.es\/4WxZ6CS\" target=\"_blank\" rel=\"nofollow noopener\">https:\/\/btz.es\/4WxZ6CS<\/a><\/p>\n<p>Descubre la calidad superior del rotulador STABILO, ideal para uso escolar y profesional. Su tinta vibrante y duradera garantiza una escritura n\u00edtida y clara, perfecta para destacar tus notas y trabajos con precisi\u00f3n. Dise\u00f1ado para ofrecer comodidad y minimizar la fatiga al escribir, este rotulador es la elecci\u00f3n perfecta para estudiantes, artistas y profesionales que buscan rendimiento y estilo en un solo producto.<\/p>\n<\/p><\/div>\n","protected":false},"excerpt":{"rendered":"<p>\ud83d\udfe5 GRAN OFERTA \ud83d\udfe5 #Publicidad #Amazon #16 \ud83d\udd34 Rotulador STABILO \u2705 AHORA 3.99 \u20ac \u2714\ufe0f\ud83d\udfe1 \u274c Antes 9.92 \u20ac \ud83d\uded2: https:\/\/btz.es\/4WxZ6CS Descubre la calidad superior del rotulador STABILO, ideal para uso escolar y profesional. Su tinta vibrante y duradera garantiza una escritura n\u00edtida y clara, perfecta para destacar tus notas y trabajos con precisi\u00f3n. Dise\u00f1ado [&hellip;]<\/p>\n","protected":false},"featured_media":7609,"template":"","meta":{"_gspb_post_css":""},"store":[],"product_brand":[],"product_cat":[16],"product_tag":[],"class_list":{"0":"post-7610","1":"product","2":"type-product","3":"status-publish","4":"has-post-thumbnail","6":"product_cat-sin-categorizar","8":"first","9":"instock","10":"sale","11":"shipping-taxable","12":"product-type-external"},"jetpack_sharing_enabled":true,"_links":{"self":[{"href":"https:\/\/ofertacular.com\/index.php\/wp-json\/wp\/v2\/product\/7610","targetHints":{"allow":["GET"]}}],"collection":[{"href":"https:\/\/ofertacular.com\/index.php\/wp-json\/wp\/v2\/product"}],"about":[{"href":"https:\/\/ofertacular.com\/index.php\/wp-json\/wp\/v2\/types\/product"}],"wp:featuredmedia":[{"embeddable":true,"href":"https:\/\/ofertacular.com\/index.php\/wp-json\/wp\/v2\/media\/7609"}],"wp:attachment":[{"href":"https:\/\/ofertacular.com\/index.php\/wp-json\/wp\/v2\/media?parent=7610"}],"wp:term":[{"taxonomy":"store","embeddable":true,"href":"https:\/\/ofertacular.com\/index.php\/wp-json\/wp\/v2\/store?post=7610"},{"taxonomy":"product_brand","embeddable":true,"href":"https:\/\/ofertacular.com\/index.php\/wp-json\/wp\/v2\/product_brand?post=7610"},{"taxonomy":"product_cat","embeddable":true,"href":"https:\/\/ofertacular.com\/index.php\/wp-json\/wp\/v2\/product_cat?post=7610"},{"taxonomy":"product_tag","embeddable":true,"href":"https:\/\/ofertacular.com\/index.php\/wp-json\/wp\/v2\/product_tag?post=7610"}],"curies":[{"name":"wp","href":"https:\/\/api.w.org\/{rel}","templated":true}]}}