{"id":7630,"date":"2025-09-11T19:02:49","date_gmt":"2025-09-11T17:02:49","guid":{"rendered":"https:\/\/ofertacular.com\/index.php\/producto\/apple-watch-2\/"},"modified":"2025-09-11T19:02:49","modified_gmt":"2025-09-11T17:02:49","slug":"apple-watch-2","status":"publish","type":"product","link":"https:\/\/ofertacular.com\/index.php\/producto\/apple-watch-2\/","title":{"rendered":"Apple Watch"},"content":{"rendered":"<div class=\"oferta-container\">\n<p>\ud83d\udfe5 <b>DESCUENTAZO<\/b> \ud83d\udfe5 #Publicidad #Amazon #16<\/p>\n<p>\ud83d\udd34 <b>Smartwatch Apple <\/b><\/p>\n<p>\u2705 <b>AHORA 199 \u20ac<\/b> \u2714\ufe0f\ud83d\udfe1<\/p>\n<p>\u274c Antes 249.00 \u20ac<\/p>\n<p>\ud83d\uded2: <a href=\"https:\/\/btz.es\/4W5DioG\" target=\"_blank\" rel=\"nofollow noopener\">https:\/\/btz.es\/4W5DioG<\/a><\/p>\n<p>Descubre el Apple Watch, el reloj inteligente l\u00edder en tecnolog\u00eda wearable que combina dise\u00f1o elegante con funcionalidades avanzadas para mejorar tu salud, conectividad y estilo de vida. Optimizado para un rendimiento excepcional, este dispositivo ofrece seguimiento de actividad f\u00edsica, monitorizaci\u00f3n del ritmo card\u00edaco y notificaciones en tiempo real, asegurando que siempre est\u00e9s conectado y en forma. Ideal para usuarios que buscan innovaci\u00f3n y calidad en un solo accesorio.<\/p>\n<\/p><\/div>\n","protected":false},"excerpt":{"rendered":"<p>\ud83d\udfe5 DESCUENTAZO \ud83d\udfe5 #Publicidad #Amazon #16 \ud83d\udd34 Smartwatch Apple \u2705 AHORA 199 \u20ac \u2714\ufe0f\ud83d\udfe1 \u274c Antes 249.00 \u20ac \ud83d\uded2: https:\/\/btz.es\/4W5DioG Descubre el Apple Watch, el reloj inteligente l\u00edder en tecnolog\u00eda wearable que combina dise\u00f1o elegante con funcionalidades avanzadas para mejorar tu salud, conectividad y estilo de vida. Optimizado para un rendimiento excepcional, este dispositivo ofrece [&hellip;]<\/p>\n","protected":false},"featured_media":7629,"template":"","meta":{"_gspb_post_css":""},"store":[],"product_brand":[],"product_cat":[16],"product_tag":[],"class_list":{"0":"post-7630","1":"product","2":"type-product","3":"status-publish","4":"has-post-thumbnail","6":"product_cat-sin-categorizar","8":"first","9":"instock","10":"sale","11":"shipping-taxable","12":"product-type-external"},"jetpack_sharing_enabled":true,"_links":{"self":[{"href":"https:\/\/ofertacular.com\/index.php\/wp-json\/wp\/v2\/product\/7630","targetHints":{"allow":["GET"]}}],"collection":[{"href":"https:\/\/ofertacular.com\/index.php\/wp-json\/wp\/v2\/product"}],"about":[{"href":"https:\/\/ofertacular.com\/index.php\/wp-json\/wp\/v2\/types\/product"}],"wp:featuredmedia":[{"embeddable":true,"href":"https:\/\/ofertacular.com\/index.php\/wp-json\/wp\/v2\/media\/7629"}],"wp:attachment":[{"href":"https:\/\/ofertacular.com\/index.php\/wp-json\/wp\/v2\/media?parent=7630"}],"wp:term":[{"taxonomy":"store","embeddable":true,"href":"https:\/\/ofertacular.com\/index.php\/wp-json\/wp\/v2\/store?post=7630"},{"taxonomy":"product_brand","embeddable":true,"href":"https:\/\/ofertacular.com\/index.php\/wp-json\/wp\/v2\/product_brand?post=7630"},{"taxonomy":"product_cat","embeddable":true,"href":"https:\/\/ofertacular.com\/index.php\/wp-json\/wp\/v2\/product_cat?post=7630"},{"taxonomy":"product_tag","embeddable":true,"href":"https:\/\/ofertacular.com\/index.php\/wp-json\/wp\/v2\/product_tag?post=7630"}],"curies":[{"name":"wp","href":"https:\/\/api.w.org\/{rel}","templated":true}]}}