{"id":7632,"date":"2025-09-11T19:07:35","date_gmt":"2025-09-11T17:07:35","guid":{"rendered":"https:\/\/ofertacular.com\/index.php\/producto\/1005009779955826\/"},"modified":"2025-09-11T19:07:35","modified_gmt":"2025-09-11T17:07:35","slug":"1005009779955826","status":"publish","type":"product","link":"https:\/\/ofertacular.com\/index.php\/producto\/1005009779955826\/","title":{"rendered":"Estufa Port\u00e1til"},"content":{"rendered":"<div class=\"oferta-container\">\n<p>\ud83d\udfe5 <b>DATE PRISA<\/b> \ud83d\udfe5 #Publicidad #Amazon #<\/p>\n<p>\ud83d\udd34 <b>Estufa Port\u00e1til <\/b><\/p>\n<p>\u2705 <b>AHORA 9.84\u20ac \u20ac<\/b> \u2714\ufe0f\ud83d\udfe1<\/p>\n<p>\u274c Antes 30.14 \u20ac<\/p>\n<p>\ud83d\uded2: <a href=\"https:\/\/btz.es\/4W5EuMu\" target=\"_blank\" rel=\"nofollow noopener\">https:\/\/btz.es\/4W5EuMu<\/a><\/p>\n<p>Estufa port\u00e1til de alta eficiencia para calefacci\u00f3n r\u00e1pida y segura en cualquier espacio, ideal para uso dom\u00e9stico y profesional. Descubre la tecnolog\u00eda avanzada y dise\u00f1o compacto que asegura confort en tu hogar u oficina.<\/p>\n<\/p><\/div>\n","protected":false},"excerpt":{"rendered":"<p>\ud83d\udfe5 DATE PRISA \ud83d\udfe5 #Publicidad #Amazon # \ud83d\udd34 Estufa Port\u00e1til \u2705 AHORA 9.84\u20ac \u20ac \u2714\ufe0f\ud83d\udfe1 \u274c Antes 30.14 \u20ac \ud83d\uded2: https:\/\/btz.es\/4W5EuMu Estufa port\u00e1til de alta eficiencia para calefacci\u00f3n r\u00e1pida y segura en cualquier espacio, ideal para uso dom\u00e9stico y profesional. Descubre la tecnolog\u00eda avanzada y dise\u00f1o compacto que asegura confort en tu hogar u oficina.<\/p>\n","protected":false},"featured_media":7631,"template":"","meta":{"_gspb_post_css":""},"store":[],"product_brand":[],"product_cat":[16],"product_tag":[],"class_list":{"0":"post-7632","1":"product","2":"type-product","3":"status-publish","4":"has-post-thumbnail","6":"product_cat-sin-categorizar","8":"first","9":"instock","10":"shipping-taxable","11":"product-type-external"},"jetpack_sharing_enabled":true,"_links":{"self":[{"href":"https:\/\/ofertacular.com\/index.php\/wp-json\/wp\/v2\/product\/7632","targetHints":{"allow":["GET"]}}],"collection":[{"href":"https:\/\/ofertacular.com\/index.php\/wp-json\/wp\/v2\/product"}],"about":[{"href":"https:\/\/ofertacular.com\/index.php\/wp-json\/wp\/v2\/types\/product"}],"wp:featuredmedia":[{"embeddable":true,"href":"https:\/\/ofertacular.com\/index.php\/wp-json\/wp\/v2\/media\/7631"}],"wp:attachment":[{"href":"https:\/\/ofertacular.com\/index.php\/wp-json\/wp\/v2\/media?parent=7632"}],"wp:term":[{"taxonomy":"store","embeddable":true,"href":"https:\/\/ofertacular.com\/index.php\/wp-json\/wp\/v2\/store?post=7632"},{"taxonomy":"product_brand","embeddable":true,"href":"https:\/\/ofertacular.com\/index.php\/wp-json\/wp\/v2\/product_brand?post=7632"},{"taxonomy":"product_cat","embeddable":true,"href":"https:\/\/ofertacular.com\/index.php\/wp-json\/wp\/v2\/product_cat?post=7632"},{"taxonomy":"product_tag","embeddable":true,"href":"https:\/\/ofertacular.com\/index.php\/wp-json\/wp\/v2\/product_tag?post=7632"}],"curies":[{"name":"wp","href":"https:\/\/api.w.org\/{rel}","templated":true}]}}