{"id":7666,"date":"2025-09-12T10:39:39","date_gmt":"2025-09-12T08:39:39","guid":{"rendered":"https:\/\/ofertacular.com\/index.php\/producto\/prima-cero\/"},"modified":"2025-09-12T10:39:39","modified_gmt":"2025-09-12T08:39:39","slug":"prima-cero","status":"publish","type":"product","link":"https:\/\/ofertacular.com\/index.php\/producto\/prima-cero\/","title":{"rendered":"Prima Cero"},"content":{"rendered":"<div class=\"oferta-container\">\n<p>\ud83d\udfe5 <b>SUPER OFERTA<\/b> \ud83d\udfe5 #Publicidad #Amazon #16<\/p>\n<p>\ud83d\udd34 <b>Perfume Prima <\/b><\/p>\n<p>\u2705 <b>AHORA 1 \u20ac<\/b> \u2714\ufe0f\ud83d\udfe1<\/p>\n<p>\u274c Antes 2.50 \u20ac<\/p>\n<p>\ud83d\uded2: <a href=\"https:\/\/btz.es\/4W90Xga\" target=\"_blank\" rel=\"nofollow noopener\">https:\/\/btz.es\/4W90Xga<\/a><\/p>\n<p>Descubre Prima Cero, un perfume \u00fanico que combina frescura y sofisticaci\u00f3n en cada nota. Perfecto para quienes buscan un aroma distintivo y duradero. Ideal para cualquier ocasi\u00f3n, Prima Cero realza tu personalidad y estilo con su fragancia exclusiva.<\/p>\n<\/p><\/div>\n","protected":false},"excerpt":{"rendered":"<p>\ud83d\udfe5 SUPER OFERTA \ud83d\udfe5 #Publicidad #Amazon #16 \ud83d\udd34 Perfume Prima \u2705 AHORA 1 \u20ac \u2714\ufe0f\ud83d\udfe1 \u274c Antes 2.50 \u20ac \ud83d\uded2: https:\/\/btz.es\/4W90Xga Descubre Prima Cero, un perfume \u00fanico que combina frescura y sofisticaci\u00f3n en cada nota. Perfecto para quienes buscan un aroma distintivo y duradero. Ideal para cualquier ocasi\u00f3n, Prima Cero realza tu personalidad y estilo [&hellip;]<\/p>\n","protected":false},"featured_media":7665,"template":"","meta":{"_gspb_post_css":""},"store":[],"product_brand":[],"product_cat":[16],"product_tag":[],"class_list":{"0":"post-7666","1":"product","2":"type-product","3":"status-publish","4":"has-post-thumbnail","6":"product_cat-sin-categorizar","8":"first","9":"instock","10":"sale","11":"shipping-taxable","12":"product-type-external"},"jetpack_sharing_enabled":true,"_links":{"self":[{"href":"https:\/\/ofertacular.com\/index.php\/wp-json\/wp\/v2\/product\/7666","targetHints":{"allow":["GET"]}}],"collection":[{"href":"https:\/\/ofertacular.com\/index.php\/wp-json\/wp\/v2\/product"}],"about":[{"href":"https:\/\/ofertacular.com\/index.php\/wp-json\/wp\/v2\/types\/product"}],"wp:featuredmedia":[{"embeddable":true,"href":"https:\/\/ofertacular.com\/index.php\/wp-json\/wp\/v2\/media\/7665"}],"wp:attachment":[{"href":"https:\/\/ofertacular.com\/index.php\/wp-json\/wp\/v2\/media?parent=7666"}],"wp:term":[{"taxonomy":"store","embeddable":true,"href":"https:\/\/ofertacular.com\/index.php\/wp-json\/wp\/v2\/store?post=7666"},{"taxonomy":"product_brand","embeddable":true,"href":"https:\/\/ofertacular.com\/index.php\/wp-json\/wp\/v2\/product_brand?post=7666"},{"taxonomy":"product_cat","embeddable":true,"href":"https:\/\/ofertacular.com\/index.php\/wp-json\/wp\/v2\/product_cat?post=7666"},{"taxonomy":"product_tag","embeddable":true,"href":"https:\/\/ofertacular.com\/index.php\/wp-json\/wp\/v2\/product_tag?post=7666"}],"curies":[{"name":"wp","href":"https:\/\/api.w.org\/{rel}","templated":true}]}}