{"id":7690,"date":"2025-09-13T07:26:46","date_gmt":"2025-09-13T05:26:46","guid":{"rendered":"https:\/\/ofertacular.com\/index.php\/producto\/oppo-reno12f-2\/"},"modified":"2025-09-13T07:26:46","modified_gmt":"2025-09-13T05:26:46","slug":"oppo-reno12f-2","status":"publish","type":"product","link":"https:\/\/ofertacular.com\/index.php\/producto\/oppo-reno12f-2\/","title":{"rendered":"OPPO Reno12F"},"content":{"rendered":"<div class=\"oferta-container\">\n<p>\ud83d\udfe5 <b>EXCLUSIVO<\/b> \ud83d\udfe5 #Publicidad #Amazon #16<\/p>\n<p>\ud83d\udd34 <b>Smartphone OPPO <\/b><\/p>\n<p>\u2705 <b>AHORA 149 \u20ac<\/b> \u2714\ufe0f\ud83d\udfe1<\/p>\n<p>\u274c Antes 175.00 \u20ac<\/p>\n<p>\ud83d\uded2: <a href=\"https:\/\/btz.es\/4WE4WXr\" target=\"_blank\" rel=\"nofollow noopener\">https:\/\/btz.es\/4WE4WXr<\/a><\/p>\n<p>Descubre el OPPO Reno12F, un smartphone que combina dise\u00f1o elegante y tecnolog\u00eda avanzada para ofrecer una experiencia m\u00f3vil excepcional. Equipado con una c\u00e1mara de alta resoluci\u00f3n y un rendimiento r\u00e1pido, es ideal para quienes buscan calidad y estilo. Optimizado para un uso eficiente y una conectividad fluida, el OPPO Reno12F es la elecci\u00f3n perfecta para usuarios modernos que valoran la innovaci\u00f3n y el rendimiento superior.<\/p>\n<\/p><\/div>\n","protected":false},"excerpt":{"rendered":"<p>\ud83d\udfe5 EXCLUSIVO \ud83d\udfe5 #Publicidad #Amazon #16 \ud83d\udd34 Smartphone OPPO \u2705 AHORA 149 \u20ac \u2714\ufe0f\ud83d\udfe1 \u274c Antes 175.00 \u20ac \ud83d\uded2: https:\/\/btz.es\/4WE4WXr Descubre el OPPO Reno12F, un smartphone que combina dise\u00f1o elegante y tecnolog\u00eda avanzada para ofrecer una experiencia m\u00f3vil excepcional. Equipado con una c\u00e1mara de alta resoluci\u00f3n y un rendimiento r\u00e1pido, es ideal para quienes buscan [&hellip;]<\/p>\n","protected":false},"featured_media":7689,"template":"","meta":{"_gspb_post_css":""},"store":[],"product_brand":[],"product_cat":[16],"product_tag":[],"class_list":{"0":"post-7690","1":"product","2":"type-product","3":"status-publish","4":"has-post-thumbnail","6":"product_cat-sin-categorizar","8":"first","9":"instock","10":"sale","11":"shipping-taxable","12":"product-type-external"},"jetpack_sharing_enabled":true,"_links":{"self":[{"href":"https:\/\/ofertacular.com\/index.php\/wp-json\/wp\/v2\/product\/7690","targetHints":{"allow":["GET"]}}],"collection":[{"href":"https:\/\/ofertacular.com\/index.php\/wp-json\/wp\/v2\/product"}],"about":[{"href":"https:\/\/ofertacular.com\/index.php\/wp-json\/wp\/v2\/types\/product"}],"wp:featuredmedia":[{"embeddable":true,"href":"https:\/\/ofertacular.com\/index.php\/wp-json\/wp\/v2\/media\/7689"}],"wp:attachment":[{"href":"https:\/\/ofertacular.com\/index.php\/wp-json\/wp\/v2\/media?parent=7690"}],"wp:term":[{"taxonomy":"store","embeddable":true,"href":"https:\/\/ofertacular.com\/index.php\/wp-json\/wp\/v2\/store?post=7690"},{"taxonomy":"product_brand","embeddable":true,"href":"https:\/\/ofertacular.com\/index.php\/wp-json\/wp\/v2\/product_brand?post=7690"},{"taxonomy":"product_cat","embeddable":true,"href":"https:\/\/ofertacular.com\/index.php\/wp-json\/wp\/v2\/product_cat?post=7690"},{"taxonomy":"product_tag","embeddable":true,"href":"https:\/\/ofertacular.com\/index.php\/wp-json\/wp\/v2\/product_tag?post=7690"}],"curies":[{"name":"wp","href":"https:\/\/api.w.org\/{rel}","templated":true}]}}