{"id":7714,"date":"2025-09-15T07:35:50","date_gmt":"2025-09-15T05:35:50","guid":{"rendered":"https:\/\/ofertacular.com\/index.php\/producto\/colchon-viscosoft\/"},"modified":"2025-09-15T07:35:50","modified_gmt":"2025-09-15T05:35:50","slug":"colchon-viscosoft","status":"publish","type":"product","link":"https:\/\/ofertacular.com\/index.php\/producto\/colchon-viscosoft\/","title":{"rendered":"Colch\u00f3n Viscosoft"},"content":{"rendered":"<div class=\"oferta-container\">\n<p>\ud83d\udfe5 <b>DESCUENTAZO<\/b> \ud83d\udfe5 #Publicidad #Amazon #16<\/p>\n<p>\ud83d\udd34 <b>Colch\u00f3n Visco <\/b><\/p>\n<p>\u2705 <b>AHORA 73.99 \u20ac<\/b> \u2714\ufe0f\ud83d\udfe1<\/p>\n<p>\u274c Antes 87.09 \u20ac<\/p>\n<p>\ud83d\uded2: <a href=\"https:\/\/btz.es\/4WQor8M\" target=\"_blank\" rel=\"nofollow noopener\">https:\/\/btz.es\/4WQor8M<\/a><\/p>\n<p>Descubre el confort excepcional del Colch\u00f3n Viscosoft, dise\u00f1ado con tecnolog\u00eda viscoel\u00e1stica avanzada que se adapta perfectamente a tu cuerpo para un descanso reparador. Ideal para quienes buscan aliviar puntos de presi\u00f3n y mejorar la calidad del sue\u00f1o. Fabricado con materiales de alta durabilidad y transpirables que regulan la temperatura durante la noche. Mejora tu bienestar y despierta renovado cada d\u00eda con el Colch\u00f3n Viscosoft, la elecci\u00f3n perfecta para un sue\u00f1o saludable y profundo.<\/p>\n<\/p><\/div>\n","protected":false},"excerpt":{"rendered":"<p>\ud83d\udfe5 DESCUENTAZO \ud83d\udfe5 #Publicidad #Amazon #16 \ud83d\udd34 Colch\u00f3n Visco \u2705 AHORA 73.99 \u20ac \u2714\ufe0f\ud83d\udfe1 \u274c Antes 87.09 \u20ac \ud83d\uded2: https:\/\/btz.es\/4WQor8M Descubre el confort excepcional del Colch\u00f3n Viscosoft, dise\u00f1ado con tecnolog\u00eda viscoel\u00e1stica avanzada que se adapta perfectamente a tu cuerpo para un descanso reparador. Ideal para quienes buscan aliviar puntos de presi\u00f3n y mejorar la calidad [&hellip;]<\/p>\n","protected":false},"featured_media":7713,"template":"","meta":{"_gspb_post_css":""},"store":[],"product_brand":[],"product_cat":[16],"product_tag":[],"class_list":{"0":"post-7714","1":"product","2":"type-product","3":"status-publish","4":"has-post-thumbnail","6":"product_cat-sin-categorizar","8":"first","9":"instock","10":"sale","11":"shipping-taxable","12":"product-type-external"},"jetpack_sharing_enabled":true,"_links":{"self":[{"href":"https:\/\/ofertacular.com\/index.php\/wp-json\/wp\/v2\/product\/7714","targetHints":{"allow":["GET"]}}],"collection":[{"href":"https:\/\/ofertacular.com\/index.php\/wp-json\/wp\/v2\/product"}],"about":[{"href":"https:\/\/ofertacular.com\/index.php\/wp-json\/wp\/v2\/types\/product"}],"wp:featuredmedia":[{"embeddable":true,"href":"https:\/\/ofertacular.com\/index.php\/wp-json\/wp\/v2\/media\/7713"}],"wp:attachment":[{"href":"https:\/\/ofertacular.com\/index.php\/wp-json\/wp\/v2\/media?parent=7714"}],"wp:term":[{"taxonomy":"store","embeddable":true,"href":"https:\/\/ofertacular.com\/index.php\/wp-json\/wp\/v2\/store?post=7714"},{"taxonomy":"product_brand","embeddable":true,"href":"https:\/\/ofertacular.com\/index.php\/wp-json\/wp\/v2\/product_brand?post=7714"},{"taxonomy":"product_cat","embeddable":true,"href":"https:\/\/ofertacular.com\/index.php\/wp-json\/wp\/v2\/product_cat?post=7714"},{"taxonomy":"product_tag","embeddable":true,"href":"https:\/\/ofertacular.com\/index.php\/wp-json\/wp\/v2\/product_tag?post=7714"}],"curies":[{"name":"wp","href":"https:\/\/api.w.org\/{rel}","templated":true}]}}