{"id":7718,"date":"2025-09-15T07:47:02","date_gmt":"2025-09-15T05:47:02","guid":{"rendered":"https:\/\/ofertacular.com\/index.php\/producto\/1005006409293478\/"},"modified":"2025-09-15T07:47:02","modified_gmt":"2025-09-15T05:47:02","slug":"1005006409293478","status":"publish","type":"product","link":"https:\/\/ofertacular.com\/index.php\/producto\/1005006409293478\/","title":{"rendered":"Auriculares Inal\u00e1mbricos"},"content":{"rendered":"<div class=\"oferta-container\">\n<p>\ud83d\udfe5 <b>\u00a1APROVECHA!<\/b> \ud83d\udfe5 #Publicidad #Amazon #<\/p>\n<p>\ud83d\udd34 <b>Auriculares Inal\u00e1mbricos <\/b><\/p>\n<p>\u2705 <b>AHORA 8.99\u20ac \u20ac<\/b> \u2714\ufe0f\ud83d\udfe1<\/p>\n<p>\u274c Antes 11.95 \u20ac<\/p>\n<p>\ud83d\uded2: <a href=\"https:\/\/btz.es\/4WQrg1a\" target=\"_blank\" rel=\"nofollow noopener\">https:\/\/btz.es\/4WQrg1a<\/a><\/p>\n<p>Auriculares inal\u00e1mbricos de alta calidad de la reconocida marca Sony, dise\u00f1ados para ofrecer una experiencia auditiva excepcional sin cables que molesten. Estos auriculares ofrecen conectividad Bluetooth avanzada para una conexi\u00f3n r\u00e1pida y estable con tus dispositivos, ya sea tu smartphone, tableta o computadora. Con un dise\u00f1o ergon\u00f3mico y c\u00f3modo, son perfectos para usar durante largas sesiones, ya sea para escuchar m\u00fasica, realizar llamadas o disfrutar de tus podcasts favoritos. Incorporan tecnolog\u00eda de cancelaci\u00f3n de ruido para que disfrutes del sonido m\u00e1s puro, aisl\u00e1ndote del ruido externo y mejorando la calidad de cada nota y detalle en tus canciones. La bater\u00eda de larga duraci\u00f3n te permite disfrutar de hasta 8 horas continuas sin interrupciones, y cuentan con carga r\u00e1pida para que vuelvas a conectarte en poco tiempo. Adem\u00e1s, su resistente construcci\u00f3n y materiales duraderos aseguran una alta resistencia al desgaste diario. Los controles t\u00e1ctiles intuitivos facilitan la gesti\u00f3n de m\u00fasica y llamadas sin necesidad de sacar el m\u00f3vil, mientras que el micr\u00f3fono integrado garantiza una comunicaci\u00f3n clara y n\u00edtida. Estos auriculares son la opci\u00f3n ideal para deportistas, estudiantes, profesionales y cualquier persona que quiera libertad de movimiento sin sacrificar calidad de sonido y comodidad. Compatibles con asistentes de voz populares, podr\u00e1s controlar tu m\u00fasica y obtener informaci\u00f3n sin usar las manos. El estuche port\u00e1til no solo protege tus auriculares, sino que tambi\u00e9n ofrece cargas adicionales para prolongar su uso en d\u00edas largos fuera de casa. En definitiva, los auriculares inal\u00e1mbricos Sony combinan tecnolog\u00eda avanzada, comodidad y dise\u00f1o elegante para transformar tu experiencia auditiva y adaptarse a tu estilo de vida activo y moderno.<\/p>\n<\/p><\/div>\n","protected":false},"excerpt":{"rendered":"<p>\ud83d\udfe5 \u00a1APROVECHA! \ud83d\udfe5 #Publicidad #Amazon # \ud83d\udd34 Auriculares Inal\u00e1mbricos \u2705 AHORA 8.99\u20ac \u20ac \u2714\ufe0f\ud83d\udfe1 \u274c Antes 11.95 \u20ac \ud83d\uded2: https:\/\/btz.es\/4WQrg1a Auriculares inal\u00e1mbricos de alta calidad de la reconocida marca Sony, dise\u00f1ados para ofrecer una experiencia auditiva excepcional sin cables que molesten. Estos auriculares ofrecen conectividad Bluetooth avanzada para una conexi\u00f3n r\u00e1pida y estable con tus [&hellip;]<\/p>\n","protected":false},"featured_media":7717,"template":"","meta":{"_gspb_post_css":""},"store":[],"product_brand":[],"product_cat":[16],"product_tag":[],"class_list":{"0":"post-7718","1":"product","2":"type-product","3":"status-publish","4":"has-post-thumbnail","6":"product_cat-sin-categorizar","8":"first","9":"instock","10":"shipping-taxable","11":"product-type-external"},"jetpack_sharing_enabled":true,"_links":{"self":[{"href":"https:\/\/ofertacular.com\/index.php\/wp-json\/wp\/v2\/product\/7718","targetHints":{"allow":["GET"]}}],"collection":[{"href":"https:\/\/ofertacular.com\/index.php\/wp-json\/wp\/v2\/product"}],"about":[{"href":"https:\/\/ofertacular.com\/index.php\/wp-json\/wp\/v2\/types\/product"}],"wp:featuredmedia":[{"embeddable":true,"href":"https:\/\/ofertacular.com\/index.php\/wp-json\/wp\/v2\/media\/7717"}],"wp:attachment":[{"href":"https:\/\/ofertacular.com\/index.php\/wp-json\/wp\/v2\/media?parent=7718"}],"wp:term":[{"taxonomy":"store","embeddable":true,"href":"https:\/\/ofertacular.com\/index.php\/wp-json\/wp\/v2\/store?post=7718"},{"taxonomy":"product_brand","embeddable":true,"href":"https:\/\/ofertacular.com\/index.php\/wp-json\/wp\/v2\/product_brand?post=7718"},{"taxonomy":"product_cat","embeddable":true,"href":"https:\/\/ofertacular.com\/index.php\/wp-json\/wp\/v2\/product_cat?post=7718"},{"taxonomy":"product_tag","embeddable":true,"href":"https:\/\/ofertacular.com\/index.php\/wp-json\/wp\/v2\/product_tag?post=7718"}],"curies":[{"name":"wp","href":"https:\/\/api.w.org\/{rel}","templated":true}]}}