{"id":7722,"date":"2025-09-15T07:51:21","date_gmt":"2025-09-15T05:51:21","guid":{"rendered":"https:\/\/ofertacular.com\/index.php\/producto\/philips-alkaline-batteries\/"},"modified":"2025-09-15T07:51:21","modified_gmt":"2025-09-15T05:51:21","slug":"philips-alkaline-batteries","status":"publish","type":"product","link":"https:\/\/ofertacular.com\/index.php\/producto\/philips-alkaline-batteries\/","title":{"rendered":"Philips Alkaline Batteries"},"content":{"rendered":"<div class=\"oferta-container\">\n<p>\ud83d\udfe5 <b>EXCLUSIVO<\/b> \ud83d\udfe5 #Publicidad #Amazon #16<\/p>\n<p>\ud83d\udd34 <b>Pilas Alcalinas <\/b><\/p>\n<p>\u2705 <b>AHORA 9.6 \u20ac<\/b> \u2714\ufe0f\ud83d\udfe1<\/p>\n<p>\u274c Antes 10.93 \u20ac<\/p>\n<p>\ud83d\uded2: <a href=\"https:\/\/btz.es\/4WQslSQ\" target=\"_blank\" rel=\"nofollow noopener\">https:\/\/btz.es\/4WQslSQ<\/a><\/p>\n<p>Descubre la potencia y duraci\u00f3n insuperable de las Pilas Alcalinas Philips, ideales para una amplia gama de dispositivos electr\u00f3nicos. Con una tecnolog\u00eda avanzada, Philips garantiza un rendimiento constante y confiable, asegurando que tus aparatos funcionen al m\u00e1ximo. Perfectas para uso diario y profesional, estas pilas alcalinas ofrecen una energ\u00eda duradera y segura. Optimiza tus dispositivos con la confianza que solo Philips puede ofrecer.<\/p>\n<\/p><\/div>\n","protected":false},"excerpt":{"rendered":"<p>\ud83d\udfe5 EXCLUSIVO \ud83d\udfe5 #Publicidad #Amazon #16 \ud83d\udd34 Pilas Alcalinas \u2705 AHORA 9.6 \u20ac \u2714\ufe0f\ud83d\udfe1 \u274c Antes 10.93 \u20ac \ud83d\uded2: https:\/\/btz.es\/4WQslSQ Descubre la potencia y duraci\u00f3n insuperable de las Pilas Alcalinas Philips, ideales para una amplia gama de dispositivos electr\u00f3nicos. Con una tecnolog\u00eda avanzada, Philips garantiza un rendimiento constante y confiable, asegurando que tus aparatos funcionen [&hellip;]<\/p>\n","protected":false},"featured_media":7721,"template":"","meta":{"_gspb_post_css":""},"store":[],"product_brand":[],"product_cat":[16],"product_tag":[],"class_list":{"0":"post-7722","1":"product","2":"type-product","3":"status-publish","4":"has-post-thumbnail","6":"product_cat-sin-categorizar","8":"first","9":"instock","10":"sale","11":"shipping-taxable","12":"product-type-external"},"jetpack_sharing_enabled":true,"_links":{"self":[{"href":"https:\/\/ofertacular.com\/index.php\/wp-json\/wp\/v2\/product\/7722","targetHints":{"allow":["GET"]}}],"collection":[{"href":"https:\/\/ofertacular.com\/index.php\/wp-json\/wp\/v2\/product"}],"about":[{"href":"https:\/\/ofertacular.com\/index.php\/wp-json\/wp\/v2\/types\/product"}],"wp:featuredmedia":[{"embeddable":true,"href":"https:\/\/ofertacular.com\/index.php\/wp-json\/wp\/v2\/media\/7721"}],"wp:attachment":[{"href":"https:\/\/ofertacular.com\/index.php\/wp-json\/wp\/v2\/media?parent=7722"}],"wp:term":[{"taxonomy":"store","embeddable":true,"href":"https:\/\/ofertacular.com\/index.php\/wp-json\/wp\/v2\/store?post=7722"},{"taxonomy":"product_brand","embeddable":true,"href":"https:\/\/ofertacular.com\/index.php\/wp-json\/wp\/v2\/product_brand?post=7722"},{"taxonomy":"product_cat","embeddable":true,"href":"https:\/\/ofertacular.com\/index.php\/wp-json\/wp\/v2\/product_cat?post=7722"},{"taxonomy":"product_tag","embeddable":true,"href":"https:\/\/ofertacular.com\/index.php\/wp-json\/wp\/v2\/product_tag?post=7722"}],"curies":[{"name":"wp","href":"https:\/\/api.w.org\/{rel}","templated":true}]}}