{"id":7726,"date":"2025-09-15T07:59:11","date_gmt":"2025-09-15T05:59:11","guid":{"rendered":"https:\/\/ofertacular.com\/index.php\/producto\/1005006748880523\/"},"modified":"2025-09-15T07:59:11","modified_gmt":"2025-09-15T05:59:11","slug":"1005006748880523","status":"publish","type":"product","link":"https:\/\/ofertacular.com\/index.php\/producto\/1005006748880523\/","title":{"rendered":"Dron E88"},"content":{"rendered":"<div class=\"oferta-container\">\n<p>\ud83d\udfe5 <b>\u00a1OFERTA ESPECIAL!<\/b> \ud83d\udfe5 #Publicidad #Amazon #<\/p>\n<p>\ud83d\udd34 <b>Dron E88 <\/b><\/p>\n<p>\u2705 <b>AHORA 14.19\u20ac \u20ac<\/b> \u2714\ufe0f\ud83d\udfe1<\/p>\n<p>\u274c Antes 35.04 \u20ac<\/p>\n<p>\ud83d\uded2: <a href=\"https:\/\/btz.es\/4WQukno\" target=\"_blank\" rel=\"nofollow noopener\">https:\/\/btz.es\/4WQukno<\/a><\/p>\n<p>Descubre el Dron E88, un dispositivo tecnol\u00f3gico de \u00faltima generaci\u00f3n dise\u00f1ado para ofrecer una experiencia de vuelo inigualable tanto para principiantes como para profesionales. Este dron combina innovaci\u00f3n, comodidad y rendimiento excepcional, ideal para capturar im\u00e1genes a\u00e9reas impresionantes y grabaciones en alta definici\u00f3n. Su dise\u00f1o ergon\u00f3mico y materiales resistentes garantizan durabilidad y facilidad de manejo, mientras que sus m\u00faltiples funciones inteligentes, como el control de altura, seguimiento autom\u00e1tico y retorno a casa, facilitan un vuelo seguro y entretenido. Equipado con una c\u00e1mara de alta resoluci\u00f3n, el Dron E88 permite capturar fotograf\u00edas y videos detallados desde perspectivas \u00fanicas, perfectas para proyectos creativos, cine amateur o simplemente para explorar nuevos horizontes desde el aire. Adem\u00e1s, su bater\u00eda de larga duraci\u00f3n asegura sesiones extendidas, y su sistema de estabilidad avanzado proporciona un vuelo suave en diferentes condiciones clim\u00e1ticas. Con su tecnolog\u00eda de comunicaci\u00f3n avanzada, el Dron E88 ofrece un control preciso y una conexi\u00f3n estable para una experiencia de pilotaje totalmente inmersiva. Este equipo es una opci\u00f3n excepcional para entusiastas de la fotograf\u00eda, videograf\u00eda y amantes de la tecnolog\u00eda que buscan calidad, innovaci\u00f3n y fiabilidad en un solo dispositivo. No dejes pasar la oportunidad de elevar tu creatividad con el Dron E88, el complemento perfecto para tus aventuras a\u00e9reas y momentos inolvidables.<\/p>\n<\/p><\/div>\n","protected":false},"excerpt":{"rendered":"<p>\ud83d\udfe5 \u00a1OFERTA ESPECIAL! \ud83d\udfe5 #Publicidad #Amazon # \ud83d\udd34 Dron E88 \u2705 AHORA 14.19\u20ac \u20ac \u2714\ufe0f\ud83d\udfe1 \u274c Antes 35.04 \u20ac \ud83d\uded2: https:\/\/btz.es\/4WQukno Descubre el Dron E88, un dispositivo tecnol\u00f3gico de \u00faltima generaci\u00f3n dise\u00f1ado para ofrecer una experiencia de vuelo inigualable tanto para principiantes como para profesionales. Este dron combina innovaci\u00f3n, comodidad y rendimiento excepcional, ideal para [&hellip;]<\/p>\n","protected":false},"featured_media":7725,"template":"","meta":{"_gspb_post_css":""},"store":[],"product_brand":[],"product_cat":[16],"product_tag":[],"class_list":{"0":"post-7726","1":"product","2":"type-product","3":"status-publish","4":"has-post-thumbnail","6":"product_cat-sin-categorizar","8":"first","9":"instock","10":"shipping-taxable","11":"product-type-external"},"jetpack_sharing_enabled":true,"_links":{"self":[{"href":"https:\/\/ofertacular.com\/index.php\/wp-json\/wp\/v2\/product\/7726","targetHints":{"allow":["GET"]}}],"collection":[{"href":"https:\/\/ofertacular.com\/index.php\/wp-json\/wp\/v2\/product"}],"about":[{"href":"https:\/\/ofertacular.com\/index.php\/wp-json\/wp\/v2\/types\/product"}],"wp:featuredmedia":[{"embeddable":true,"href":"https:\/\/ofertacular.com\/index.php\/wp-json\/wp\/v2\/media\/7725"}],"wp:attachment":[{"href":"https:\/\/ofertacular.com\/index.php\/wp-json\/wp\/v2\/media?parent=7726"}],"wp:term":[{"taxonomy":"store","embeddable":true,"href":"https:\/\/ofertacular.com\/index.php\/wp-json\/wp\/v2\/store?post=7726"},{"taxonomy":"product_brand","embeddable":true,"href":"https:\/\/ofertacular.com\/index.php\/wp-json\/wp\/v2\/product_brand?post=7726"},{"taxonomy":"product_cat","embeddable":true,"href":"https:\/\/ofertacular.com\/index.php\/wp-json\/wp\/v2\/product_cat?post=7726"},{"taxonomy":"product_tag","embeddable":true,"href":"https:\/\/ofertacular.com\/index.php\/wp-json\/wp\/v2\/product_tag?post=7726"}],"curies":[{"name":"wp","href":"https:\/\/api.w.org\/{rel}","templated":true}]}}