{"id":7736,"date":"2025-09-15T08:27:09","date_gmt":"2025-09-15T06:27:09","guid":{"rendered":"https:\/\/ofertacular.com\/index.php\/producto\/adidas-football\/"},"modified":"2025-09-15T08:27:09","modified_gmt":"2025-09-15T06:27:09","slug":"adidas-football","status":"publish","type":"product","link":"https:\/\/ofertacular.com\/index.php\/producto\/adidas-football\/","title":{"rendered":"adidas Football"},"content":{"rendered":"<div class=\"oferta-container\">\n<p>\ud83d\udfe5 <b>\u00a1DESCUENTO \u00daNICO!<\/b> \ud83d\udfe5 #Publicidad #Amazon #16<\/p>\n<p>\ud83d\udd34 <b>Bal\u00f3n F\u00fatbol <\/b><\/p>\n<p>\u2705 <b>AHORA 36.49 \u20ac<\/b> \u2714\ufe0f\ud83d\udfe1<\/p>\n<p>\u274c Antes 60.00 \u20ac<\/p>\n<p>\ud83d\uded2: <a href=\"https:\/\/btz.es\/4WQ1mS4\" target=\"_blank\" rel=\"nofollow noopener\">https:\/\/btz.es\/4WQ1mS4<\/a><\/p>\n<p>Descubre el bal\u00f3n de f\u00fatbol Adidas, dise\u00f1ado para ofrecer la m\u00e1xima precisi\u00f3n y durabilidad en cada partido. Perfecto para entrenamientos y competencias, este bal\u00f3n combina tecnolog\u00eda avanzada con materiales de alta calidad, garantizando un rendimiento superior en cualquier tipo de terreno. Ideal para jugadores que buscan mejorar su juego con un equipamiento profesional y confiable.<\/p>\n<\/p><\/div>\n","protected":false},"excerpt":{"rendered":"<p>\ud83d\udfe5 \u00a1DESCUENTO \u00daNICO! \ud83d\udfe5 #Publicidad #Amazon #16 \ud83d\udd34 Bal\u00f3n F\u00fatbol \u2705 AHORA 36.49 \u20ac \u2714\ufe0f\ud83d\udfe1 \u274c Antes 60.00 \u20ac \ud83d\uded2: https:\/\/btz.es\/4WQ1mS4 Descubre el bal\u00f3n de f\u00fatbol Adidas, dise\u00f1ado para ofrecer la m\u00e1xima precisi\u00f3n y durabilidad en cada partido. Perfecto para entrenamientos y competencias, este bal\u00f3n combina tecnolog\u00eda avanzada con materiales de alta calidad, garantizando un [&hellip;]<\/p>\n","protected":false},"featured_media":7735,"template":"","meta":{"_gspb_post_css":""},"store":[],"product_brand":[],"product_cat":[16],"product_tag":[],"class_list":{"0":"post-7736","1":"product","2":"type-product","3":"status-publish","4":"has-post-thumbnail","6":"product_cat-sin-categorizar","8":"first","9":"instock","10":"sale","11":"shipping-taxable","12":"product-type-external"},"jetpack_sharing_enabled":true,"_links":{"self":[{"href":"https:\/\/ofertacular.com\/index.php\/wp-json\/wp\/v2\/product\/7736","targetHints":{"allow":["GET"]}}],"collection":[{"href":"https:\/\/ofertacular.com\/index.php\/wp-json\/wp\/v2\/product"}],"about":[{"href":"https:\/\/ofertacular.com\/index.php\/wp-json\/wp\/v2\/types\/product"}],"wp:featuredmedia":[{"embeddable":true,"href":"https:\/\/ofertacular.com\/index.php\/wp-json\/wp\/v2\/media\/7735"}],"wp:attachment":[{"href":"https:\/\/ofertacular.com\/index.php\/wp-json\/wp\/v2\/media?parent=7736"}],"wp:term":[{"taxonomy":"store","embeddable":true,"href":"https:\/\/ofertacular.com\/index.php\/wp-json\/wp\/v2\/store?post=7736"},{"taxonomy":"product_brand","embeddable":true,"href":"https:\/\/ofertacular.com\/index.php\/wp-json\/wp\/v2\/product_brand?post=7736"},{"taxonomy":"product_cat","embeddable":true,"href":"https:\/\/ofertacular.com\/index.php\/wp-json\/wp\/v2\/product_cat?post=7736"},{"taxonomy":"product_tag","embeddable":true,"href":"https:\/\/ofertacular.com\/index.php\/wp-json\/wp\/v2\/product_tag?post=7736"}],"curies":[{"name":"wp","href":"https:\/\/api.w.org\/{rel}","templated":true}]}}