{"id":7740,"date":"2025-09-15T10:12:30","date_gmt":"2025-09-15T08:12:30","guid":{"rendered":"https:\/\/ofertacular.com\/index.php\/producto\/elasticas-musculacion\/"},"modified":"2025-09-15T10:12:30","modified_gmt":"2025-09-15T08:12:30","slug":"elasticas-musculacion","status":"publish","type":"product","link":"https:\/\/ofertacular.com\/index.php\/producto\/elasticas-musculacion\/","title":{"rendered":"Elasticas Musculacion"},"content":{"rendered":"<div class=\"oferta-container\">\n<p>\ud83d\udfe5 <b>DESCUENTO<\/b> \ud83d\udfe5 #Publicidad #Amazon #16<\/p>\n<p>\ud83d\udd34 <b>El\u00e1sticas Musculaci\u00f3n <\/b><\/p>\n<p>\u2705 <b>AHORA 6.67 \u20ac<\/b> \u2714\ufe0f\ud83d\udfe1<\/p>\n<p>\u274c Antes 9.95 \u20ac<\/p>\n<p>\ud83d\uded2: <a href=\"https:\/\/btz.es\/4WQRJgH\" target=\"_blank\" rel=\"nofollow noopener\">https:\/\/btz.es\/4WQRJgH<\/a><\/p>\n<p>Compra las mejores el\u00e1sticas de musculaci\u00f3n dise\u00f1adas para potenciar tu entrenamiento en casa o en el gimnasio. Nuestras bandas de resistencia son ideales para tonificar, fortalecer y mejorar tu flexibilidad, adapt\u00e1ndose a todos los niveles de fitness. Disfruta de materiales duraderos y un uso vers\u00e1til que te permite realizar una amplia variedad de ejercicios. Mejora tu rutina de ejercicios con nuestras el\u00e1sticas de musculaci\u00f3n de alta calidad, perfectas para potenciar tus resultados de manera efectiva y segura.<\/p>\n<\/p><\/div>\n","protected":false},"excerpt":{"rendered":"<p>\ud83d\udfe5 DESCUENTO \ud83d\udfe5 #Publicidad #Amazon #16 \ud83d\udd34 El\u00e1sticas Musculaci\u00f3n \u2705 AHORA 6.67 \u20ac \u2714\ufe0f\ud83d\udfe1 \u274c Antes 9.95 \u20ac \ud83d\uded2: https:\/\/btz.es\/4WQRJgH Compra las mejores el\u00e1sticas de musculaci\u00f3n dise\u00f1adas para potenciar tu entrenamiento en casa o en el gimnasio. Nuestras bandas de resistencia son ideales para tonificar, fortalecer y mejorar tu flexibilidad, adapt\u00e1ndose a todos los niveles [&hellip;]<\/p>\n","protected":false},"featured_media":7739,"template":"","meta":{"_gspb_post_css":""},"store":[],"product_brand":[],"product_cat":[16],"product_tag":[],"class_list":{"0":"post-7740","1":"product","2":"type-product","3":"status-publish","4":"has-post-thumbnail","6":"product_cat-sin-categorizar","8":"first","9":"instock","10":"sale","11":"shipping-taxable","12":"product-type-external"},"jetpack_sharing_enabled":true,"_links":{"self":[{"href":"https:\/\/ofertacular.com\/index.php\/wp-json\/wp\/v2\/product\/7740","targetHints":{"allow":["GET"]}}],"collection":[{"href":"https:\/\/ofertacular.com\/index.php\/wp-json\/wp\/v2\/product"}],"about":[{"href":"https:\/\/ofertacular.com\/index.php\/wp-json\/wp\/v2\/types\/product"}],"wp:featuredmedia":[{"embeddable":true,"href":"https:\/\/ofertacular.com\/index.php\/wp-json\/wp\/v2\/media\/7739"}],"wp:attachment":[{"href":"https:\/\/ofertacular.com\/index.php\/wp-json\/wp\/v2\/media?parent=7740"}],"wp:term":[{"taxonomy":"store","embeddable":true,"href":"https:\/\/ofertacular.com\/index.php\/wp-json\/wp\/v2\/store?post=7740"},{"taxonomy":"product_brand","embeddable":true,"href":"https:\/\/ofertacular.com\/index.php\/wp-json\/wp\/v2\/product_brand?post=7740"},{"taxonomy":"product_cat","embeddable":true,"href":"https:\/\/ofertacular.com\/index.php\/wp-json\/wp\/v2\/product_cat?post=7740"},{"taxonomy":"product_tag","embeddable":true,"href":"https:\/\/ofertacular.com\/index.php\/wp-json\/wp\/v2\/product_tag?post=7740"}],"curies":[{"name":"wp","href":"https:\/\/api.w.org\/{rel}","templated":true}]}}