{"id":7744,"date":"2025-09-15T12:49:26","date_gmt":"2025-09-15T10:49:26","guid":{"rendered":"https:\/\/ofertacular.com\/index.php\/producto\/cepillo-electrico-2\/"},"modified":"2025-09-15T12:49:26","modified_gmt":"2025-09-15T10:49:26","slug":"cepillo-electrico-2","status":"publish","type":"product","link":"https:\/\/ofertacular.com\/index.php\/producto\/cepillo-electrico-2\/","title":{"rendered":"Cepillo El\u00e9ctrico"},"content":{"rendered":"<div class=\"oferta-container\">\n<p>\ud83d\udfe5 <b>\u00a1OFERTA ESPECIAL!<\/b> \ud83d\udfe5 #Publicidad #Amazon #16<\/p>\n<p>\ud83d\udd34 <b>Cepillo El\u00e9ctrico <\/b><\/p>\n<p>\u2705 <b>AHORA 21.24 \u20ac<\/b> \u2714\ufe0f\ud83d\udfe1<\/p>\n<p>\u274c Antes 24.99 \u20ac<\/p>\n<p>\ud83d\uded2: <a href=\"https:\/\/btz.es\/4WR5o18\" target=\"_blank\" rel=\"nofollow noopener\">https:\/\/btz.es\/4WR5o18<\/a><\/p>\n<p>Descubre la eficacia y comodidad del Cepillo El\u00e9ctrico Oral-B, dise\u00f1ado para ofrecer una limpieza dental profunda y mejorar la salud bucal. Este cepillo combina tecnolog\u00eda avanzada con un dise\u00f1o ergon\u00f3mico para eliminar la placa y brindar una sonrisa radiante. Ideal para uso diario, su bater\u00eda de larga duraci\u00f3n y modos personalizados garantizan una experiencia de cepillado superior. Mejora tu rutina oral con Oral-B, l\u00edder en cuidado dental a nivel mundial.<\/p>\n<\/p><\/div>\n","protected":false},"excerpt":{"rendered":"<p>\ud83d\udfe5 \u00a1OFERTA ESPECIAL! \ud83d\udfe5 #Publicidad #Amazon #16 \ud83d\udd34 Cepillo El\u00e9ctrico \u2705 AHORA 21.24 \u20ac \u2714\ufe0f\ud83d\udfe1 \u274c Antes 24.99 \u20ac \ud83d\uded2: https:\/\/btz.es\/4WR5o18 Descubre la eficacia y comodidad del Cepillo El\u00e9ctrico Oral-B, dise\u00f1ado para ofrecer una limpieza dental profunda y mejorar la salud bucal. Este cepillo combina tecnolog\u00eda avanzada con un dise\u00f1o ergon\u00f3mico para eliminar la placa [&hellip;]<\/p>\n","protected":false},"featured_media":7743,"template":"","meta":{"_gspb_post_css":""},"store":[],"product_brand":[],"product_cat":[16],"product_tag":[],"class_list":{"0":"post-7744","1":"product","2":"type-product","3":"status-publish","4":"has-post-thumbnail","6":"product_cat-sin-categorizar","8":"first","9":"instock","10":"sale","11":"shipping-taxable","12":"product-type-external"},"jetpack_sharing_enabled":true,"_links":{"self":[{"href":"https:\/\/ofertacular.com\/index.php\/wp-json\/wp\/v2\/product\/7744","targetHints":{"allow":["GET"]}}],"collection":[{"href":"https:\/\/ofertacular.com\/index.php\/wp-json\/wp\/v2\/product"}],"about":[{"href":"https:\/\/ofertacular.com\/index.php\/wp-json\/wp\/v2\/types\/product"}],"wp:featuredmedia":[{"embeddable":true,"href":"https:\/\/ofertacular.com\/index.php\/wp-json\/wp\/v2\/media\/7743"}],"wp:attachment":[{"href":"https:\/\/ofertacular.com\/index.php\/wp-json\/wp\/v2\/media?parent=7744"}],"wp:term":[{"taxonomy":"store","embeddable":true,"href":"https:\/\/ofertacular.com\/index.php\/wp-json\/wp\/v2\/store?post=7744"},{"taxonomy":"product_brand","embeddable":true,"href":"https:\/\/ofertacular.com\/index.php\/wp-json\/wp\/v2\/product_brand?post=7744"},{"taxonomy":"product_cat","embeddable":true,"href":"https:\/\/ofertacular.com\/index.php\/wp-json\/wp\/v2\/product_cat?post=7744"},{"taxonomy":"product_tag","embeddable":true,"href":"https:\/\/ofertacular.com\/index.php\/wp-json\/wp\/v2\/product_tag?post=7744"}],"curies":[{"name":"wp","href":"https:\/\/api.w.org\/{rel}","templated":true}]}}