{"id":7808,"date":"2025-09-18T10:07:48","date_gmt":"2025-09-18T08:07:48","guid":{"rendered":"https:\/\/ofertacular.com\/index.php\/producto\/charged-surge-7\/"},"modified":"2025-09-18T10:07:48","modified_gmt":"2025-09-18T08:07:48","slug":"charged-surge-7","status":"publish","type":"product","link":"https:\/\/ofertacular.com\/index.php\/producto\/charged-surge-7\/","title":{"rendered":"Charged Surge"},"content":{"rendered":"<div class=\"oferta-container\">\n<p>\ud83d\udfe5 <b>\u00a1OFERTA ESPECIAL!<\/b> \ud83d\udfe5 #Publicidad #Amazon #16<\/p>\n<p>\ud83d\udd34 <b>Bebida Energ\u00e9tica <\/b><\/p>\n<p>\u2705 <b>AHORA 39.99 \u20ac<\/b> \u2714\ufe0f\ud83d\udfe1<\/p>\n<p>\u274c Antes 60.00 \u20ac<\/p>\n<p>\ud83d\uded2: <a href=\"https:\/\/btz.es\/4Xiyh3S\" target=\"_blank\" rel=\"nofollow noopener\">https:\/\/btz.es\/4Xiyh3S<\/a><\/p>\n<p>Disfruta de un impulso de energ\u00eda con Charged Surge, la bebida energ\u00e9tica que combina sabor refrescante y potencia para mantenerte activo y concentrado durante todo el d\u00eda. Ideal para quienes necesitan un extra de energ\u00eda en su rutina diaria o durante actividades f\u00edsicas intensas. Optimizada para un rendimiento m\u00e1ximo y dise\u00f1ada para mantenerte en movimiento.<\/p>\n<\/p><\/div>\n","protected":false},"excerpt":{"rendered":"<p>\ud83d\udfe5 \u00a1OFERTA ESPECIAL! \ud83d\udfe5 #Publicidad #Amazon #16 \ud83d\udd34 Bebida Energ\u00e9tica \u2705 AHORA 39.99 \u20ac \u2714\ufe0f\ud83d\udfe1 \u274c Antes 60.00 \u20ac \ud83d\uded2: https:\/\/btz.es\/4Xiyh3S Disfruta de un impulso de energ\u00eda con Charged Surge, la bebida energ\u00e9tica que combina sabor refrescante y potencia para mantenerte activo y concentrado durante todo el d\u00eda. Ideal para quienes necesitan un extra de [&hellip;]<\/p>\n","protected":false},"featured_media":7807,"template":"","meta":{"_gspb_post_css":""},"store":[],"product_brand":[],"product_cat":[16],"product_tag":[],"class_list":{"0":"post-7808","1":"product","2":"type-product","3":"status-publish","4":"has-post-thumbnail","6":"product_cat-sin-categorizar","8":"first","9":"instock","10":"sale","11":"shipping-taxable","12":"product-type-external"},"jetpack_sharing_enabled":true,"_links":{"self":[{"href":"https:\/\/ofertacular.com\/index.php\/wp-json\/wp\/v2\/product\/7808","targetHints":{"allow":["GET"]}}],"collection":[{"href":"https:\/\/ofertacular.com\/index.php\/wp-json\/wp\/v2\/product"}],"about":[{"href":"https:\/\/ofertacular.com\/index.php\/wp-json\/wp\/v2\/types\/product"}],"wp:featuredmedia":[{"embeddable":true,"href":"https:\/\/ofertacular.com\/index.php\/wp-json\/wp\/v2\/media\/7807"}],"wp:attachment":[{"href":"https:\/\/ofertacular.com\/index.php\/wp-json\/wp\/v2\/media?parent=7808"}],"wp:term":[{"taxonomy":"store","embeddable":true,"href":"https:\/\/ofertacular.com\/index.php\/wp-json\/wp\/v2\/store?post=7808"},{"taxonomy":"product_brand","embeddable":true,"href":"https:\/\/ofertacular.com\/index.php\/wp-json\/wp\/v2\/product_brand?post=7808"},{"taxonomy":"product_cat","embeddable":true,"href":"https:\/\/ofertacular.com\/index.php\/wp-json\/wp\/v2\/product_cat?post=7808"},{"taxonomy":"product_tag","embeddable":true,"href":"https:\/\/ofertacular.com\/index.php\/wp-json\/wp\/v2\/product_tag?post=7808"}],"curies":[{"name":"wp","href":"https:\/\/api.w.org\/{rel}","templated":true}]}}