{"id":7816,"date":"2025-09-18T10:33:37","date_gmt":"2025-09-18T08:33:37","guid":{"rendered":"https:\/\/ofertacular.com\/index.php\/producto\/mercusys-mesh\/"},"modified":"2025-09-18T10:33:37","modified_gmt":"2025-09-18T08:33:37","slug":"mercusys-mesh","status":"publish","type":"product","link":"https:\/\/ofertacular.com\/index.php\/producto\/mercusys-mesh\/","title":{"rendered":"Mercusys Mesh"},"content":{"rendered":"<div class=\"oferta-container\">\n<p>\ud83d\udfe5 <b>AHORRA AQU\u00cd<\/b> \ud83d\udfe5 #Publicidad #Amazon #16<\/p>\n<p>\ud83d\udd34 <b>Mesh Router <\/b><\/p>\n<p>\u2705 <b>AHORA 84.99 \u20ac<\/b> \u2714\ufe0f\ud83d\udfe1<\/p>\n<p>\u274c Antes 129.99 \u20ac<\/p>\n<p>\ud83d\uded2: <a href=\"https:\/\/btz.es\/4Xi4C0C\" target=\"_blank\" rel=\"nofollow noopener\">https:\/\/btz.es\/4Xi4C0C<\/a><\/p>\n<p>Descubre el rendimiento superior y la cobertura inigualable del router Mesh Mercusys. Dise\u00f1ado para ofrecer una se\u00f1al WiFi fuerte y estable en cada rinc\u00f3n de tu hogar u oficina, este sistema de red en malla garantiza una conexi\u00f3n sin interrupciones y una f\u00e1cil configuraci\u00f3n. Optimizado para una experiencia online fluida, es la soluci\u00f3n perfecta para streaming, gaming y trabajo remoto. Mejora tu red con Mercusys y disfruta de la mejor conectividad en todo momento.<\/p>\n<\/p><\/div>\n","protected":false},"excerpt":{"rendered":"<p>\ud83d\udfe5 AHORRA AQU\u00cd \ud83d\udfe5 #Publicidad #Amazon #16 \ud83d\udd34 Mesh Router \u2705 AHORA 84.99 \u20ac \u2714\ufe0f\ud83d\udfe1 \u274c Antes 129.99 \u20ac \ud83d\uded2: https:\/\/btz.es\/4Xi4C0C Descubre el rendimiento superior y la cobertura inigualable del router Mesh Mercusys. Dise\u00f1ado para ofrecer una se\u00f1al WiFi fuerte y estable en cada rinc\u00f3n de tu hogar u oficina, este sistema de red en [&hellip;]<\/p>\n","protected":false},"featured_media":7815,"template":"","meta":{"_gspb_post_css":""},"store":[],"product_brand":[],"product_cat":[16],"product_tag":[],"class_list":{"0":"post-7816","1":"product","2":"type-product","3":"status-publish","4":"has-post-thumbnail","6":"product_cat-sin-categorizar","8":"first","9":"instock","10":"sale","11":"shipping-taxable","12":"product-type-external"},"jetpack_sharing_enabled":true,"_links":{"self":[{"href":"https:\/\/ofertacular.com\/index.php\/wp-json\/wp\/v2\/product\/7816","targetHints":{"allow":["GET"]}}],"collection":[{"href":"https:\/\/ofertacular.com\/index.php\/wp-json\/wp\/v2\/product"}],"about":[{"href":"https:\/\/ofertacular.com\/index.php\/wp-json\/wp\/v2\/types\/product"}],"wp:featuredmedia":[{"embeddable":true,"href":"https:\/\/ofertacular.com\/index.php\/wp-json\/wp\/v2\/media\/7815"}],"wp:attachment":[{"href":"https:\/\/ofertacular.com\/index.php\/wp-json\/wp\/v2\/media?parent=7816"}],"wp:term":[{"taxonomy":"store","embeddable":true,"href":"https:\/\/ofertacular.com\/index.php\/wp-json\/wp\/v2\/store?post=7816"},{"taxonomy":"product_brand","embeddable":true,"href":"https:\/\/ofertacular.com\/index.php\/wp-json\/wp\/v2\/product_brand?post=7816"},{"taxonomy":"product_cat","embeddable":true,"href":"https:\/\/ofertacular.com\/index.php\/wp-json\/wp\/v2\/product_cat?post=7816"},{"taxonomy":"product_tag","embeddable":true,"href":"https:\/\/ofertacular.com\/index.php\/wp-json\/wp\/v2\/product_tag?post=7816"}],"curies":[{"name":"wp","href":"https:\/\/api.w.org\/{rel}","templated":true}]}}