{"id":7833,"date":"2025-09-18T19:03:01","date_gmt":"2025-09-18T17:03:01","guid":{"rendered":"https:\/\/ofertacular.com\/index.php\/producto\/adidas-shoes-13\/"},"modified":"2025-09-18T19:03:01","modified_gmt":"2025-09-18T17:03:01","slug":"adidas-shoes-13","status":"publish","type":"product","link":"https:\/\/ofertacular.com\/index.php\/producto\/adidas-shoes-13\/","title":{"rendered":"adidas Shoes"},"content":{"rendered":"<div class=\"oferta-container\">\n<p>\ud83d\udfe5 <b>GRAN OFERTA<\/b> \ud83d\udfe5 #Publicidad #Amazon #16<\/p>\n<p>\ud83d\udd34 <b>Zapatillas Adidas <\/b><\/p>\n<p>\u2705 <b>AHORA 31.99 \u20ac<\/b> \u2714\ufe0f\ud83d\udfe1<\/p>\n<p>\u274c Antes 55.00 \u20ac<\/p>\n<p>\ud83d\uded2: <a href=\"https:\/\/btz.es\/4Xk8QF6\" target=\"_blank\" rel=\"nofollow noopener\">https:\/\/btz.es\/4Xk8QF6<\/a><\/p>\n<p>Descubre las Zapatillas Adidas, dise\u00f1adas para brindar m\u00e1ximo confort y rendimiento. Perfectas para actividades deportivas y uso diario, combinan estilo moderno con tecnolog\u00eda avanzada para mejorar tu experiencia deportiva. Aprovecha la calidad y durabilidad que solo Adidas ofrece, junto con un dise\u00f1o que marca tendencias. Encuentra el par ideal que potencia tu rendimiento y estilo.<\/p>\n<\/p><\/div>\n","protected":false},"excerpt":{"rendered":"<p>\ud83d\udfe5 GRAN OFERTA \ud83d\udfe5 #Publicidad #Amazon #16 \ud83d\udd34 Zapatillas Adidas \u2705 AHORA 31.99 \u20ac \u2714\ufe0f\ud83d\udfe1 \u274c Antes 55.00 \u20ac \ud83d\uded2: https:\/\/btz.es\/4Xk8QF6 Descubre las Zapatillas Adidas, dise\u00f1adas para brindar m\u00e1ximo confort y rendimiento. Perfectas para actividades deportivas y uso diario, combinan estilo moderno con tecnolog\u00eda avanzada para mejorar tu experiencia deportiva. Aprovecha la calidad y durabilidad [&hellip;]<\/p>\n","protected":false},"featured_media":7832,"template":"","meta":{"_gspb_post_css":""},"store":[],"product_brand":[],"product_cat":[16],"product_tag":[],"class_list":{"0":"post-7833","1":"product","2":"type-product","3":"status-publish","4":"has-post-thumbnail","6":"product_cat-sin-categorizar","8":"first","9":"instock","10":"sale","11":"shipping-taxable","12":"product-type-external"},"jetpack_sharing_enabled":true,"_links":{"self":[{"href":"https:\/\/ofertacular.com\/index.php\/wp-json\/wp\/v2\/product\/7833","targetHints":{"allow":["GET"]}}],"collection":[{"href":"https:\/\/ofertacular.com\/index.php\/wp-json\/wp\/v2\/product"}],"about":[{"href":"https:\/\/ofertacular.com\/index.php\/wp-json\/wp\/v2\/types\/product"}],"wp:featuredmedia":[{"embeddable":true,"href":"https:\/\/ofertacular.com\/index.php\/wp-json\/wp\/v2\/media\/7832"}],"wp:attachment":[{"href":"https:\/\/ofertacular.com\/index.php\/wp-json\/wp\/v2\/media?parent=7833"}],"wp:term":[{"taxonomy":"store","embeddable":true,"href":"https:\/\/ofertacular.com\/index.php\/wp-json\/wp\/v2\/store?post=7833"},{"taxonomy":"product_brand","embeddable":true,"href":"https:\/\/ofertacular.com\/index.php\/wp-json\/wp\/v2\/product_brand?post=7833"},{"taxonomy":"product_cat","embeddable":true,"href":"https:\/\/ofertacular.com\/index.php\/wp-json\/wp\/v2\/product_cat?post=7833"},{"taxonomy":"product_tag","embeddable":true,"href":"https:\/\/ofertacular.com\/index.php\/wp-json\/wp\/v2\/product_tag?post=7833"}],"curies":[{"name":"wp","href":"https:\/\/api.w.org\/{rel}","templated":true}]}}