{"id":7882,"date":"2025-09-22T08:16:41","date_gmt":"2025-09-22T06:16:41","guid":{"rendered":"https:\/\/ofertacular.com\/index.php\/producto\/nike-revolution-8\/"},"modified":"2025-09-22T08:16:41","modified_gmt":"2025-09-22T06:16:41","slug":"nike-revolution-8","status":"publish","type":"product","link":"https:\/\/ofertacular.com\/index.php\/producto\/nike-revolution-8\/","title":{"rendered":"Nike Revolution"},"content":{"rendered":"<div class=\"oferta-container\">\n<p>\ud83d\udfe5 <b>\u00a1OFERTA ESPECIAL!<\/b> \ud83d\udfe5 #Publicidad #Amazon #16<\/p>\n<p>\ud83d\udd34 <b>Zapatillas Nike <\/b><\/p>\n<p>\u2705 <b>AHORA 45.45 \u20ac<\/b> \u2714\ufe0f\ud83d\udfe1<\/p>\n<p>\u274c Antes 64.99 \u20ac<\/p>\n<p>\ud83d\uded2: <a href=\"https:\/\/btz.es\/4X5upo7\" target=\"_blank\" rel=\"nofollow noopener\">https:\/\/btz.es\/4X5upo7<\/a><\/p>\n<p>Descubre la comodidad y estilo inigualables de las Zapatillas Nike Revolution, dise\u00f1adas para ofrecer un rendimiento \u00f3ptimo en tus entrenamientos diarios. Con tecnolog\u00eda avanzada y un dise\u00f1o moderno, estas zapatillas son perfectas para corredores y deportistas que buscan calidad y durabilidad. Mejora tu experiencia deportiva con las Revolution de Nike, una combinaci\u00f3n perfecta de confort y funcionalidad.<\/p>\n<\/p><\/div>\n","protected":false},"excerpt":{"rendered":"<p>\ud83d\udfe5 \u00a1OFERTA ESPECIAL! \ud83d\udfe5 #Publicidad #Amazon #16 \ud83d\udd34 Zapatillas Nike \u2705 AHORA 45.45 \u20ac \u2714\ufe0f\ud83d\udfe1 \u274c Antes 64.99 \u20ac \ud83d\uded2: https:\/\/btz.es\/4X5upo7 Descubre la comodidad y estilo inigualables de las Zapatillas Nike Revolution, dise\u00f1adas para ofrecer un rendimiento \u00f3ptimo en tus entrenamientos diarios. Con tecnolog\u00eda avanzada y un dise\u00f1o moderno, estas zapatillas son perfectas para corredores [&hellip;]<\/p>\n","protected":false},"featured_media":7881,"template":"","meta":{"_gspb_post_css":""},"store":[],"product_brand":[],"product_cat":[16],"product_tag":[],"class_list":{"0":"post-7882","1":"product","2":"type-product","3":"status-publish","4":"has-post-thumbnail","6":"product_cat-sin-categorizar","8":"first","9":"instock","10":"sale","11":"shipping-taxable","12":"product-type-external"},"jetpack_sharing_enabled":true,"_links":{"self":[{"href":"https:\/\/ofertacular.com\/index.php\/wp-json\/wp\/v2\/product\/7882","targetHints":{"allow":["GET"]}}],"collection":[{"href":"https:\/\/ofertacular.com\/index.php\/wp-json\/wp\/v2\/product"}],"about":[{"href":"https:\/\/ofertacular.com\/index.php\/wp-json\/wp\/v2\/types\/product"}],"wp:featuredmedia":[{"embeddable":true,"href":"https:\/\/ofertacular.com\/index.php\/wp-json\/wp\/v2\/media\/7881"}],"wp:attachment":[{"href":"https:\/\/ofertacular.com\/index.php\/wp-json\/wp\/v2\/media?parent=7882"}],"wp:term":[{"taxonomy":"store","embeddable":true,"href":"https:\/\/ofertacular.com\/index.php\/wp-json\/wp\/v2\/store?post=7882"},{"taxonomy":"product_brand","embeddable":true,"href":"https:\/\/ofertacular.com\/index.php\/wp-json\/wp\/v2\/product_brand?post=7882"},{"taxonomy":"product_cat","embeddable":true,"href":"https:\/\/ofertacular.com\/index.php\/wp-json\/wp\/v2\/product_cat?post=7882"},{"taxonomy":"product_tag","embeddable":true,"href":"https:\/\/ofertacular.com\/index.php\/wp-json\/wp\/v2\/product_tag?post=7882"}],"curies":[{"name":"wp","href":"https:\/\/api.w.org\/{rel}","templated":true}]}}