{"id":7884,"date":"2025-09-22T08:21:39","date_gmt":"2025-09-22T06:21:39","guid":{"rendered":"https:\/\/ofertacular.com\/index.php\/producto\/espresso-machine\/"},"modified":"2025-09-22T08:21:39","modified_gmt":"2025-09-22T06:21:39","slug":"espresso-machine","status":"publish","type":"product","link":"https:\/\/ofertacular.com\/index.php\/producto\/espresso-machine\/","title":{"rendered":"Espresso Machine"},"content":{"rendered":"<div class=\"oferta-container\">\n<p>\ud83d\udfe5 <b>DESCUENTAZO<\/b> \ud83d\udfe5 #Publicidad #Amazon #16<\/p>\n<p>\ud83d\udd34 <b>Cafetera Espresso <\/b><\/p>\n<p>\u2705 <b>AHORA 99.9 \u20ac<\/b> \u2714\ufe0f\ud83d\udfe1<\/p>\n<p>\u274c Antes 109.00 \u20ac<\/p>\n<p>\ud83d\uded2: <a href=\"https:\/\/btz.es\/4X5v4LK\" target=\"_blank\" rel=\"nofollow noopener\">https:\/\/btz.es\/4X5v4LK<\/a><\/p>\n<p>Disfruta del aut\u00e9ntico sabor italiano con nuestra Cafetera Espresso de alta calidad. Perfecta para preparar espressos intensos y cremosos en la comodidad de tu hogar o cafeter\u00eda. Su dise\u00f1o moderno y funcional garantiza una experiencia de caf\u00e9 profesional, optimizando cada extracci\u00f3n para resaltar el aroma y sabor. Ideal para los amantes del caf\u00e9 que buscan excelencia y facilidad de uso en una sola m\u00e1quina.<\/p>\n<\/p><\/div>\n","protected":false},"excerpt":{"rendered":"<p>\ud83d\udfe5 DESCUENTAZO \ud83d\udfe5 #Publicidad #Amazon #16 \ud83d\udd34 Cafetera Espresso \u2705 AHORA 99.9 \u20ac \u2714\ufe0f\ud83d\udfe1 \u274c Antes 109.00 \u20ac \ud83d\uded2: https:\/\/btz.es\/4X5v4LK Disfruta del aut\u00e9ntico sabor italiano con nuestra Cafetera Espresso de alta calidad. Perfecta para preparar espressos intensos y cremosos en la comodidad de tu hogar o cafeter\u00eda. Su dise\u00f1o moderno y funcional garantiza una experiencia [&hellip;]<\/p>\n","protected":false},"featured_media":7883,"template":"","meta":{"_gspb_post_css":""},"store":[],"product_brand":[],"product_cat":[16],"product_tag":[],"class_list":{"0":"post-7884","1":"product","2":"type-product","3":"status-publish","4":"has-post-thumbnail","6":"product_cat-sin-categorizar","8":"first","9":"instock","10":"sale","11":"shipping-taxable","12":"product-type-external"},"jetpack_sharing_enabled":true,"_links":{"self":[{"href":"https:\/\/ofertacular.com\/index.php\/wp-json\/wp\/v2\/product\/7884","targetHints":{"allow":["GET"]}}],"collection":[{"href":"https:\/\/ofertacular.com\/index.php\/wp-json\/wp\/v2\/product"}],"about":[{"href":"https:\/\/ofertacular.com\/index.php\/wp-json\/wp\/v2\/types\/product"}],"wp:featuredmedia":[{"embeddable":true,"href":"https:\/\/ofertacular.com\/index.php\/wp-json\/wp\/v2\/media\/7883"}],"wp:attachment":[{"href":"https:\/\/ofertacular.com\/index.php\/wp-json\/wp\/v2\/media?parent=7884"}],"wp:term":[{"taxonomy":"store","embeddable":true,"href":"https:\/\/ofertacular.com\/index.php\/wp-json\/wp\/v2\/store?post=7884"},{"taxonomy":"product_brand","embeddable":true,"href":"https:\/\/ofertacular.com\/index.php\/wp-json\/wp\/v2\/product_brand?post=7884"},{"taxonomy":"product_cat","embeddable":true,"href":"https:\/\/ofertacular.com\/index.php\/wp-json\/wp\/v2\/product_cat?post=7884"},{"taxonomy":"product_tag","embeddable":true,"href":"https:\/\/ofertacular.com\/index.php\/wp-json\/wp\/v2\/product_tag?post=7884"}],"curies":[{"name":"wp","href":"https:\/\/api.w.org\/{rel}","templated":true}]}}