{"id":7890,"date":"2025-09-22T10:14:58","date_gmt":"2025-09-22T08:14:58","guid":{"rendered":"https:\/\/ofertacular.com\/index.php\/producto\/1005009784305649\/"},"modified":"2025-09-22T10:14:58","modified_gmt":"2025-09-22T08:14:58","slug":"1005009784305649","status":"publish","type":"product","link":"https:\/\/ofertacular.com\/index.php\/producto\/1005009784305649\/","title":{"rendered":"Mochila Resistente"},"content":{"rendered":"<div class=\"oferta-container\">\n<p>\ud83d\udfe5 <b>CHOLLAZO<\/b> \ud83d\udfe5 #Publicidad #Amazon #<\/p>\n<p>\ud83d\udd34 <b>Mochila Resistente <\/b><\/p>\n<p>\u2705 <b>AHORA 15.60\u20ac \u20ac<\/b> \u2714\ufe0f\ud83d\udfe1<\/p>\n<p>\u274c Antes 42.27 \u20ac<\/p>\n<p>\ud83d\uded2: <a href=\"https:\/\/btz.es\/4X5Ob2P\" target=\"_blank\" rel=\"nofollow noopener\">https:\/\/btz.es\/4X5Ob2P<\/a><\/p>\n<p>La mochila resistente perfecta para uso diario y actividades al aire libre, dise\u00f1ada con materiales duraderos que garantizan una larga vida \u00fatil y protecci\u00f3n para tus pertenencias. Ideal para estudiantes, viajeros y profesionales que buscan funcionalidad y estilo en un solo producto. Esta mochila ofrece amplio espacio de almacenamiento, m\u00faltiples compartimentos organizadores y un dise\u00f1o ergon\u00f3mico para un transporte c\u00f3modo incluso en largas jornadas. Fabricada con tejido impermeable y costuras reforzadas, asegura que tus objetos personales est\u00e9n protegidos contra las inclemencias del tiempo. Adem\u00e1s, cuenta con correas ajustables acolchadas que distribuyen el peso de manera uniforme para evitar fatiga en los hombros y espalda. Su dise\u00f1o moderno y vers\u00e1til se adapta a cualquier estilo, desde urbano hasta aventurero, haciendo de esta mochila un accesorio imprescindible para el d\u00eda a d\u00eda. Aprovecha su resistencia superior para transportar laptops, libros, ropa y equipo deportivo con total seguridad. Esta mochila resistente combina practicidad, comodidad y durabilidad, siendo la elecci\u00f3n ideal para quienes valoran calidad y rendimiento en sus accesorios. Compra ahora y disfruta de una mochila que soporta tu ritmo de vida activo y exigente.<\/p>\n<\/p><\/div>\n","protected":false},"excerpt":{"rendered":"<p>\ud83d\udfe5 CHOLLAZO \ud83d\udfe5 #Publicidad #Amazon # \ud83d\udd34 Mochila Resistente \u2705 AHORA 15.60\u20ac \u20ac \u2714\ufe0f\ud83d\udfe1 \u274c Antes 42.27 \u20ac \ud83d\uded2: https:\/\/btz.es\/4X5Ob2P La mochila resistente perfecta para uso diario y actividades al aire libre, dise\u00f1ada con materiales duraderos que garantizan una larga vida \u00fatil y protecci\u00f3n para tus pertenencias. Ideal para estudiantes, viajeros y profesionales que buscan [&hellip;]<\/p>\n","protected":false},"featured_media":7889,"template":"","meta":{"_gspb_post_css":""},"store":[],"product_brand":[],"product_cat":[16],"product_tag":[],"class_list":{"0":"post-7890","1":"product","2":"type-product","3":"status-publish","4":"has-post-thumbnail","6":"product_cat-sin-categorizar","8":"first","9":"instock","10":"shipping-taxable","11":"product-type-external"},"jetpack_sharing_enabled":true,"_links":{"self":[{"href":"https:\/\/ofertacular.com\/index.php\/wp-json\/wp\/v2\/product\/7890","targetHints":{"allow":["GET"]}}],"collection":[{"href":"https:\/\/ofertacular.com\/index.php\/wp-json\/wp\/v2\/product"}],"about":[{"href":"https:\/\/ofertacular.com\/index.php\/wp-json\/wp\/v2\/types\/product"}],"wp:featuredmedia":[{"embeddable":true,"href":"https:\/\/ofertacular.com\/index.php\/wp-json\/wp\/v2\/media\/7889"}],"wp:attachment":[{"href":"https:\/\/ofertacular.com\/index.php\/wp-json\/wp\/v2\/media?parent=7890"}],"wp:term":[{"taxonomy":"store","embeddable":true,"href":"https:\/\/ofertacular.com\/index.php\/wp-json\/wp\/v2\/store?post=7890"},{"taxonomy":"product_brand","embeddable":true,"href":"https:\/\/ofertacular.com\/index.php\/wp-json\/wp\/v2\/product_brand?post=7890"},{"taxonomy":"product_cat","embeddable":true,"href":"https:\/\/ofertacular.com\/index.php\/wp-json\/wp\/v2\/product_cat?post=7890"},{"taxonomy":"product_tag","embeddable":true,"href":"https:\/\/ofertacular.com\/index.php\/wp-json\/wp\/v2\/product_tag?post=7890"}],"curies":[{"name":"wp","href":"https:\/\/api.w.org\/{rel}","templated":true}]}}