{"id":7908,"date":"2025-09-23T09:46:17","date_gmt":"2025-09-23T07:46:17","guid":{"rendered":"https:\/\/ofertacular.com\/index.php\/producto\/star-wars-acolyte\/"},"modified":"2025-09-23T09:46:17","modified_gmt":"2025-09-23T07:46:17","slug":"star-wars-acolyte","status":"publish","type":"product","link":"https:\/\/ofertacular.com\/index.php\/producto\/star-wars-acolyte\/","title":{"rendered":"Star Wars Acolyte"},"content":{"rendered":"<div class=\"oferta-container\">\ud83d\udfea <b>FUNKAZO<\/b> \ud83d\udfea #Publicidad #Amazon\ud83d\udfe3 <b> Funko Star Wars Acolyte Figure<\/b> \u2705 <b>AHORA 9.99 \u20ac<\/b> \u2714\ufe0f\ud83d\udfe1\u274c Antes 16.00 \u20ac \u20ac \ud83d\uded2: https:\/\/btz.es\/4XB7ujZ\ud83d\udfe2 Ofertacular.com<\/p>\n<p>Descubre la exclusiva figura Funko Star Wars Acolyte, una pieza imprescindible para todos los fans y coleccionistas de Star Wars. Este Funko POP captura la esencia oscura y misteriosa de los ac\u00f3litos del universo Star Wars con un dise\u00f1o detallado y acabado premium. Perfecta para exhibir en tu colecci\u00f3n, esta figura es un regalo ideal para amantes de la saga, aficionados a los objetos de coleccionista y entusiastas de la cultura pop. En nuestro cat\u00e1logo encontrar\u00e1s productos originales y de la mejor calidad, dise\u00f1ados para destacar y posicionarse entre los favoritos de cualquier fan. Consigue ya tu Funko Star Wars Acolyte y lleva tu colecci\u00f3n a otro nivel con este art\u00edculo oficial, optimizado para triunfar en ventas y atraer a los coleccionistas m\u00e1s exigentes.<\/p>\n<\/div>\n","protected":false},"excerpt":{"rendered":"<p>\ud83d\udfea FUNKAZO \ud83d\udfea #Publicidad #Amazon\ud83d\udfe3 Funko Star Wars Acolyte Figure \u2705 AHORA 9.99 \u20ac \u2714\ufe0f\ud83d\udfe1\u274c Antes 16.00 \u20ac \u20ac \ud83d\uded2: https:\/\/btz.es\/4XB7ujZ\ud83d\udfe2 Ofertacular.com Descubre la exclusiva figura Funko Star Wars Acolyte, una pieza imprescindible para todos los fans y coleccionistas de Star Wars. Este Funko POP captura la esencia oscura y misteriosa de los ac\u00f3litos del [&hellip;]<\/p>\n","protected":false},"featured_media":7907,"template":"","meta":{"_gspb_post_css":""},"store":[],"product_brand":[],"product_cat":[16],"product_tag":[],"class_list":{"0":"post-7908","1":"product","2":"type-product","3":"status-publish","4":"has-post-thumbnail","6":"product_cat-sin-categorizar","8":"first","9":"instock","10":"sale","11":"shipping-taxable","12":"product-type-external"},"jetpack_sharing_enabled":true,"_links":{"self":[{"href":"https:\/\/ofertacular.com\/index.php\/wp-json\/wp\/v2\/product\/7908","targetHints":{"allow":["GET"]}}],"collection":[{"href":"https:\/\/ofertacular.com\/index.php\/wp-json\/wp\/v2\/product"}],"about":[{"href":"https:\/\/ofertacular.com\/index.php\/wp-json\/wp\/v2\/types\/product"}],"wp:featuredmedia":[{"embeddable":true,"href":"https:\/\/ofertacular.com\/index.php\/wp-json\/wp\/v2\/media\/7907"}],"wp:attachment":[{"href":"https:\/\/ofertacular.com\/index.php\/wp-json\/wp\/v2\/media?parent=7908"}],"wp:term":[{"taxonomy":"store","embeddable":true,"href":"https:\/\/ofertacular.com\/index.php\/wp-json\/wp\/v2\/store?post=7908"},{"taxonomy":"product_brand","embeddable":true,"href":"https:\/\/ofertacular.com\/index.php\/wp-json\/wp\/v2\/product_brand?post=7908"},{"taxonomy":"product_cat","embeddable":true,"href":"https:\/\/ofertacular.com\/index.php\/wp-json\/wp\/v2\/product_cat?post=7908"},{"taxonomy":"product_tag","embeddable":true,"href":"https:\/\/ofertacular.com\/index.php\/wp-json\/wp\/v2\/product_tag?post=7908"}],"curies":[{"name":"wp","href":"https:\/\/api.w.org\/{rel}","templated":true}]}}