{"id":7914,"date":"2025-09-23T09:59:40","date_gmt":"2025-09-23T07:59:40","guid":{"rendered":"https:\/\/ofertacular.com\/index.php\/producto\/old-spice-6\/"},"modified":"2025-09-23T09:59:40","modified_gmt":"2025-09-23T07:59:40","slug":"old-spice-6","status":"publish","type":"product","link":"https:\/\/ofertacular.com\/index.php\/producto\/old-spice-6\/","title":{"rendered":"Old Spice"},"content":{"rendered":"<div class=\"oferta-container\">\n<p>\ud83d\udfe5 <b>GRAN OFERTA<\/b> \ud83d\udfe5 #Publicidad #Amazon #16<\/p>\n<p>\ud83d\udd34 <b>Desodorante Old Spice <\/b><\/p>\n<p>\u2705 <b>AHORA 9.99 \u20ac<\/b> \u2714\ufe0f\ud83d\udfe1<\/p>\n<p>\u274c Antes 12.28 \u20ac<\/p>\n<p>\ud83d\uded2: <a href=\"https:\/\/btz.es\/4XBAHt6\" target=\"_blank\" rel=\"nofollow noopener\">https:\/\/btz.es\/4XBAHt6<\/a><\/p>\n<p>Descubre el poder y la frescura del desodorante Old Spice, dise\u00f1ado para hombres activos que buscan protecci\u00f3n duradera y una fragancia cl\u00e1sica irresistible. Este desodorante ofrece control efectivo contra el olor y la transpiraci\u00f3n, manteni\u00e9ndote fresco todo el d\u00eda. Perfecto para quienes valoran calidad, tradici\u00f3n y estilo en su cuidado personal. Old Spice es tu aliado ideal para una confianza total en cualquier situaci\u00f3n.<\/p>\n<\/p><\/div>\n","protected":false},"excerpt":{"rendered":"<p>\ud83d\udfe5 GRAN OFERTA \ud83d\udfe5 #Publicidad #Amazon #16 \ud83d\udd34 Desodorante Old Spice \u2705 AHORA 9.99 \u20ac \u2714\ufe0f\ud83d\udfe1 \u274c Antes 12.28 \u20ac \ud83d\uded2: https:\/\/btz.es\/4XBAHt6 Descubre el poder y la frescura del desodorante Old Spice, dise\u00f1ado para hombres activos que buscan protecci\u00f3n duradera y una fragancia cl\u00e1sica irresistible. Este desodorante ofrece control efectivo contra el olor y la [&hellip;]<\/p>\n","protected":false},"featured_media":7913,"template":"","meta":{"_gspb_post_css":""},"store":[],"product_brand":[],"product_cat":[16],"product_tag":[],"class_list":{"0":"post-7914","1":"product","2":"type-product","3":"status-publish","4":"has-post-thumbnail","6":"product_cat-sin-categorizar","8":"first","9":"instock","10":"sale","11":"shipping-taxable","12":"product-type-external"},"jetpack_sharing_enabled":true,"_links":{"self":[{"href":"https:\/\/ofertacular.com\/index.php\/wp-json\/wp\/v2\/product\/7914","targetHints":{"allow":["GET"]}}],"collection":[{"href":"https:\/\/ofertacular.com\/index.php\/wp-json\/wp\/v2\/product"}],"about":[{"href":"https:\/\/ofertacular.com\/index.php\/wp-json\/wp\/v2\/types\/product"}],"wp:featuredmedia":[{"embeddable":true,"href":"https:\/\/ofertacular.com\/index.php\/wp-json\/wp\/v2\/media\/7913"}],"wp:attachment":[{"href":"https:\/\/ofertacular.com\/index.php\/wp-json\/wp\/v2\/media?parent=7914"}],"wp:term":[{"taxonomy":"store","embeddable":true,"href":"https:\/\/ofertacular.com\/index.php\/wp-json\/wp\/v2\/store?post=7914"},{"taxonomy":"product_brand","embeddable":true,"href":"https:\/\/ofertacular.com\/index.php\/wp-json\/wp\/v2\/product_brand?post=7914"},{"taxonomy":"product_cat","embeddable":true,"href":"https:\/\/ofertacular.com\/index.php\/wp-json\/wp\/v2\/product_cat?post=7914"},{"taxonomy":"product_tag","embeddable":true,"href":"https:\/\/ofertacular.com\/index.php\/wp-json\/wp\/v2\/product_tag?post=7914"}],"curies":[{"name":"wp","href":"https:\/\/api.w.org\/{rel}","templated":true}]}}