{"id":7922,"date":"2025-09-23T17:10:16","date_gmt":"2025-09-23T15:10:16","guid":{"rendered":"https:\/\/ofertacular.com\/index.php\/producto\/bokman-ev\/"},"modified":"2025-09-23T17:10:16","modified_gmt":"2025-09-23T15:10:16","slug":"bokman-ev","status":"publish","type":"product","link":"https:\/\/ofertacular.com\/index.php\/producto\/bokman-ev\/","title":{"rendered":"Bokman EV"},"content":{"rendered":"<div class=\"oferta-container\">\n<p>\ud83d\udfe5 <b>GRAN OFERTA<\/b> \ud83d\udfe5 #Publicidad #Amazon #16<\/p>\n<p>\ud83d\udd34 <b>Hoverboard Bokman <\/b><\/p>\n<p>\u2705 <b>AHORA 90.24 \u20ac<\/b> \u2714\ufe0f\ud83d\udfe1<\/p>\n<p>\u274c Antes 94.99 \u20ac<\/p>\n<p>\ud83d\uded2: <a href=\"https:\/\/btz.es\/4XDvgpy\" target=\"_blank\" rel=\"nofollow noopener\">https:\/\/btz.es\/4XDvgpy<\/a><\/p>\n<p>Descubre el Hoverboard Bokman EV, la revoluci\u00f3n en movilidad urbana. Este dispositivo innovador combina tecnolog\u00eda avanzada y dise\u00f1o moderno para ofrecer una experiencia de transporte personal \u00fanica. Ideal para desplazamientos r\u00e1pidos y divertidos, el Bokman EV se destaca por su durabilidad, facilidad de uso y bater\u00edas de larga duraci\u00f3n. Perfecto para j\u00f3venes y adultos que buscan movilidad eficiente y ecol\u00f3gica. Optimizado para seguridad y rendimiento, este hoverboard es la opci\u00f3n n\u00famero uno en el mercado actual.<\/p>\n<\/p><\/div>\n","protected":false},"excerpt":{"rendered":"<p>\ud83d\udfe5 GRAN OFERTA \ud83d\udfe5 #Publicidad #Amazon #16 \ud83d\udd34 Hoverboard Bokman \u2705 AHORA 90.24 \u20ac \u2714\ufe0f\ud83d\udfe1 \u274c Antes 94.99 \u20ac \ud83d\uded2: https:\/\/btz.es\/4XDvgpy Descubre el Hoverboard Bokman EV, la revoluci\u00f3n en movilidad urbana. Este dispositivo innovador combina tecnolog\u00eda avanzada y dise\u00f1o moderno para ofrecer una experiencia de transporte personal \u00fanica. Ideal para desplazamientos r\u00e1pidos y divertidos, el [&hellip;]<\/p>\n","protected":false},"featured_media":7921,"template":"","meta":{"_gspb_post_css":""},"store":[],"product_brand":[],"product_cat":[16],"product_tag":[],"class_list":{"0":"post-7922","1":"product","2":"type-product","3":"status-publish","4":"has-post-thumbnail","6":"product_cat-sin-categorizar","8":"first","9":"instock","10":"sale","11":"shipping-taxable","12":"product-type-external"},"jetpack_sharing_enabled":true,"_links":{"self":[{"href":"https:\/\/ofertacular.com\/index.php\/wp-json\/wp\/v2\/product\/7922","targetHints":{"allow":["GET"]}}],"collection":[{"href":"https:\/\/ofertacular.com\/index.php\/wp-json\/wp\/v2\/product"}],"about":[{"href":"https:\/\/ofertacular.com\/index.php\/wp-json\/wp\/v2\/types\/product"}],"wp:featuredmedia":[{"embeddable":true,"href":"https:\/\/ofertacular.com\/index.php\/wp-json\/wp\/v2\/media\/7921"}],"wp:attachment":[{"href":"https:\/\/ofertacular.com\/index.php\/wp-json\/wp\/v2\/media?parent=7922"}],"wp:term":[{"taxonomy":"store","embeddable":true,"href":"https:\/\/ofertacular.com\/index.php\/wp-json\/wp\/v2\/store?post=7922"},{"taxonomy":"product_brand","embeddable":true,"href":"https:\/\/ofertacular.com\/index.php\/wp-json\/wp\/v2\/product_brand?post=7922"},{"taxonomy":"product_cat","embeddable":true,"href":"https:\/\/ofertacular.com\/index.php\/wp-json\/wp\/v2\/product_cat?post=7922"},{"taxonomy":"product_tag","embeddable":true,"href":"https:\/\/ofertacular.com\/index.php\/wp-json\/wp\/v2\/product_tag?post=7922"}],"curies":[{"name":"wp","href":"https:\/\/api.w.org\/{rel}","templated":true}]}}