{"id":7944,"date":"2025-09-25T08:21:36","date_gmt":"2025-09-25T06:21:36","guid":{"rendered":"https:\/\/ofertacular.com\/index.php\/producto\/cecotec-lavadora-3\/"},"modified":"2025-09-25T08:21:36","modified_gmt":"2025-09-25T06:21:36","slug":"cecotec-lavadora-3","status":"publish","type":"product","link":"https:\/\/ofertacular.com\/index.php\/producto\/cecotec-lavadora-3\/","title":{"rendered":"Cecotec Lavadora"},"content":{"rendered":"<div class=\"oferta-container\">\n<p>\ud83d\udfe5 <b>\u00a1DESCUENTO \u00daNICO!<\/b> \ud83d\udfe5 #Publicidad #Amazon #16<\/p>\n<p>\ud83d\udd34 <b>Lavadora Cecotec <\/b><\/p>\n<p>\u2705 <b>AHORA 359.9 \u20ac<\/b> \u2714\ufe0f\ud83d\udfe1<\/p>\n<p>\u274c Antes 369.40 \u20ac<\/p>\n<p>\ud83d\uded2: <a href=\"https:\/\/btz.es\/4XMTdEp\" target=\"_blank\" rel=\"nofollow noopener\">https:\/\/btz.es\/4XMTdEp<\/a><\/p>\n<p>Descubre la eficiencia y tecnolog\u00eda avanzada de la lavadora Cecotec, dise\u00f1ada para ofrecer un lavado impecable y cuidado \u00f3ptimo de tu ropa. Con su innovador motor y m\u00faltiples programas de lavado, esta lavadora garantiza resultados perfectos en menos tiempo y con un consumo energ\u00e9tico reducido. Perfecta para hogares modernos que buscan funcionalidad y ahorro, la lavadora Cecotec es la elecci\u00f3n ideal para mantener tu ropa limpia y fresca siempre. Optimizada para destacar en b\u00fasquedas relacionadas con electrodom\u00e9sticos de alta calidad y lavadoras eficientes.<\/p>\n<\/p><\/div>\n","protected":false},"excerpt":{"rendered":"<p>\ud83d\udfe5 \u00a1DESCUENTO \u00daNICO! \ud83d\udfe5 #Publicidad #Amazon #16 \ud83d\udd34 Lavadora Cecotec \u2705 AHORA 359.9 \u20ac \u2714\ufe0f\ud83d\udfe1 \u274c Antes 369.40 \u20ac \ud83d\uded2: https:\/\/btz.es\/4XMTdEp Descubre la eficiencia y tecnolog\u00eda avanzada de la lavadora Cecotec, dise\u00f1ada para ofrecer un lavado impecable y cuidado \u00f3ptimo de tu ropa. Con su innovador motor y m\u00faltiples programas de lavado, esta lavadora garantiza [&hellip;]<\/p>\n","protected":false},"featured_media":7943,"template":"","meta":{"_gspb_post_css":""},"store":[],"product_brand":[],"product_cat":[16],"product_tag":[],"class_list":{"0":"post-7944","1":"product","2":"type-product","3":"status-publish","4":"has-post-thumbnail","6":"product_cat-sin-categorizar","8":"first","9":"instock","10":"sale","11":"shipping-taxable","12":"product-type-external"},"jetpack_sharing_enabled":true,"_links":{"self":[{"href":"https:\/\/ofertacular.com\/index.php\/wp-json\/wp\/v2\/product\/7944","targetHints":{"allow":["GET"]}}],"collection":[{"href":"https:\/\/ofertacular.com\/index.php\/wp-json\/wp\/v2\/product"}],"about":[{"href":"https:\/\/ofertacular.com\/index.php\/wp-json\/wp\/v2\/types\/product"}],"wp:featuredmedia":[{"embeddable":true,"href":"https:\/\/ofertacular.com\/index.php\/wp-json\/wp\/v2\/media\/7943"}],"wp:attachment":[{"href":"https:\/\/ofertacular.com\/index.php\/wp-json\/wp\/v2\/media?parent=7944"}],"wp:term":[{"taxonomy":"store","embeddable":true,"href":"https:\/\/ofertacular.com\/index.php\/wp-json\/wp\/v2\/store?post=7944"},{"taxonomy":"product_brand","embeddable":true,"href":"https:\/\/ofertacular.com\/index.php\/wp-json\/wp\/v2\/product_brand?post=7944"},{"taxonomy":"product_cat","embeddable":true,"href":"https:\/\/ofertacular.com\/index.php\/wp-json\/wp\/v2\/product_cat?post=7944"},{"taxonomy":"product_tag","embeddable":true,"href":"https:\/\/ofertacular.com\/index.php\/wp-json\/wp\/v2\/product_tag?post=7944"}],"curies":[{"name":"wp","href":"https:\/\/api.w.org\/{rel}","templated":true}]}}