{"id":7956,"date":"2025-09-26T07:24:48","date_gmt":"2025-09-26T05:24:48","guid":{"rendered":"https:\/\/ofertacular.com\/index.php\/producto\/power-bank-6\/"},"modified":"2025-09-26T07:24:48","modified_gmt":"2025-09-26T05:24:48","slug":"power-bank-6","status":"publish","type":"product","link":"https:\/\/ofertacular.com\/index.php\/producto\/power-bank-6\/","title":{"rendered":"Power Bank"},"content":{"rendered":"<div class=\"oferta-container\">\n<p>\ud83d\udfe5 <b>DESCUENTAZO<\/b> \ud83d\udfe5 #Publicidad #Amazon #16<\/p>\n<p>\ud83d\udd34 <b>Power Bank <\/b><\/p>\n<p>\u2705 <b>AHORA 14.99 \u20ac<\/b> \u2714\ufe0f\ud83d\udfe1<\/p>\n<p>\u274c Antes 49.99 \u20ac<\/p>\n<p>\ud83d\uded2: <a href=\"https:\/\/btz.es\/4XS5r3r\" target=\"_blank\" rel=\"nofollow noopener\">https:\/\/btz.es\/4XS5r3r<\/a><\/p>\n<p>Power Bank port\u00e1til con alta capacidad y carga r\u00e1pida, ideal para mantener tus dispositivos electr\u00f3nicos siempre activos durante viajes, trabajo o actividades al aire libre. Compatible con m\u00faltiples dispositivos, este cargador externo ofrece una soluci\u00f3n segura y eficiente para tu energ\u00eda m\u00f3vil. Disponible en dise\u00f1o compacto y resistente, que facilita su transporte y uso diario.<\/p>\n<\/p><\/div>\n","protected":false},"excerpt":{"rendered":"<p>\ud83d\udfe5 DESCUENTAZO \ud83d\udfe5 #Publicidad #Amazon #16 \ud83d\udd34 Power Bank \u2705 AHORA 14.99 \u20ac \u2714\ufe0f\ud83d\udfe1 \u274c Antes 49.99 \u20ac \ud83d\uded2: https:\/\/btz.es\/4XS5r3r Power Bank port\u00e1til con alta capacidad y carga r\u00e1pida, ideal para mantener tus dispositivos electr\u00f3nicos siempre activos durante viajes, trabajo o actividades al aire libre. Compatible con m\u00faltiples dispositivos, este cargador externo ofrece una soluci\u00f3n [&hellip;]<\/p>\n","protected":false},"featured_media":7955,"template":"","meta":{"_gspb_post_css":""},"store":[],"product_brand":[],"product_cat":[16],"product_tag":[],"class_list":{"0":"post-7956","1":"product","2":"type-product","3":"status-publish","4":"has-post-thumbnail","6":"product_cat-sin-categorizar","8":"first","9":"instock","10":"sale","11":"shipping-taxable","12":"product-type-external"},"jetpack_sharing_enabled":true,"_links":{"self":[{"href":"https:\/\/ofertacular.com\/index.php\/wp-json\/wp\/v2\/product\/7956","targetHints":{"allow":["GET"]}}],"collection":[{"href":"https:\/\/ofertacular.com\/index.php\/wp-json\/wp\/v2\/product"}],"about":[{"href":"https:\/\/ofertacular.com\/index.php\/wp-json\/wp\/v2\/types\/product"}],"wp:featuredmedia":[{"embeddable":true,"href":"https:\/\/ofertacular.com\/index.php\/wp-json\/wp\/v2\/media\/7955"}],"wp:attachment":[{"href":"https:\/\/ofertacular.com\/index.php\/wp-json\/wp\/v2\/media?parent=7956"}],"wp:term":[{"taxonomy":"store","embeddable":true,"href":"https:\/\/ofertacular.com\/index.php\/wp-json\/wp\/v2\/store?post=7956"},{"taxonomy":"product_brand","embeddable":true,"href":"https:\/\/ofertacular.com\/index.php\/wp-json\/wp\/v2\/product_brand?post=7956"},{"taxonomy":"product_cat","embeddable":true,"href":"https:\/\/ofertacular.com\/index.php\/wp-json\/wp\/v2\/product_cat?post=7956"},{"taxonomy":"product_tag","embeddable":true,"href":"https:\/\/ofertacular.com\/index.php\/wp-json\/wp\/v2\/product_tag?post=7956"}],"curies":[{"name":"wp","href":"https:\/\/api.w.org\/{rel}","templated":true}]}}