{"id":7958,"date":"2025-09-26T07:34:58","date_gmt":"2025-09-26T05:34:58","guid":{"rendered":"https:\/\/ofertacular.com\/index.php\/producto\/playstation-5-2\/"},"modified":"2025-09-26T07:34:58","modified_gmt":"2025-09-26T05:34:58","slug":"playstation-5-2","status":"publish","type":"product","link":"https:\/\/ofertacular.com\/index.php\/producto\/playstation-5-2\/","title":{"rendered":"Playstation 5"},"content":{"rendered":"<div class=\"oferta-container\">\n<p>\ud83d\udfe5 <b>\u00a1OFERTA ESPECIAL!<\/b> \ud83d\udfe5 #Publicidad #Amazon #16<\/p>\n<p>\ud83d\udd34 <b>Consola Playstation <\/b><\/p>\n<p>\u2705 <b>AHORA 399.9 \u20ac<\/b> \u2714\ufe0f\ud83d\udfe1<\/p>\n<p>\u274c Antes 453.87 \u20ac<\/p>\n<p>\ud83d\uded2: <a href=\"https:\/\/btz.es\/4XS7Qyp\" target=\"_blank\" rel=\"nofollow noopener\">https:\/\/btz.es\/4XS7Qyp<\/a><\/p>\n<p>Descubre la Consola Playstation 5, la \u00faltima innovaci\u00f3n en entretenimiento gaming que ofrece gr\u00e1ficos realistas, velocidad de carga ultra r\u00e1pida y un cat\u00e1logo exclusivo de juegos para una experiencia inmersiva \u00fanica. Optimizada para jugadores exigentes, la PS5 redefine el gaming con tecnolog\u00eda de pr\u00f3xima generaci\u00f3n, dise\u00f1o futurista y compatibilidad con accesorios avanzados. Perfecta para amantes de videojuegos que buscan llevar su experiencia al siguiente nivel.<\/p>\n<\/p><\/div>\n","protected":false},"excerpt":{"rendered":"<p>\ud83d\udfe5 \u00a1OFERTA ESPECIAL! \ud83d\udfe5 #Publicidad #Amazon #16 \ud83d\udd34 Consola Playstation \u2705 AHORA 399.9 \u20ac \u2714\ufe0f\ud83d\udfe1 \u274c Antes 453.87 \u20ac \ud83d\uded2: https:\/\/btz.es\/4XS7Qyp Descubre la Consola Playstation 5, la \u00faltima innovaci\u00f3n en entretenimiento gaming que ofrece gr\u00e1ficos realistas, velocidad de carga ultra r\u00e1pida y un cat\u00e1logo exclusivo de juegos para una experiencia inmersiva \u00fanica. Optimizada para jugadores [&hellip;]<\/p>\n","protected":false},"featured_media":7957,"template":"","meta":{"_gspb_post_css":""},"store":[],"product_brand":[],"product_cat":[16],"product_tag":[],"class_list":{"0":"post-7958","1":"product","2":"type-product","3":"status-publish","4":"has-post-thumbnail","6":"product_cat-sin-categorizar","8":"first","9":"instock","10":"sale","11":"shipping-taxable","12":"product-type-external"},"jetpack_sharing_enabled":true,"_links":{"self":[{"href":"https:\/\/ofertacular.com\/index.php\/wp-json\/wp\/v2\/product\/7958","targetHints":{"allow":["GET"]}}],"collection":[{"href":"https:\/\/ofertacular.com\/index.php\/wp-json\/wp\/v2\/product"}],"about":[{"href":"https:\/\/ofertacular.com\/index.php\/wp-json\/wp\/v2\/types\/product"}],"wp:featuredmedia":[{"embeddable":true,"href":"https:\/\/ofertacular.com\/index.php\/wp-json\/wp\/v2\/media\/7957"}],"wp:attachment":[{"href":"https:\/\/ofertacular.com\/index.php\/wp-json\/wp\/v2\/media?parent=7958"}],"wp:term":[{"taxonomy":"store","embeddable":true,"href":"https:\/\/ofertacular.com\/index.php\/wp-json\/wp\/v2\/store?post=7958"},{"taxonomy":"product_brand","embeddable":true,"href":"https:\/\/ofertacular.com\/index.php\/wp-json\/wp\/v2\/product_brand?post=7958"},{"taxonomy":"product_cat","embeddable":true,"href":"https:\/\/ofertacular.com\/index.php\/wp-json\/wp\/v2\/product_cat?post=7958"},{"taxonomy":"product_tag","embeddable":true,"href":"https:\/\/ofertacular.com\/index.php\/wp-json\/wp\/v2\/product_tag?post=7958"}],"curies":[{"name":"wp","href":"https:\/\/api.w.org\/{rel}","templated":true}]}}