{"id":7974,"date":"2025-09-26T10:14:04","date_gmt":"2025-09-26T08:14:04","guid":{"rendered":"https:\/\/ofertacular.com\/index.php\/producto\/subrayadores-amazon\/"},"modified":"2025-09-26T10:14:04","modified_gmt":"2025-09-26T08:14:04","slug":"subrayadores-amazon","status":"publish","type":"product","link":"https:\/\/ofertacular.com\/index.php\/producto\/subrayadores-amazon\/","title":{"rendered":"Subrayadores Amazon"},"content":{"rendered":"<div class=\"oferta-container\">\n<p>\ud83d\udfe5 <b>DESCUENTAZO<\/b> \ud83d\udfe5 #Publicidad #Amazon #16<\/p>\n<p>\ud83d\udd34 <b>Subrayadores <\/b><\/p>\n<p>\u2705 <b>AHORA 5.26 \u20ac<\/b> \u2714\ufe0f\ud83d\udfe1<\/p>\n<p>\u274c Antes 8.15 \u20ac<\/p>\n<p>\ud83d\uded2: <a href=\"https:\/\/btz.es\/4XTlTDQ\" target=\"_blank\" rel=\"nofollow noopener\">https:\/\/btz.es\/4XTlTDQ<\/a><\/p>\n<p>Descubre los subrayadores Amazon, ideales para resaltar informaci\u00f3n importante con colores vibrantes y de alta calidad. Perfectos para estudiantes, profesionales y artistas que buscan precisi\u00f3n y durabilidad en cada trazo. Aprovecha la versatilidad y dise\u00f1o ergon\u00f3mico que ofrece Amazon para mejorar tu productividad y organizaci\u00f3n visual en cualquier proyecto.<\/p>\n<\/p><\/div>\n","protected":false},"excerpt":{"rendered":"<p>\ud83d\udfe5 DESCUENTAZO \ud83d\udfe5 #Publicidad #Amazon #16 \ud83d\udd34 Subrayadores \u2705 AHORA 5.26 \u20ac \u2714\ufe0f\ud83d\udfe1 \u274c Antes 8.15 \u20ac \ud83d\uded2: https:\/\/btz.es\/4XTlTDQ Descubre los subrayadores Amazon, ideales para resaltar informaci\u00f3n importante con colores vibrantes y de alta calidad. Perfectos para estudiantes, profesionales y artistas que buscan precisi\u00f3n y durabilidad en cada trazo. Aprovecha la versatilidad y dise\u00f1o ergon\u00f3mico [&hellip;]<\/p>\n","protected":false},"featured_media":7973,"template":"","meta":{"_gspb_post_css":""},"store":[],"product_brand":[],"product_cat":[16],"product_tag":[],"class_list":{"0":"post-7974","1":"product","2":"type-product","3":"status-publish","4":"has-post-thumbnail","6":"product_cat-sin-categorizar","8":"first","9":"instock","10":"sale","11":"shipping-taxable","12":"product-type-external"},"jetpack_sharing_enabled":true,"_links":{"self":[{"href":"https:\/\/ofertacular.com\/index.php\/wp-json\/wp\/v2\/product\/7974","targetHints":{"allow":["GET"]}}],"collection":[{"href":"https:\/\/ofertacular.com\/index.php\/wp-json\/wp\/v2\/product"}],"about":[{"href":"https:\/\/ofertacular.com\/index.php\/wp-json\/wp\/v2\/types\/product"}],"wp:featuredmedia":[{"embeddable":true,"href":"https:\/\/ofertacular.com\/index.php\/wp-json\/wp\/v2\/media\/7973"}],"wp:attachment":[{"href":"https:\/\/ofertacular.com\/index.php\/wp-json\/wp\/v2\/media?parent=7974"}],"wp:term":[{"taxonomy":"store","embeddable":true,"href":"https:\/\/ofertacular.com\/index.php\/wp-json\/wp\/v2\/store?post=7974"},{"taxonomy":"product_brand","embeddable":true,"href":"https:\/\/ofertacular.com\/index.php\/wp-json\/wp\/v2\/product_brand?post=7974"},{"taxonomy":"product_cat","embeddable":true,"href":"https:\/\/ofertacular.com\/index.php\/wp-json\/wp\/v2\/product_cat?post=7974"},{"taxonomy":"product_tag","embeddable":true,"href":"https:\/\/ofertacular.com\/index.php\/wp-json\/wp\/v2\/product_tag?post=7974"}],"curies":[{"name":"wp","href":"https:\/\/api.w.org\/{rel}","templated":true}]}}