{"id":7978,"date":"2025-09-26T11:12:32","date_gmt":"2025-09-26T09:12:32","guid":{"rendered":"https:\/\/ofertacular.com\/index.php\/producto\/columbia-fleece-2\/"},"modified":"2025-09-26T11:12:32","modified_gmt":"2025-09-26T09:12:32","slug":"columbia-fleece-2","status":"publish","type":"product","link":"https:\/\/ofertacular.com\/index.php\/producto\/columbia-fleece-2\/","title":{"rendered":"Columbia Fleece"},"content":{"rendered":"<div class=\"oferta-container\">\n<p>\ud83d\udfe5 <b>UNA GANGA<\/b> \ud83d\udfe5 #Publicidad #Amazon #16<\/p>\n<p>\ud83d\udd34 <b>Fleece Columbia <\/b><\/p>\n<p>\u2705 <b>AHORA 35.7 \u20ac<\/b> \u2714\ufe0f\ud83d\udfe1<\/p>\n<p>\u274c Antes 60.00 \u20ac<\/p>\n<p>\ud83d\uded2: <a href=\"https:\/\/btz.es\/4XT0C4L\" target=\"_blank\" rel=\"nofollow noopener\">https:\/\/btz.es\/4XT0C4L<\/a><\/p>\n<p>Descubre la comodidad y calidad del Fleece Columbia, una prenda esencial dise\u00f1ada para ofrecer calor y suavidad en cada uso. Perfecto para actividades al aire libre y el uso diario, este fleece combina tecnolog\u00eda avanzada con un estilo vers\u00e1til. Optimizado para mantener la temperatura corporal y resistente al desgaste, es la elecci\u00f3n ideal para quienes buscan rendimiento y confort en un solo producto.<\/p>\n<\/p><\/div>\n","protected":false},"excerpt":{"rendered":"<p>\ud83d\udfe5 UNA GANGA \ud83d\udfe5 #Publicidad #Amazon #16 \ud83d\udd34 Fleece Columbia \u2705 AHORA 35.7 \u20ac \u2714\ufe0f\ud83d\udfe1 \u274c Antes 60.00 \u20ac \ud83d\uded2: https:\/\/btz.es\/4XT0C4L Descubre la comodidad y calidad del Fleece Columbia, una prenda esencial dise\u00f1ada para ofrecer calor y suavidad en cada uso. Perfecto para actividades al aire libre y el uso diario, este fleece combina tecnolog\u00eda [&hellip;]<\/p>\n","protected":false},"featured_media":7977,"template":"","meta":{"_gspb_post_css":""},"store":[],"product_brand":[],"product_cat":[16],"product_tag":[],"class_list":{"0":"post-7978","1":"product","2":"type-product","3":"status-publish","4":"has-post-thumbnail","6":"product_cat-sin-categorizar","8":"first","9":"instock","10":"sale","11":"shipping-taxable","12":"product-type-external"},"jetpack_sharing_enabled":true,"_links":{"self":[{"href":"https:\/\/ofertacular.com\/index.php\/wp-json\/wp\/v2\/product\/7978","targetHints":{"allow":["GET"]}}],"collection":[{"href":"https:\/\/ofertacular.com\/index.php\/wp-json\/wp\/v2\/product"}],"about":[{"href":"https:\/\/ofertacular.com\/index.php\/wp-json\/wp\/v2\/types\/product"}],"wp:featuredmedia":[{"embeddable":true,"href":"https:\/\/ofertacular.com\/index.php\/wp-json\/wp\/v2\/media\/7977"}],"wp:attachment":[{"href":"https:\/\/ofertacular.com\/index.php\/wp-json\/wp\/v2\/media?parent=7978"}],"wp:term":[{"taxonomy":"store","embeddable":true,"href":"https:\/\/ofertacular.com\/index.php\/wp-json\/wp\/v2\/store?post=7978"},{"taxonomy":"product_brand","embeddable":true,"href":"https:\/\/ofertacular.com\/index.php\/wp-json\/wp\/v2\/product_brand?post=7978"},{"taxonomy":"product_cat","embeddable":true,"href":"https:\/\/ofertacular.com\/index.php\/wp-json\/wp\/v2\/product_cat?post=7978"},{"taxonomy":"product_tag","embeddable":true,"href":"https:\/\/ofertacular.com\/index.php\/wp-json\/wp\/v2\/product_tag?post=7978"}],"curies":[{"name":"wp","href":"https:\/\/api.w.org\/{rel}","templated":true}]}}