{"id":7982,"date":"2025-09-26T11:15:15","date_gmt":"2025-09-26T09:15:15","guid":{"rendered":"https:\/\/ofertacular.com\/index.php\/producto\/crocs-navy\/"},"modified":"2025-09-26T11:15:15","modified_gmt":"2025-09-26T09:15:15","slug":"crocs-navy","status":"publish","type":"product","link":"https:\/\/ofertacular.com\/index.php\/producto\/crocs-navy\/","title":{"rendered":"Crocs Navy"},"content":{"rendered":"<div class=\"oferta-container\">\n<p>\ud83d\udfe5 <b>\u00a1OFERT\u00d3N!<\/b> \ud83d\udfe5 #Publicidad #Amazon #16<\/p>\n<p>\ud83d\udd34 <b>Sandalias Crocs <\/b><\/p>\n<p>\u2705 <b>AHORA 23.95 \u20ac<\/b> \u2714\ufe0f\ud83d\udfe1<\/p>\n<p>\u274c Antes 29.99 \u20ac<\/p>\n<p>\ud83d\uded2: <a href=\"https:\/\/btz.es\/4XT1sJ2\" target=\"_blank\" rel=\"nofollow noopener\">https:\/\/btz.es\/4XT1sJ2<\/a><\/p>\n<p>Descubre la comodidad incomparable de las sandalias Crocs Navy, dise\u00f1adas para ofrecer un calzado ligero, transpirable y vers\u00e1til. Perfectas para uso casual y actividades al aire libre, estas sandalias combinan estilo y funcionalidad en un dise\u00f1o moderno y duradero. Mejora tu experiencia diaria con Crocs, la marca l\u00edder en calzado c\u00f3modo y de alta calidad.<\/p>\n<\/p><\/div>\n","protected":false},"excerpt":{"rendered":"<p>\ud83d\udfe5 \u00a1OFERT\u00d3N! \ud83d\udfe5 #Publicidad #Amazon #16 \ud83d\udd34 Sandalias Crocs \u2705 AHORA 23.95 \u20ac \u2714\ufe0f\ud83d\udfe1 \u274c Antes 29.99 \u20ac \ud83d\uded2: https:\/\/btz.es\/4XT1sJ2 Descubre la comodidad incomparable de las sandalias Crocs Navy, dise\u00f1adas para ofrecer un calzado ligero, transpirable y vers\u00e1til. Perfectas para uso casual y actividades al aire libre, estas sandalias combinan estilo y funcionalidad en un [&hellip;]<\/p>\n","protected":false},"featured_media":7981,"template":"","meta":{"_gspb_post_css":""},"store":[],"product_brand":[],"product_cat":[16],"product_tag":[],"class_list":{"0":"post-7982","1":"product","2":"type-product","3":"status-publish","4":"has-post-thumbnail","6":"product_cat-sin-categorizar","8":"first","9":"instock","10":"sale","11":"shipping-taxable","12":"product-type-external"},"jetpack_sharing_enabled":true,"_links":{"self":[{"href":"https:\/\/ofertacular.com\/index.php\/wp-json\/wp\/v2\/product\/7982","targetHints":{"allow":["GET"]}}],"collection":[{"href":"https:\/\/ofertacular.com\/index.php\/wp-json\/wp\/v2\/product"}],"about":[{"href":"https:\/\/ofertacular.com\/index.php\/wp-json\/wp\/v2\/types\/product"}],"wp:featuredmedia":[{"embeddable":true,"href":"https:\/\/ofertacular.com\/index.php\/wp-json\/wp\/v2\/media\/7981"}],"wp:attachment":[{"href":"https:\/\/ofertacular.com\/index.php\/wp-json\/wp\/v2\/media?parent=7982"}],"wp:term":[{"taxonomy":"store","embeddable":true,"href":"https:\/\/ofertacular.com\/index.php\/wp-json\/wp\/v2\/store?post=7982"},{"taxonomy":"product_brand","embeddable":true,"href":"https:\/\/ofertacular.com\/index.php\/wp-json\/wp\/v2\/product_brand?post=7982"},{"taxonomy":"product_cat","embeddable":true,"href":"https:\/\/ofertacular.com\/index.php\/wp-json\/wp\/v2\/product_cat?post=7982"},{"taxonomy":"product_tag","embeddable":true,"href":"https:\/\/ofertacular.com\/index.php\/wp-json\/wp\/v2\/product_tag?post=7982"}],"curies":[{"name":"wp","href":"https:\/\/api.w.org\/{rel}","templated":true}]}}