{"id":7990,"date":"2025-09-26T11:23:50","date_gmt":"2025-09-26T09:23:50","guid":{"rendered":"https:\/\/ofertacular.com\/index.php\/producto\/doogee-u10\/"},"modified":"2025-09-26T11:23:50","modified_gmt":"2025-09-26T09:23:50","slug":"doogee-u10","status":"publish","type":"product","link":"https:\/\/ofertacular.com\/index.php\/producto\/doogee-u10\/","title":{"rendered":"Doogee U10"},"content":{"rendered":"<div class=\"oferta-container\">\n<p>\ud83d\udfe5 <b>CHOLLAZO<\/b> \ud83d\udfe5 #Publicidad #Amazon #16<\/p>\n<p>\ud83d\udd34 <b>Smartphone Doogee <\/b><\/p>\n<p>\u2705 <b>AHORA 58.68 \u20ac<\/b> \u2714\ufe0f\ud83d\udfe1<\/p>\n<p>\u274c Antes <\/p>\n<p>\ud83d\uded2: <a href=\"https:\/\/btz.es\/4XT32R4\" target=\"_blank\" rel=\"nofollow noopener\">https:\/\/btz.es\/4XT32R4<\/a><\/p>\n<p>Descubre el Doogee U10, un smartphone robusto y moderno dise\u00f1ado para ofrecer rendimiento confiable y durabilidad en cualquier situaci\u00f3n. Equipado con caracter\u00edsticas avanzadas y una construcci\u00f3n resistente, el Doogee U10 es perfecto para quienes buscan un dispositivo confiable con excelente relaci\u00f3n calidad-precio. Optimizado para usuarios que valoran funcionalidad y resistencia, este modelo destaca en el mercado de tel\u00e9fonos inteligentes gracias a su dise\u00f1o innovador y caracter\u00edsticas t\u00e9cnicas destacadas.<\/p>\n<\/p><\/div>\n","protected":false},"excerpt":{"rendered":"<p>\ud83d\udfe5 CHOLLAZO \ud83d\udfe5 #Publicidad #Amazon #16 \ud83d\udd34 Smartphone Doogee \u2705 AHORA 58.68 \u20ac \u2714\ufe0f\ud83d\udfe1 \u274c Antes \ud83d\uded2: https:\/\/btz.es\/4XT32R4 Descubre el Doogee U10, un smartphone robusto y moderno dise\u00f1ado para ofrecer rendimiento confiable y durabilidad en cualquier situaci\u00f3n. Equipado con caracter\u00edsticas avanzadas y una construcci\u00f3n resistente, el Doogee U10 es perfecto para quienes buscan un dispositivo [&hellip;]<\/p>\n","protected":false},"featured_media":7989,"template":"","meta":{"_gspb_post_css":""},"store":[],"product_brand":[],"product_cat":[16],"product_tag":[],"class_list":{"0":"post-7990","1":"product","2":"type-product","3":"status-publish","4":"has-post-thumbnail","6":"product_cat-sin-categorizar","8":"first","9":"instock","10":"shipping-taxable","11":"product-type-external"},"jetpack_sharing_enabled":true,"_links":{"self":[{"href":"https:\/\/ofertacular.com\/index.php\/wp-json\/wp\/v2\/product\/7990","targetHints":{"allow":["GET"]}}],"collection":[{"href":"https:\/\/ofertacular.com\/index.php\/wp-json\/wp\/v2\/product"}],"about":[{"href":"https:\/\/ofertacular.com\/index.php\/wp-json\/wp\/v2\/types\/product"}],"wp:featuredmedia":[{"embeddable":true,"href":"https:\/\/ofertacular.com\/index.php\/wp-json\/wp\/v2\/media\/7989"}],"wp:attachment":[{"href":"https:\/\/ofertacular.com\/index.php\/wp-json\/wp\/v2\/media?parent=7990"}],"wp:term":[{"taxonomy":"store","embeddable":true,"href":"https:\/\/ofertacular.com\/index.php\/wp-json\/wp\/v2\/store?post=7990"},{"taxonomy":"product_brand","embeddable":true,"href":"https:\/\/ofertacular.com\/index.php\/wp-json\/wp\/v2\/product_brand?post=7990"},{"taxonomy":"product_cat","embeddable":true,"href":"https:\/\/ofertacular.com\/index.php\/wp-json\/wp\/v2\/product_cat?post=7990"},{"taxonomy":"product_tag","embeddable":true,"href":"https:\/\/ofertacular.com\/index.php\/wp-json\/wp\/v2\/product_tag?post=7990"}],"curies":[{"name":"wp","href":"https:\/\/api.w.org\/{rel}","templated":true}]}}