{"id":7994,"date":"2025-09-26T11:27:29","date_gmt":"2025-09-26T09:27:29","guid":{"rendered":"https:\/\/ofertacular.com\/index.php\/producto\/dyc-whisky\/"},"modified":"2025-09-26T11:27:29","modified_gmt":"2025-09-26T09:27:29","slug":"dyc-whisky","status":"publish","type":"product","link":"https:\/\/ofertacular.com\/index.php\/producto\/dyc-whisky\/","title":{"rendered":"DYC Whisky"},"content":{"rendered":"<div class=\"oferta-container\">\n<p>\ud83d\udfe5 <b>\u00a1NO TE LA PIERDAS!<\/b> \ud83d\udfe5 #Publicidad #Amazon #16<\/p>\n<p>\ud83d\udd34 <b>Whisky DYC <\/b><\/p>\n<p>\u2705 <b>AHORA 9.99 \u20ac<\/b> \u2714\ufe0f\ud83d\udfe1<\/p>\n<p>\u274c Antes 13.40 \u20ac<\/p>\n<p>\ud83d\uded2: <a href=\"https:\/\/btz.es\/4XT4xEZ\" target=\"_blank\" rel=\"nofollow noopener\">https:\/\/btz.es\/4XT4xEZ<\/a><\/p>\n<p>Descubre el aut\u00e9ntico sabor del Whisky DYC, una bebida espa\u00f1ola reconocida por su calidad y suavidad inigualable. Perfecto para los amantes del whisky que buscan tradici\u00f3n y excelencia en cada sorbo. Ideal para disfrutar solo, con hielo o en cocteles exclusivos. Eleva tus momentos con DYC, un whisky que combina sabor y refinamiento.<\/p>\n<\/p><\/div>\n","protected":false},"excerpt":{"rendered":"<p>\ud83d\udfe5 \u00a1NO TE LA PIERDAS! \ud83d\udfe5 #Publicidad #Amazon #16 \ud83d\udd34 Whisky DYC \u2705 AHORA 9.99 \u20ac \u2714\ufe0f\ud83d\udfe1 \u274c Antes 13.40 \u20ac \ud83d\uded2: https:\/\/btz.es\/4XT4xEZ Descubre el aut\u00e9ntico sabor del Whisky DYC, una bebida espa\u00f1ola reconocida por su calidad y suavidad inigualable. Perfecto para los amantes del whisky que buscan tradici\u00f3n y excelencia en cada sorbo. Ideal [&hellip;]<\/p>\n","protected":false},"featured_media":7993,"template":"","meta":{"_gspb_post_css":""},"store":[],"product_brand":[],"product_cat":[16],"product_tag":[],"class_list":{"0":"post-7994","1":"product","2":"type-product","3":"status-publish","4":"has-post-thumbnail","6":"product_cat-sin-categorizar","8":"first","9":"instock","10":"sale","11":"shipping-taxable","12":"product-type-external"},"jetpack_sharing_enabled":true,"_links":{"self":[{"href":"https:\/\/ofertacular.com\/index.php\/wp-json\/wp\/v2\/product\/7994","targetHints":{"allow":["GET"]}}],"collection":[{"href":"https:\/\/ofertacular.com\/index.php\/wp-json\/wp\/v2\/product"}],"about":[{"href":"https:\/\/ofertacular.com\/index.php\/wp-json\/wp\/v2\/types\/product"}],"wp:featuredmedia":[{"embeddable":true,"href":"https:\/\/ofertacular.com\/index.php\/wp-json\/wp\/v2\/media\/7993"}],"wp:attachment":[{"href":"https:\/\/ofertacular.com\/index.php\/wp-json\/wp\/v2\/media?parent=7994"}],"wp:term":[{"taxonomy":"store","embeddable":true,"href":"https:\/\/ofertacular.com\/index.php\/wp-json\/wp\/v2\/store?post=7994"},{"taxonomy":"product_brand","embeddable":true,"href":"https:\/\/ofertacular.com\/index.php\/wp-json\/wp\/v2\/product_brand?post=7994"},{"taxonomy":"product_cat","embeddable":true,"href":"https:\/\/ofertacular.com\/index.php\/wp-json\/wp\/v2\/product_cat?post=7994"},{"taxonomy":"product_tag","embeddable":true,"href":"https:\/\/ofertacular.com\/index.php\/wp-json\/wp\/v2\/product_tag?post=7994"}],"curies":[{"name":"wp","href":"https:\/\/api.w.org\/{rel}","templated":true}]}}