{"id":7996,"date":"2025-09-26T11:28:33","date_gmt":"2025-09-26T09:28:33","guid":{"rendered":"https:\/\/ofertacular.com\/index.php\/producto\/nerf-lanza\/"},"modified":"2025-09-26T11:28:33","modified_gmt":"2025-09-26T09:28:33","slug":"nerf-lanza","status":"publish","type":"product","link":"https:\/\/ofertacular.com\/index.php\/producto\/nerf-lanza\/","title":{"rendered":"Nerf Lanza"},"content":{"rendered":"<div class=\"oferta-container\">\n<p>\ud83d\udfe5 <b>SUPER OFERTA<\/b> \ud83d\udfe5 #Publicidad #Amazon #16<\/p>\n<p>\ud83d\udd34 <b>Lanza Nerf <\/b><\/p>\n<p>\u2705 <b>AHORA 3.99 \u20ac<\/b> \u2714\ufe0f\ud83d\udfe1<\/p>\n<p>\u274c Antes 6.99 \u20ac<\/p>\n<p>\ud83d\uded2: <a href=\"https:\/\/btz.es\/4XT4Een\" target=\"_blank\" rel=\"nofollow noopener\">https:\/\/btz.es\/4XT4Een<\/a><\/p>\n<p>Descubre la emoci\u00f3n y diversi\u00f3n con el Lanza Nerf, el juguete ideal para batalla y juegos al aire libre. Fabricado con materiales de alta calidad, este lanzador Nerf garantiza resistencia y rendimiento. Perfecto para ni\u00f1os y adultos que buscan acci\u00f3n y entretenimiento seguro. Optimizado para resistencia y facilidad de uso, el Lanza Nerf es la elecci\u00f3n preferida para intensas competiciones de juego.<\/p>\n<\/p><\/div>\n","protected":false},"excerpt":{"rendered":"<p>\ud83d\udfe5 SUPER OFERTA \ud83d\udfe5 #Publicidad #Amazon #16 \ud83d\udd34 Lanza Nerf \u2705 AHORA 3.99 \u20ac \u2714\ufe0f\ud83d\udfe1 \u274c Antes 6.99 \u20ac \ud83d\uded2: https:\/\/btz.es\/4XT4Een Descubre la emoci\u00f3n y diversi\u00f3n con el Lanza Nerf, el juguete ideal para batalla y juegos al aire libre. Fabricado con materiales de alta calidad, este lanzador Nerf garantiza resistencia y rendimiento. Perfecto para [&hellip;]<\/p>\n","protected":false},"featured_media":7995,"template":"","meta":{"_gspb_post_css":""},"store":[],"product_brand":[],"product_cat":[16],"product_tag":[],"class_list":{"0":"post-7996","1":"product","2":"type-product","3":"status-publish","4":"has-post-thumbnail","6":"product_cat-sin-categorizar","8":"first","9":"instock","10":"sale","11":"shipping-taxable","12":"product-type-external"},"jetpack_sharing_enabled":true,"_links":{"self":[{"href":"https:\/\/ofertacular.com\/index.php\/wp-json\/wp\/v2\/product\/7996","targetHints":{"allow":["GET"]}}],"collection":[{"href":"https:\/\/ofertacular.com\/index.php\/wp-json\/wp\/v2\/product"}],"about":[{"href":"https:\/\/ofertacular.com\/index.php\/wp-json\/wp\/v2\/types\/product"}],"wp:featuredmedia":[{"embeddable":true,"href":"https:\/\/ofertacular.com\/index.php\/wp-json\/wp\/v2\/media\/7995"}],"wp:attachment":[{"href":"https:\/\/ofertacular.com\/index.php\/wp-json\/wp\/v2\/media?parent=7996"}],"wp:term":[{"taxonomy":"store","embeddable":true,"href":"https:\/\/ofertacular.com\/index.php\/wp-json\/wp\/v2\/store?post=7996"},{"taxonomy":"product_brand","embeddable":true,"href":"https:\/\/ofertacular.com\/index.php\/wp-json\/wp\/v2\/product_brand?post=7996"},{"taxonomy":"product_cat","embeddable":true,"href":"https:\/\/ofertacular.com\/index.php\/wp-json\/wp\/v2\/product_cat?post=7996"},{"taxonomy":"product_tag","embeddable":true,"href":"https:\/\/ofertacular.com\/index.php\/wp-json\/wp\/v2\/product_tag?post=7996"}],"curies":[{"name":"wp","href":"https:\/\/api.w.org\/{rel}","templated":true}]}}