{"id":7998,"date":"2025-09-26T11:30:21","date_gmt":"2025-09-26T09:30:21","guid":{"rendered":"https:\/\/ofertacular.com\/index.php\/producto\/neutrogena-handcream-3\/"},"modified":"2025-09-26T11:30:21","modified_gmt":"2025-09-26T09:30:21","slug":"neutrogena-handcream-3","status":"publish","type":"product","link":"https:\/\/ofertacular.com\/index.php\/producto\/neutrogena-handcream-3\/","title":{"rendered":"Neutrogena Handcream"},"content":{"rendered":"<div class=\"oferta-container\">\n<p>\ud83d\udfe5 <b>\u00a1GANGAZO!<\/b> \ud83d\udfe5 #Publicidad #Amazon #16<\/p>\n<p>\ud83d\udd34 <b>Crema manos <\/b><\/p>\n<p>\u2705 <b>AHORA 6.89 \u20ac<\/b> \u2714\ufe0f\ud83d\udfe1<\/p>\n<p>\u274c Antes 9.90 \u20ac<\/p>\n<p>\ud83d\uded2: <a href=\"https:\/\/btz.es\/4XT5gji\" target=\"_blank\" rel=\"nofollow noopener\">https:\/\/btz.es\/4XT5gji<\/a><\/p>\n<p>Descubre la eficacia de la Crema para Manos Neutrogena, dise\u00f1ada para hidratar profundamente y reparar la piel seca y agrietada. Su f\u00f3rmula exclusiva penetra r\u00e1pidamente, dejando una sensaci\u00f3n suave y protegida durante todo el d\u00eda. Ideal para el cuidado diario, esta crema es un aliado perfecto para mantener tus manos saludables y revitalizadas. Conf\u00eda en Neutrogena para una hidrataci\u00f3n duradera y un cuidado profesional que resalta la belleza natural de tu piel.<\/p>\n<\/p><\/div>\n","protected":false},"excerpt":{"rendered":"<p>\ud83d\udfe5 \u00a1GANGAZO! \ud83d\udfe5 #Publicidad #Amazon #16 \ud83d\udd34 Crema manos \u2705 AHORA 6.89 \u20ac \u2714\ufe0f\ud83d\udfe1 \u274c Antes 9.90 \u20ac \ud83d\uded2: https:\/\/btz.es\/4XT5gji Descubre la eficacia de la Crema para Manos Neutrogena, dise\u00f1ada para hidratar profundamente y reparar la piel seca y agrietada. Su f\u00f3rmula exclusiva penetra r\u00e1pidamente, dejando una sensaci\u00f3n suave y protegida durante todo el d\u00eda. [&hellip;]<\/p>\n","protected":false},"featured_media":7997,"template":"","meta":{"_gspb_post_css":""},"store":[],"product_brand":[],"product_cat":[16],"product_tag":[],"class_list":{"0":"post-7998","1":"product","2":"type-product","3":"status-publish","4":"has-post-thumbnail","6":"product_cat-sin-categorizar","8":"first","9":"instock","10":"sale","11":"shipping-taxable","12":"product-type-external"},"jetpack_sharing_enabled":true,"_links":{"self":[{"href":"https:\/\/ofertacular.com\/index.php\/wp-json\/wp\/v2\/product\/7998","targetHints":{"allow":["GET"]}}],"collection":[{"href":"https:\/\/ofertacular.com\/index.php\/wp-json\/wp\/v2\/product"}],"about":[{"href":"https:\/\/ofertacular.com\/index.php\/wp-json\/wp\/v2\/types\/product"}],"wp:featuredmedia":[{"embeddable":true,"href":"https:\/\/ofertacular.com\/index.php\/wp-json\/wp\/v2\/media\/7997"}],"wp:attachment":[{"href":"https:\/\/ofertacular.com\/index.php\/wp-json\/wp\/v2\/media?parent=7998"}],"wp:term":[{"taxonomy":"store","embeddable":true,"href":"https:\/\/ofertacular.com\/index.php\/wp-json\/wp\/v2\/store?post=7998"},{"taxonomy":"product_brand","embeddable":true,"href":"https:\/\/ofertacular.com\/index.php\/wp-json\/wp\/v2\/product_brand?post=7998"},{"taxonomy":"product_cat","embeddable":true,"href":"https:\/\/ofertacular.com\/index.php\/wp-json\/wp\/v2\/product_cat?post=7998"},{"taxonomy":"product_tag","embeddable":true,"href":"https:\/\/ofertacular.com\/index.php\/wp-json\/wp\/v2\/product_tag?post=7998"}],"curies":[{"name":"wp","href":"https:\/\/api.w.org\/{rel}","templated":true}]}}