{"id":8000,"date":"2025-09-26T11:31:27","date_gmt":"2025-09-26T09:31:27","guid":{"rendered":"https:\/\/ofertacular.com\/index.php\/producto\/domingo-vermut\/"},"modified":"2025-09-26T11:31:27","modified_gmt":"2025-09-26T09:31:27","slug":"domingo-vermut","status":"publish","type":"product","link":"https:\/\/ofertacular.com\/index.php\/producto\/domingo-vermut\/","title":{"rendered":"Domingo Vermut"},"content":{"rendered":"<div class=\"oferta-container\">\n<p>\ud83d\udfe5 <b>DATE PRISA<\/b> \ud83d\udfe5 #Publicidad #Amazon #16<\/p>\n<p>\ud83d\udd34 <b>Vermut Domingo <\/b><\/p>\n<p>\u2705 <b>AHORA 7.5 \u20ac<\/b> \u2714\ufe0f\ud83d\udfe1<\/p>\n<p>\u274c Antes 11.17 \u20ac<\/p>\n<p>\ud83d\uded2: <a href=\"https:\/\/btz.es\/4XT5x6Y\" target=\"_blank\" rel=\"nofollow noopener\">https:\/\/btz.es\/4XT5x6Y<\/a><\/p>\n<p>Descubre el Vermut Domingo, una bebida tradicional que combina ingredientes seleccionados para ofrecer un sabor \u00fanico y aut\u00e9ntico. Perfecto para disfrutar en cualquier ocasi\u00f3n, este vermut es ideal para los amantes de las bebidas cl\u00e1sicas con un toque de calidad inigualable. Potencia tu experiencia con el genuino sabor artesanal de Domingo.<\/p>\n<\/p><\/div>\n","protected":false},"excerpt":{"rendered":"<p>\ud83d\udfe5 DATE PRISA \ud83d\udfe5 #Publicidad #Amazon #16 \ud83d\udd34 Vermut Domingo \u2705 AHORA 7.5 \u20ac \u2714\ufe0f\ud83d\udfe1 \u274c Antes 11.17 \u20ac \ud83d\uded2: https:\/\/btz.es\/4XT5x6Y Descubre el Vermut Domingo, una bebida tradicional que combina ingredientes seleccionados para ofrecer un sabor \u00fanico y aut\u00e9ntico. Perfecto para disfrutar en cualquier ocasi\u00f3n, este vermut es ideal para los amantes de las bebidas [&hellip;]<\/p>\n","protected":false},"featured_media":7999,"template":"","meta":{"_gspb_post_css":""},"store":[],"product_brand":[],"product_cat":[16],"product_tag":[],"class_list":{"0":"post-8000","1":"product","2":"type-product","3":"status-publish","4":"has-post-thumbnail","6":"product_cat-sin-categorizar","8":"first","9":"instock","10":"sale","11":"shipping-taxable","12":"product-type-external"},"jetpack_sharing_enabled":true,"_links":{"self":[{"href":"https:\/\/ofertacular.com\/index.php\/wp-json\/wp\/v2\/product\/8000","targetHints":{"allow":["GET"]}}],"collection":[{"href":"https:\/\/ofertacular.com\/index.php\/wp-json\/wp\/v2\/product"}],"about":[{"href":"https:\/\/ofertacular.com\/index.php\/wp-json\/wp\/v2\/types\/product"}],"wp:featuredmedia":[{"embeddable":true,"href":"https:\/\/ofertacular.com\/index.php\/wp-json\/wp\/v2\/media\/7999"}],"wp:attachment":[{"href":"https:\/\/ofertacular.com\/index.php\/wp-json\/wp\/v2\/media?parent=8000"}],"wp:term":[{"taxonomy":"store","embeddable":true,"href":"https:\/\/ofertacular.com\/index.php\/wp-json\/wp\/v2\/store?post=8000"},{"taxonomy":"product_brand","embeddable":true,"href":"https:\/\/ofertacular.com\/index.php\/wp-json\/wp\/v2\/product_brand?post=8000"},{"taxonomy":"product_cat","embeddable":true,"href":"https:\/\/ofertacular.com\/index.php\/wp-json\/wp\/v2\/product_cat?post=8000"},{"taxonomy":"product_tag","embeddable":true,"href":"https:\/\/ofertacular.com\/index.php\/wp-json\/wp\/v2\/product_tag?post=8000"}],"curies":[{"name":"wp","href":"https:\/\/api.w.org\/{rel}","templated":true}]}}