{"id":8006,"date":"2025-09-26T11:37:43","date_gmt":"2025-09-26T09:37:43","guid":{"rendered":"https:\/\/ofertacular.com\/index.php\/producto\/nici-product\/"},"modified":"2025-09-26T11:37:43","modified_gmt":"2025-09-26T09:37:43","slug":"nici-product","status":"publish","type":"product","link":"https:\/\/ofertacular.com\/index.php\/producto\/nici-product\/","title":{"rendered":"Nici Product"},"content":{"rendered":"<div class=\"oferta-container\">\n<p>\ud83d\udfe5 <b>AHORRA AQU\u00cd<\/b> \ud83d\udfe5 #Publicidad #Amazon #16<\/p>\n<p>\ud83d\udd34 <b>Mu\u00f1eco Nici <\/b><\/p>\n<p>\u2705 <b>AHORA 5.66 \u20ac<\/b> \u2714\ufe0f\ud83d\udfe1<\/p>\n<p>\u274c Antes 6.49 \u20ac<\/p>\n<p>\ud83d\uded2: <a href=\"https:\/\/btz.es\/4XT6XvL\" target=\"_blank\" rel=\"nofollow noopener\">https:\/\/btz.es\/4XT6XvL<\/a><\/p>\n<p>Descubre la encantadora colecci\u00f3n de mu\u00f1ecos Nici, reconocidos por su calidad superior y dise\u00f1o adorable. Perfectos para regalar y coleccionar, los productos Nici ofrecen comodidad y ternura para todas las edades. Encuentra el mu\u00f1eco ideal que a\u00f1ade un toque especial a tu hogar o espacio personal con garant\u00eda de durabilidad y estilo \u00fanico.<\/p>\n<\/p><\/div>\n","protected":false},"excerpt":{"rendered":"<p>\ud83d\udfe5 AHORRA AQU\u00cd \ud83d\udfe5 #Publicidad #Amazon #16 \ud83d\udd34 Mu\u00f1eco Nici \u2705 AHORA 5.66 \u20ac \u2714\ufe0f\ud83d\udfe1 \u274c Antes 6.49 \u20ac \ud83d\uded2: https:\/\/btz.es\/4XT6XvL Descubre la encantadora colecci\u00f3n de mu\u00f1ecos Nici, reconocidos por su calidad superior y dise\u00f1o adorable. Perfectos para regalar y coleccionar, los productos Nici ofrecen comodidad y ternura para todas las edades. Encuentra el mu\u00f1eco [&hellip;]<\/p>\n","protected":false},"featured_media":8005,"template":"","meta":{"_gspb_post_css":""},"store":[],"product_brand":[],"product_cat":[16],"product_tag":[],"class_list":{"0":"post-8006","1":"product","2":"type-product","3":"status-publish","4":"has-post-thumbnail","6":"product_cat-sin-categorizar","8":"first","9":"instock","10":"sale","11":"shipping-taxable","12":"product-type-external"},"jetpack_sharing_enabled":true,"_links":{"self":[{"href":"https:\/\/ofertacular.com\/index.php\/wp-json\/wp\/v2\/product\/8006","targetHints":{"allow":["GET"]}}],"collection":[{"href":"https:\/\/ofertacular.com\/index.php\/wp-json\/wp\/v2\/product"}],"about":[{"href":"https:\/\/ofertacular.com\/index.php\/wp-json\/wp\/v2\/types\/product"}],"wp:featuredmedia":[{"embeddable":true,"href":"https:\/\/ofertacular.com\/index.php\/wp-json\/wp\/v2\/media\/8005"}],"wp:attachment":[{"href":"https:\/\/ofertacular.com\/index.php\/wp-json\/wp\/v2\/media?parent=8006"}],"wp:term":[{"taxonomy":"store","embeddable":true,"href":"https:\/\/ofertacular.com\/index.php\/wp-json\/wp\/v2\/store?post=8006"},{"taxonomy":"product_brand","embeddable":true,"href":"https:\/\/ofertacular.com\/index.php\/wp-json\/wp\/v2\/product_brand?post=8006"},{"taxonomy":"product_cat","embeddable":true,"href":"https:\/\/ofertacular.com\/index.php\/wp-json\/wp\/v2\/product_cat?post=8006"},{"taxonomy":"product_tag","embeddable":true,"href":"https:\/\/ofertacular.com\/index.php\/wp-json\/wp\/v2\/product_tag?post=8006"}],"curies":[{"name":"wp","href":"https:\/\/api.w.org\/{rel}","templated":true}]}}