{"id":8012,"date":"2025-09-26T11:51:21","date_gmt":"2025-09-26T09:51:21","guid":{"rendered":"https:\/\/ofertacular.com\/index.php\/producto\/edna-mode\/"},"modified":"2025-09-26T11:51:21","modified_gmt":"2025-09-26T09:51:21","slug":"edna-mode","status":"publish","type":"product","link":"https:\/\/ofertacular.com\/index.php\/producto\/edna-mode\/","title":{"rendered":"Edna Mode"},"content":{"rendered":"<div class=\"oferta-container\">\ud83d\udfea <b>FUNKAZO<\/b> \ud83d\udfea #Publicidad #Amazon\ud83d\udfe3 <b> Funko POP! Disney Edna Mode<\/b> \u2705 <b>AHORA 13.26 \u20ac<\/b> \u2714\ufe0f\ud83d\udfe1\u274c Antes 16.00 \u20ac \u20ac \ud83d\uded2: https:\/\/btz.es\/4XTAyai\ud83d\udfe2 Ofertacular.com<\/p>\n<p>Descubre el exclusivo Funko POP! Disney Edna Mode, una pieza imprescindible para coleccionistas y fans de la pel\u00edcula \u00abLos Incre\u00edbles\u00bb. Esta figura de vinilo captura a la ic\u00f3nica dise\u00f1adora de supertrajes con un detallado acabado que la convierte en un objeto \u00fanico para exhibir. Perfecto como regalo para amantes del cine y colecciones de Funko, este Funko POP! destaca por su calidad y dise\u00f1o fiel al personaje original. Eleva tu colecci\u00f3n con esta figura oficial y disfruta de un elemento decorativo que atrae todas las miradas.<\/p>\n<\/div>\n","protected":false},"excerpt":{"rendered":"<p>\ud83d\udfea FUNKAZO \ud83d\udfea #Publicidad #Amazon\ud83d\udfe3 Funko POP! Disney Edna Mode \u2705 AHORA 13.26 \u20ac \u2714\ufe0f\ud83d\udfe1\u274c Antes 16.00 \u20ac \u20ac \ud83d\uded2: https:\/\/btz.es\/4XTAyai\ud83d\udfe2 Ofertacular.com Descubre el exclusivo Funko POP! Disney Edna Mode, una pieza imprescindible para coleccionistas y fans de la pel\u00edcula \u00abLos Incre\u00edbles\u00bb. Esta figura de vinilo captura a la ic\u00f3nica dise\u00f1adora de supertrajes con un [&hellip;]<\/p>\n","protected":false},"featured_media":8011,"template":"","meta":{"_gspb_post_css":""},"store":[],"product_brand":[],"product_cat":[16],"product_tag":[],"class_list":{"0":"post-8012","1":"product","2":"type-product","3":"status-publish","4":"has-post-thumbnail","6":"product_cat-sin-categorizar","8":"first","9":"instock","10":"sale","11":"shipping-taxable","12":"product-type-external"},"jetpack_sharing_enabled":true,"_links":{"self":[{"href":"https:\/\/ofertacular.com\/index.php\/wp-json\/wp\/v2\/product\/8012","targetHints":{"allow":["GET"]}}],"collection":[{"href":"https:\/\/ofertacular.com\/index.php\/wp-json\/wp\/v2\/product"}],"about":[{"href":"https:\/\/ofertacular.com\/index.php\/wp-json\/wp\/v2\/types\/product"}],"wp:featuredmedia":[{"embeddable":true,"href":"https:\/\/ofertacular.com\/index.php\/wp-json\/wp\/v2\/media\/8011"}],"wp:attachment":[{"href":"https:\/\/ofertacular.com\/index.php\/wp-json\/wp\/v2\/media?parent=8012"}],"wp:term":[{"taxonomy":"store","embeddable":true,"href":"https:\/\/ofertacular.com\/index.php\/wp-json\/wp\/v2\/store?post=8012"},{"taxonomy":"product_brand","embeddable":true,"href":"https:\/\/ofertacular.com\/index.php\/wp-json\/wp\/v2\/product_brand?post=8012"},{"taxonomy":"product_cat","embeddable":true,"href":"https:\/\/ofertacular.com\/index.php\/wp-json\/wp\/v2\/product_cat?post=8012"},{"taxonomy":"product_tag","embeddable":true,"href":"https:\/\/ofertacular.com\/index.php\/wp-json\/wp\/v2\/product_tag?post=8012"}],"curies":[{"name":"wp","href":"https:\/\/api.w.org\/{rel}","templated":true}]}}