{"id":8014,"date":"2025-09-26T11:56:15","date_gmt":"2025-09-26T09:56:15","guid":{"rendered":"https:\/\/ofertacular.com\/index.php\/producto\/eleven-gown\/"},"modified":"2025-09-26T11:56:15","modified_gmt":"2025-09-26T09:56:15","slug":"eleven-gown","status":"publish","type":"product","link":"https:\/\/ofertacular.com\/index.php\/producto\/eleven-gown\/","title":{"rendered":"Eleven Gown"},"content":{"rendered":"<div class=\"oferta-container\">\ud83d\udfea <b>EXCLUSIVO<\/b> \ud83d\udfea #Publicidad #Amazon\ud83d\udfe3 <b> Funko Stranger Eleven Gown<\/b> \u2705 <b>AHORA 11.99 \u20ac<\/b> \u2714\ufe0f\ud83d\udfe1\u274c Antes 16.00 \u20ac \u20ac \ud83d\uded2: https:\/\/btz.es\/4XTBC8n\ud83d\udfe2 Ofertacular.com<\/p>\n<p>Descubre el Funko Stranger: Eleven Gown, una pieza imprescindible para los aficionados de Stranger Things. Esta figura captura con precisi\u00f3n el ic\u00f3nico vestido de Eleven, ofreciendo un dise\u00f1o detallado y aut\u00e9ntico que encantar\u00e1 tanto a coleccionistas como a fan\u00e1ticos de la serie. Perfecta para exhibir o regalar, esta figura de Stranger Things est\u00e1 dise\u00f1ada para destacar en cualquier colecci\u00f3n, optimizada para mejorar la visibilidad en b\u00fasquedas de coleccionables y memorabilia de series televisivas.<\/p>\n<\/div>\n","protected":false},"excerpt":{"rendered":"<p>\ud83d\udfea EXCLUSIVO \ud83d\udfea #Publicidad #Amazon\ud83d\udfe3 Funko Stranger Eleven Gown \u2705 AHORA 11.99 \u20ac \u2714\ufe0f\ud83d\udfe1\u274c Antes 16.00 \u20ac \u20ac \ud83d\uded2: https:\/\/btz.es\/4XTBC8n\ud83d\udfe2 Ofertacular.com Descubre el Funko Stranger: Eleven Gown, una pieza imprescindible para los aficionados de Stranger Things. Esta figura captura con precisi\u00f3n el ic\u00f3nico vestido de Eleven, ofreciendo un dise\u00f1o detallado y aut\u00e9ntico que encantar\u00e1 tanto [&hellip;]<\/p>\n","protected":false},"featured_media":8013,"template":"","meta":{"_gspb_post_css":""},"store":[],"product_brand":[],"product_cat":[16],"product_tag":[],"class_list":{"0":"post-8014","1":"product","2":"type-product","3":"status-publish","4":"has-post-thumbnail","6":"product_cat-sin-categorizar","8":"first","9":"instock","10":"sale","11":"shipping-taxable","12":"product-type-external"},"jetpack_sharing_enabled":true,"_links":{"self":[{"href":"https:\/\/ofertacular.com\/index.php\/wp-json\/wp\/v2\/product\/8014","targetHints":{"allow":["GET"]}}],"collection":[{"href":"https:\/\/ofertacular.com\/index.php\/wp-json\/wp\/v2\/product"}],"about":[{"href":"https:\/\/ofertacular.com\/index.php\/wp-json\/wp\/v2\/types\/product"}],"wp:featuredmedia":[{"embeddable":true,"href":"https:\/\/ofertacular.com\/index.php\/wp-json\/wp\/v2\/media\/8013"}],"wp:attachment":[{"href":"https:\/\/ofertacular.com\/index.php\/wp-json\/wp\/v2\/media?parent=8014"}],"wp:term":[{"taxonomy":"store","embeddable":true,"href":"https:\/\/ofertacular.com\/index.php\/wp-json\/wp\/v2\/store?post=8014"},{"taxonomy":"product_brand","embeddable":true,"href":"https:\/\/ofertacular.com\/index.php\/wp-json\/wp\/v2\/product_brand?post=8014"},{"taxonomy":"product_cat","embeddable":true,"href":"https:\/\/ofertacular.com\/index.php\/wp-json\/wp\/v2\/product_cat?post=8014"},{"taxonomy":"product_tag","embeddable":true,"href":"https:\/\/ofertacular.com\/index.php\/wp-json\/wp\/v2\/product_tag?post=8014"}],"curies":[{"name":"wp","href":"https:\/\/api.w.org\/{rel}","templated":true}]}}