{"id":8020,"date":"2025-09-29T07:49:51","date_gmt":"2025-09-29T05:49:51","guid":{"rendered":"https:\/\/ofertacular.com\/index.php\/producto\/sony-earbuds\/"},"modified":"2025-09-29T07:49:51","modified_gmt":"2025-09-29T05:49:51","slug":"sony-earbuds","status":"publish","type":"product","link":"https:\/\/ofertacular.com\/index.php\/producto\/sony-earbuds\/","title":{"rendered":"Sony Earbuds"},"content":{"rendered":"<div class=\"oferta-container\">\n<p>\ud83d\udfe5 <b>DATE PRISA<\/b> \ud83d\udfe5 #Publicidad #Amazon #16<\/p>\n<p>\ud83d\udd34 <b>Auriculares Sony <\/b><\/p>\n<p>\u2705 <b>AHORA 35.99 \u20ac<\/b> \u2714\ufe0f\ud83d\udfe1<\/p>\n<p>\u274c Antes 59.99 \u20ac<\/p>\n<p>\ud83d\uded2: <a href=\"https:\/\/btz.es\/4Ykjkwg\" target=\"_blank\" rel=\"nofollow noopener\">https:\/\/btz.es\/4Ykjkwg<\/a><\/p>\n<p>Descubre la calidad de sonido superior y la comodidad excepcional con los Auriculares Sony. Dise\u00f1ados para ofrecer una experiencia auditiva inigualable, estos Earbuds proporcionan conexi\u00f3n inal\u00e1mbrica estable y bater\u00eda de larga duraci\u00f3n, ideales para m\u00fasica, llamadas y actividades diarias. Optimiza tu entretenimiento con la tecnolog\u00eda avanzada de Sony y disfruta de un audio n\u00edtido y graves profundos en cualquier entorno.<\/p>\n<\/p><\/div>\n","protected":false},"excerpt":{"rendered":"<p>\ud83d\udfe5 DATE PRISA \ud83d\udfe5 #Publicidad #Amazon #16 \ud83d\udd34 Auriculares Sony \u2705 AHORA 35.99 \u20ac \u2714\ufe0f\ud83d\udfe1 \u274c Antes 59.99 \u20ac \ud83d\uded2: https:\/\/btz.es\/4Ykjkwg Descubre la calidad de sonido superior y la comodidad excepcional con los Auriculares Sony. Dise\u00f1ados para ofrecer una experiencia auditiva inigualable, estos Earbuds proporcionan conexi\u00f3n inal\u00e1mbrica estable y bater\u00eda de larga duraci\u00f3n, ideales para [&hellip;]<\/p>\n","protected":false},"featured_media":8019,"template":"","meta":{"_gspb_post_css":""},"store":[],"product_brand":[],"product_cat":[16],"product_tag":[],"class_list":{"0":"post-8020","1":"product","2":"type-product","3":"status-publish","4":"has-post-thumbnail","6":"product_cat-sin-categorizar","8":"first","9":"instock","10":"sale","11":"shipping-taxable","12":"product-type-external"},"jetpack_sharing_enabled":true,"_links":{"self":[{"href":"https:\/\/ofertacular.com\/index.php\/wp-json\/wp\/v2\/product\/8020","targetHints":{"allow":["GET"]}}],"collection":[{"href":"https:\/\/ofertacular.com\/index.php\/wp-json\/wp\/v2\/product"}],"about":[{"href":"https:\/\/ofertacular.com\/index.php\/wp-json\/wp\/v2\/types\/product"}],"wp:featuredmedia":[{"embeddable":true,"href":"https:\/\/ofertacular.com\/index.php\/wp-json\/wp\/v2\/media\/8019"}],"wp:attachment":[{"href":"https:\/\/ofertacular.com\/index.php\/wp-json\/wp\/v2\/media?parent=8020"}],"wp:term":[{"taxonomy":"store","embeddable":true,"href":"https:\/\/ofertacular.com\/index.php\/wp-json\/wp\/v2\/store?post=8020"},{"taxonomy":"product_brand","embeddable":true,"href":"https:\/\/ofertacular.com\/index.php\/wp-json\/wp\/v2\/product_brand?post=8020"},{"taxonomy":"product_cat","embeddable":true,"href":"https:\/\/ofertacular.com\/index.php\/wp-json\/wp\/v2\/product_cat?post=8020"},{"taxonomy":"product_tag","embeddable":true,"href":"https:\/\/ofertacular.com\/index.php\/wp-json\/wp\/v2\/product_tag?post=8020"}],"curies":[{"name":"wp","href":"https:\/\/api.w.org\/{rel}","templated":true}]}}