{"id":8032,"date":"2025-09-29T10:19:26","date_gmt":"2025-09-29T08:19:26","guid":{"rendered":"https:\/\/ofertacular.com\/index.php\/producto\/victoria-lager\/"},"modified":"2025-09-29T10:19:26","modified_gmt":"2025-09-29T08:19:26","slug":"victoria-lager","status":"publish","type":"product","link":"https:\/\/ofertacular.com\/index.php\/producto\/victoria-lager\/","title":{"rendered":"Victoria Lager"},"content":{"rendered":"<div class=\"oferta-container\">\n<p>\ud83d\udfe5 <b>ES UN CHOLL\u00d3N<\/b> \ud83d\udfe5 #Publicidad #Amazon #16<\/p>\n<p>\ud83d\udd34 <b>Cerveza Victoria <\/b><\/p>\n<p>\u2705 <b>AHORA 5.69 \u20ac<\/b> \u2714\ufe0f\ud83d\udfe1<\/p>\n<p>\u274c Antes 8.39 \u20ac<\/p>\n<p>\ud83d\uded2: <a href=\"https:\/\/btz.es\/4YkKPi8\" target=\"_blank\" rel=\"nofollow noopener\">https:\/\/btz.es\/4YkKPi8<\/a><\/p>\n<p>Disfruta el sabor aut\u00e9ntico de la cerveza Victoria, una de las marcas m\u00e1s emblem\u00e1ticas y tradicionales que ofrece una experiencia refrescante y equilibrada ideal para cualquier ocasi\u00f3n. Su calidad y sabor distintivo la convierten en la elecci\u00f3n perfecta para quienes buscan una cerveza mexicana con historia y car\u00e1cter.<\/p>\n<\/p><\/div>\n","protected":false},"excerpt":{"rendered":"<p>\ud83d\udfe5 ES UN CHOLL\u00d3N \ud83d\udfe5 #Publicidad #Amazon #16 \ud83d\udd34 Cerveza Victoria \u2705 AHORA 5.69 \u20ac \u2714\ufe0f\ud83d\udfe1 \u274c Antes 8.39 \u20ac \ud83d\uded2: https:\/\/btz.es\/4YkKPi8 Disfruta el sabor aut\u00e9ntico de la cerveza Victoria, una de las marcas m\u00e1s emblem\u00e1ticas y tradicionales que ofrece una experiencia refrescante y equilibrada ideal para cualquier ocasi\u00f3n. Su calidad y sabor distintivo la [&hellip;]<\/p>\n","protected":false},"featured_media":8031,"template":"","meta":{"_gspb_post_css":""},"store":[],"product_brand":[],"product_cat":[16],"product_tag":[],"class_list":{"0":"post-8032","1":"product","2":"type-product","3":"status-publish","4":"has-post-thumbnail","6":"product_cat-sin-categorizar","8":"first","9":"instock","10":"sale","11":"shipping-taxable","12":"product-type-external"},"jetpack_sharing_enabled":true,"_links":{"self":[{"href":"https:\/\/ofertacular.com\/index.php\/wp-json\/wp\/v2\/product\/8032","targetHints":{"allow":["GET"]}}],"collection":[{"href":"https:\/\/ofertacular.com\/index.php\/wp-json\/wp\/v2\/product"}],"about":[{"href":"https:\/\/ofertacular.com\/index.php\/wp-json\/wp\/v2\/types\/product"}],"wp:featuredmedia":[{"embeddable":true,"href":"https:\/\/ofertacular.com\/index.php\/wp-json\/wp\/v2\/media\/8031"}],"wp:attachment":[{"href":"https:\/\/ofertacular.com\/index.php\/wp-json\/wp\/v2\/media?parent=8032"}],"wp:term":[{"taxonomy":"store","embeddable":true,"href":"https:\/\/ofertacular.com\/index.php\/wp-json\/wp\/v2\/store?post=8032"},{"taxonomy":"product_brand","embeddable":true,"href":"https:\/\/ofertacular.com\/index.php\/wp-json\/wp\/v2\/product_brand?post=8032"},{"taxonomy":"product_cat","embeddable":true,"href":"https:\/\/ofertacular.com\/index.php\/wp-json\/wp\/v2\/product_cat?post=8032"},{"taxonomy":"product_tag","embeddable":true,"href":"https:\/\/ofertacular.com\/index.php\/wp-json\/wp\/v2\/product_tag?post=8032"}],"curies":[{"name":"wp","href":"https:\/\/api.w.org\/{rel}","templated":true}]}}