{"id":8058,"date":"2025-09-30T09:45:16","date_gmt":"2025-09-30T07:45:16","guid":{"rendered":"https:\/\/ofertacular.com\/index.php\/producto\/1005006361449971\/"},"modified":"2025-09-30T09:45:16","modified_gmt":"2025-09-30T07:45:16","slug":"1005006361449971","status":"publish","type":"product","link":"https:\/\/ofertacular.com\/index.php\/producto\/1005006361449971\/","title":{"rendered":"Chaquetas Impermeables"},"content":{"rendered":"<div class=\"oferta-container\">\n<p>\ud83d\udfe5 <b>SUPER OFERTA<\/b> \ud83d\udfe5 #Publicidad #Amazon #<\/p>\n<p>\ud83d\udd34 <b>Chaquetas impermeables <\/b><\/p>\n<p>\u2705 <b>AHORA 6.49\u20ac \u20ac<\/b> \u2714\ufe0f\ud83d\udfe1<\/p>\n<p>\u274c Antes 16.20 \u20ac<\/p>\n<p>\ud83d\uded2: <a href=\"https:\/\/btz.es\/4Yq2K4M\" target=\"_blank\" rel=\"nofollow noopener\">https:\/\/btz.es\/4Yq2K4M<\/a><\/p>\n<p>Descubre nuestra exclusiva colecci\u00f3n de chaquetas impermeables dise\u00f1adas para ofrecerte protecci\u00f3n superior contra la lluvia y el viento, sin sacrificar estilo ni comodidad. Fabricadas con materiales de alta calidad y tecnolog\u00eda avanzada de impermeabilidad, estas chaquetas son ideales para aventuras al aire libre, actividades deportivas y uso diario en climas h\u00famedos y variables. Nuestra selecci\u00f3n incluye modelos para hombre y mujer, con cortes modernos y detalles funcionales como capuchas ajustables, cierres sellados y forros transpirables que mantienen tu temperatura corporal confortable. Ya sea que busques una chaqueta ligera para el oto\u00f1o o una prenda robusta para las condiciones m\u00e1s extremas, nuestra gama te garantiza resistencia al agua, durabilidad y facilidad de movimiento. Adem\u00e1s, su dise\u00f1o vers\u00e1til permite combinarlas f\u00e1cilmente con diferentes estilos y prendas, convirti\u00e9ndolas en un imprescindible de tu armario para cualquier temporada. No sacrifiques tu estilo por la funcionalidad; con nuestras chaquetas impermeables, disfruta de la naturaleza y tus actividades diarias protegido y con una apariencia impecable.<\/p>\n<\/p><\/div>\n","protected":false},"excerpt":{"rendered":"<p>\ud83d\udfe5 SUPER OFERTA \ud83d\udfe5 #Publicidad #Amazon # \ud83d\udd34 Chaquetas impermeables \u2705 AHORA 6.49\u20ac \u20ac \u2714\ufe0f\ud83d\udfe1 \u274c Antes 16.20 \u20ac \ud83d\uded2: https:\/\/btz.es\/4Yq2K4M Descubre nuestra exclusiva colecci\u00f3n de chaquetas impermeables dise\u00f1adas para ofrecerte protecci\u00f3n superior contra la lluvia y el viento, sin sacrificar estilo ni comodidad. Fabricadas con materiales de alta calidad y tecnolog\u00eda avanzada de impermeabilidad, [&hellip;]<\/p>\n","protected":false},"featured_media":8057,"template":"","meta":{"_gspb_post_css":""},"store":[],"product_brand":[],"product_cat":[16],"product_tag":[],"class_list":{"0":"post-8058","1":"product","2":"type-product","3":"status-publish","4":"has-post-thumbnail","6":"product_cat-sin-categorizar","8":"first","9":"instock","10":"shipping-taxable","11":"product-type-external"},"jetpack_sharing_enabled":true,"_links":{"self":[{"href":"https:\/\/ofertacular.com\/index.php\/wp-json\/wp\/v2\/product\/8058","targetHints":{"allow":["GET"]}}],"collection":[{"href":"https:\/\/ofertacular.com\/index.php\/wp-json\/wp\/v2\/product"}],"about":[{"href":"https:\/\/ofertacular.com\/index.php\/wp-json\/wp\/v2\/types\/product"}],"wp:featuredmedia":[{"embeddable":true,"href":"https:\/\/ofertacular.com\/index.php\/wp-json\/wp\/v2\/media\/8057"}],"wp:attachment":[{"href":"https:\/\/ofertacular.com\/index.php\/wp-json\/wp\/v2\/media?parent=8058"}],"wp:term":[{"taxonomy":"store","embeddable":true,"href":"https:\/\/ofertacular.com\/index.php\/wp-json\/wp\/v2\/store?post=8058"},{"taxonomy":"product_brand","embeddable":true,"href":"https:\/\/ofertacular.com\/index.php\/wp-json\/wp\/v2\/product_brand?post=8058"},{"taxonomy":"product_cat","embeddable":true,"href":"https:\/\/ofertacular.com\/index.php\/wp-json\/wp\/v2\/product_cat?post=8058"},{"taxonomy":"product_tag","embeddable":true,"href":"https:\/\/ofertacular.com\/index.php\/wp-json\/wp\/v2\/product_tag?post=8058"}],"curies":[{"name":"wp","href":"https:\/\/api.w.org\/{rel}","templated":true}]}}