{"id":8068,"date":"2025-09-30T10:06:17","date_gmt":"2025-09-30T08:06:17","guid":{"rendered":"https:\/\/ofertacular.com\/index.php\/producto\/smart-plug-3\/"},"modified":"2025-09-30T10:06:17","modified_gmt":"2025-09-30T08:06:17","slug":"smart-plug-3","status":"publish","type":"product","link":"https:\/\/ofertacular.com\/index.php\/producto\/smart-plug-3\/","title":{"rendered":"Smart Plug"},"content":{"rendered":"<div class=\"oferta-container\">\n<p>\ud83d\udfe5 <b>\u00a1APROVECHA!<\/b> \ud83d\udfe5 #Publicidad #Amazon #16<\/p>\n<p>\ud83d\udd34 <b>Enchufe Inteligente <\/b><\/p>\n<p>\u2705 <b>AHORA 8.06 \u20ac<\/b> \u2714\ufe0f\ud83d\udfe1<\/p>\n<p>\u274c Antes 9.49 \u20ac<\/p>\n<p>\ud83d\uded2: <a href=\"https:\/\/btz.es\/4Yq8cup\" target=\"_blank\" rel=\"nofollow noopener\">https:\/\/btz.es\/4Yq8cup<\/a><\/p>\n<p>Optimiza el consumo energ\u00e9tico de tu hogar con nuestro Enchufe Inteligente de \u00faltima generaci\u00f3n. Controla remotamente tus dispositivos a trav\u00e9s de una aplicaci\u00f3n m\u00f3vil intuitiva, programa horarios de encendido y apagado, y monitorea el uso el\u00e9ctrico en tiempo real para ahorrar energ\u00eda y aumentar la seguridad. Compatible con asistentes de voz y f\u00e1cil de instalar, es la soluci\u00f3n perfecta para un hogar conectado y eficiente.<\/p>\n<\/p><\/div>\n","protected":false},"excerpt":{"rendered":"<p>\ud83d\udfe5 \u00a1APROVECHA! \ud83d\udfe5 #Publicidad #Amazon #16 \ud83d\udd34 Enchufe Inteligente \u2705 AHORA 8.06 \u20ac \u2714\ufe0f\ud83d\udfe1 \u274c Antes 9.49 \u20ac \ud83d\uded2: https:\/\/btz.es\/4Yq8cup Optimiza el consumo energ\u00e9tico de tu hogar con nuestro Enchufe Inteligente de \u00faltima generaci\u00f3n. Controla remotamente tus dispositivos a trav\u00e9s de una aplicaci\u00f3n m\u00f3vil intuitiva, programa horarios de encendido y apagado, y monitorea el uso [&hellip;]<\/p>\n","protected":false},"featured_media":8067,"template":"","meta":{"_gspb_post_css":""},"store":[],"product_brand":[],"product_cat":[16],"product_tag":[],"class_list":{"0":"post-8068","1":"product","2":"type-product","3":"status-publish","4":"has-post-thumbnail","6":"product_cat-sin-categorizar","8":"first","9":"instock","10":"sale","11":"shipping-taxable","12":"product-type-external"},"jetpack_sharing_enabled":true,"_links":{"self":[{"href":"https:\/\/ofertacular.com\/index.php\/wp-json\/wp\/v2\/product\/8068","targetHints":{"allow":["GET"]}}],"collection":[{"href":"https:\/\/ofertacular.com\/index.php\/wp-json\/wp\/v2\/product"}],"about":[{"href":"https:\/\/ofertacular.com\/index.php\/wp-json\/wp\/v2\/types\/product"}],"wp:featuredmedia":[{"embeddable":true,"href":"https:\/\/ofertacular.com\/index.php\/wp-json\/wp\/v2\/media\/8067"}],"wp:attachment":[{"href":"https:\/\/ofertacular.com\/index.php\/wp-json\/wp\/v2\/media?parent=8068"}],"wp:term":[{"taxonomy":"store","embeddable":true,"href":"https:\/\/ofertacular.com\/index.php\/wp-json\/wp\/v2\/store?post=8068"},{"taxonomy":"product_brand","embeddable":true,"href":"https:\/\/ofertacular.com\/index.php\/wp-json\/wp\/v2\/product_brand?post=8068"},{"taxonomy":"product_cat","embeddable":true,"href":"https:\/\/ofertacular.com\/index.php\/wp-json\/wp\/v2\/product_cat?post=8068"},{"taxonomy":"product_tag","embeddable":true,"href":"https:\/\/ofertacular.com\/index.php\/wp-json\/wp\/v2\/product_tag?post=8068"}],"curies":[{"name":"wp","href":"https:\/\/api.w.org\/{rel}","templated":true}]}}