{"id":8086,"date":"2025-09-30T11:49:42","date_gmt":"2025-09-30T09:49:42","guid":{"rendered":"https:\/\/ofertacular.com\/index.php\/producto\/camara-vigilancia\/"},"modified":"2025-09-30T11:49:42","modified_gmt":"2025-09-30T09:49:42","slug":"camara-vigilancia","status":"publish","type":"product","link":"https:\/\/ofertacular.com\/index.php\/producto\/camara-vigilancia\/","title":{"rendered":"C\u00e1mara Vigilancia"},"content":{"rendered":"<div class=\"oferta-container\">\n<p>\ud83d\udfe5 <b>INCRE\u00cdBLE<\/b> \ud83d\udfe5 #Publicidad #Amazon #16<\/p>\n<p>\ud83d\udd34 <b>C\u00e1mara Vigilancia <\/b><\/p>\n<p>\u2705 <b>AHORA 16.99 \u20ac<\/b> \u2714\ufe0f\ud83d\udfe1<\/p>\n<p>\u274c Antes 21.99 \u20ac<\/p>\n<p>\ud83d\uded2: <a href=\"https:\/\/btz.es\/4YqYeJw\" target=\"_blank\" rel=\"nofollow noopener\">https:\/\/btz.es\/4YqYeJw<\/a><\/p>\n<p>Protege tu hogar o negocio con nuestra c\u00e1mara de vigilancia de alta definici\u00f3n, dise\u00f1ada para ofrecer seguridad avanzada y monitoreo en tiempo real. Su tecnolog\u00eda innovadora garantiza im\u00e1genes n\u00edtidas y una instalaci\u00f3n sencilla. Disfruta de tranquilidad las 24 horas del d\u00eda con un sistema confiable y eficiente, perfecto para cualquier entorno. Optimizada para capturar cada detalle, esta c\u00e1mara es la soluci\u00f3n ideal para mantener tu espacio seguro y supervisado.<\/p>\n<\/p><\/div>\n","protected":false},"excerpt":{"rendered":"<p>\ud83d\udfe5 INCRE\u00cdBLE \ud83d\udfe5 #Publicidad #Amazon #16 \ud83d\udd34 C\u00e1mara Vigilancia \u2705 AHORA 16.99 \u20ac \u2714\ufe0f\ud83d\udfe1 \u274c Antes 21.99 \u20ac \ud83d\uded2: https:\/\/btz.es\/4YqYeJw Protege tu hogar o negocio con nuestra c\u00e1mara de vigilancia de alta definici\u00f3n, dise\u00f1ada para ofrecer seguridad avanzada y monitoreo en tiempo real. Su tecnolog\u00eda innovadora garantiza im\u00e1genes n\u00edtidas y una instalaci\u00f3n sencilla. Disfruta de [&hellip;]<\/p>\n","protected":false},"featured_media":8085,"template":"","meta":{"_gspb_post_css":""},"store":[],"product_brand":[],"product_cat":[16],"product_tag":[],"class_list":{"0":"post-8086","1":"product","2":"type-product","3":"status-publish","4":"has-post-thumbnail","6":"product_cat-sin-categorizar","8":"first","9":"instock","10":"sale","11":"shipping-taxable","12":"product-type-external"},"jetpack_sharing_enabled":true,"_links":{"self":[{"href":"https:\/\/ofertacular.com\/index.php\/wp-json\/wp\/v2\/product\/8086","targetHints":{"allow":["GET"]}}],"collection":[{"href":"https:\/\/ofertacular.com\/index.php\/wp-json\/wp\/v2\/product"}],"about":[{"href":"https:\/\/ofertacular.com\/index.php\/wp-json\/wp\/v2\/types\/product"}],"wp:featuredmedia":[{"embeddable":true,"href":"https:\/\/ofertacular.com\/index.php\/wp-json\/wp\/v2\/media\/8085"}],"wp:attachment":[{"href":"https:\/\/ofertacular.com\/index.php\/wp-json\/wp\/v2\/media?parent=8086"}],"wp:term":[{"taxonomy":"store","embeddable":true,"href":"https:\/\/ofertacular.com\/index.php\/wp-json\/wp\/v2\/store?post=8086"},{"taxonomy":"product_brand","embeddable":true,"href":"https:\/\/ofertacular.com\/index.php\/wp-json\/wp\/v2\/product_brand?post=8086"},{"taxonomy":"product_cat","embeddable":true,"href":"https:\/\/ofertacular.com\/index.php\/wp-json\/wp\/v2\/product_cat?post=8086"},{"taxonomy":"product_tag","embeddable":true,"href":"https:\/\/ofertacular.com\/index.php\/wp-json\/wp\/v2\/product_tag?post=8086"}],"curies":[{"name":"wp","href":"https:\/\/api.w.org\/{rel}","templated":true}]}}