{"id":8096,"date":"2025-10-01T10:11:38","date_gmt":"2025-10-01T08:11:38","guid":{"rendered":"https:\/\/ofertacular.com\/index.php\/producto\/adidas-backpack-2\/"},"modified":"2025-10-01T10:11:38","modified_gmt":"2025-10-01T08:11:38","slug":"adidas-backpack-2","status":"publish","type":"product","link":"https:\/\/ofertacular.com\/index.php\/producto\/adidas-backpack-2\/","title":{"rendered":"adidas Backpack"},"content":{"rendered":"<div class=\"oferta-container\">\n<p>\ud83d\udfe5 <b>UNA GANGA<\/b> \ud83d\udfe5 #Publicidad #Amazon #16<\/p>\n<p>\ud83d\udd34 <b>Mochila Adidas <\/b><\/p>\n<p>\u2705 <b>AHORA 15.75 \u20ac<\/b> \u2714\ufe0f\ud83d\udfe1<\/p>\n<p>\u274c Antes 25.00 \u20ac<\/p>\n<p>\ud83d\uded2: <a href=\"https:\/\/btz.es\/4YwzJV1\" target=\"_blank\" rel=\"nofollow noopener\">https:\/\/btz.es\/4YwzJV1<\/a><\/p>\n<p>Descubre la mochila Adidas, dise\u00f1ada para ofrecer funcionalidad y estilo en un solo accesorio. Perfecta para estudiantes, deportistas y viajeros, esta mochila combina durabilidad con un dise\u00f1o moderno y c\u00f3modo. Fabricada con materiales de alta calidad, proporciona amplio espacio y organizaci\u00f3n para tus pertenencias diarias. Aumenta tu rendimiento y lleva tu estilo al siguiente nivel con esta mochila Adidas, la elecci\u00f3n ideal para quienes buscan una combinaci\u00f3n de tendencia y practicidad.<\/p>\n<\/p><\/div>\n","protected":false},"excerpt":{"rendered":"<p>\ud83d\udfe5 UNA GANGA \ud83d\udfe5 #Publicidad #Amazon #16 \ud83d\udd34 Mochila Adidas \u2705 AHORA 15.75 \u20ac \u2714\ufe0f\ud83d\udfe1 \u274c Antes 25.00 \u20ac \ud83d\uded2: https:\/\/btz.es\/4YwzJV1 Descubre la mochila Adidas, dise\u00f1ada para ofrecer funcionalidad y estilo en un solo accesorio. Perfecta para estudiantes, deportistas y viajeros, esta mochila combina durabilidad con un dise\u00f1o moderno y c\u00f3modo. Fabricada con materiales de [&hellip;]<\/p>\n","protected":false},"featured_media":8095,"template":"","meta":{"_gspb_post_css":""},"store":[],"product_brand":[],"product_cat":[16],"product_tag":[],"class_list":{"0":"post-8096","1":"product","2":"type-product","3":"status-publish","4":"has-post-thumbnail","6":"product_cat-sin-categorizar","8":"first","9":"instock","10":"sale","11":"shipping-taxable","12":"product-type-external"},"jetpack_sharing_enabled":true,"_links":{"self":[{"href":"https:\/\/ofertacular.com\/index.php\/wp-json\/wp\/v2\/product\/8096","targetHints":{"allow":["GET"]}}],"collection":[{"href":"https:\/\/ofertacular.com\/index.php\/wp-json\/wp\/v2\/product"}],"about":[{"href":"https:\/\/ofertacular.com\/index.php\/wp-json\/wp\/v2\/types\/product"}],"wp:featuredmedia":[{"embeddable":true,"href":"https:\/\/ofertacular.com\/index.php\/wp-json\/wp\/v2\/media\/8095"}],"wp:attachment":[{"href":"https:\/\/ofertacular.com\/index.php\/wp-json\/wp\/v2\/media?parent=8096"}],"wp:term":[{"taxonomy":"store","embeddable":true,"href":"https:\/\/ofertacular.com\/index.php\/wp-json\/wp\/v2\/store?post=8096"},{"taxonomy":"product_brand","embeddable":true,"href":"https:\/\/ofertacular.com\/index.php\/wp-json\/wp\/v2\/product_brand?post=8096"},{"taxonomy":"product_cat","embeddable":true,"href":"https:\/\/ofertacular.com\/index.php\/wp-json\/wp\/v2\/product_cat?post=8096"},{"taxonomy":"product_tag","embeddable":true,"href":"https:\/\/ofertacular.com\/index.php\/wp-json\/wp\/v2\/product_tag?post=8096"}],"curies":[{"name":"wp","href":"https:\/\/api.w.org\/{rel}","templated":true}]}}