{"id":8100,"date":"2025-10-01T10:28:43","date_gmt":"2025-10-01T08:28:43","guid":{"rendered":"https:\/\/ofertacular.com\/index.php\/producto\/echo-pop-2\/"},"modified":"2025-10-01T10:28:43","modified_gmt":"2025-10-01T08:28:43","slug":"echo-pop-2","status":"publish","type":"product","link":"https:\/\/ofertacular.com\/index.php\/producto\/echo-pop-2\/","title":{"rendered":"Echo Pop"},"content":{"rendered":"<div class=\"oferta-container\">\n<p>\ud83d\udfe5 <b>DATE PRISA<\/b> \ud83d\udfe5 #Publicidad #Amazon #16<\/p>\n<p>\ud83d\udd34 <b>Altavoz Echo <\/b><\/p>\n<p>\u2705 <b>AHORA 26.99 \u20ac<\/b> \u2714\ufe0f\ud83d\udfe1<\/p>\n<p>\u274c Antes 54.99 \u20ac<\/p>\n<p>\ud83d\uded2: <a href=\"https:\/\/btz.es\/4Yw3Xly\" target=\"_blank\" rel=\"nofollow noopener\">https:\/\/btz.es\/4Yw3Xly<\/a><\/p>\n<p>Descubre el Altavoz Echo Pop, el dispositivo inteligente de Amazon que combina un dise\u00f1o compacto con sonido de alta calidad. Potencia tu experiencia de entretenimiento con tecnolog\u00eda avanzada, control por voz Alexa y conectividad perfecta para tu hogar. Ideal para amantes de la m\u00fasica y asistentes virtuales, el Echo Pop es tu aliado perfecto para un hogar m\u00e1s inteligente y conectado.<\/p>\n<\/p><\/div>\n","protected":false},"excerpt":{"rendered":"<p>\ud83d\udfe5 DATE PRISA \ud83d\udfe5 #Publicidad #Amazon #16 \ud83d\udd34 Altavoz Echo \u2705 AHORA 26.99 \u20ac \u2714\ufe0f\ud83d\udfe1 \u274c Antes 54.99 \u20ac \ud83d\uded2: https:\/\/btz.es\/4Yw3Xly Descubre el Altavoz Echo Pop, el dispositivo inteligente de Amazon que combina un dise\u00f1o compacto con sonido de alta calidad. Potencia tu experiencia de entretenimiento con tecnolog\u00eda avanzada, control por voz Alexa y conectividad [&hellip;]<\/p>\n","protected":false},"featured_media":8099,"template":"","meta":{"_gspb_post_css":""},"store":[],"product_brand":[],"product_cat":[16],"product_tag":[],"class_list":{"0":"post-8100","1":"product","2":"type-product","3":"status-publish","4":"has-post-thumbnail","6":"product_cat-sin-categorizar","8":"first","9":"instock","10":"sale","11":"shipping-taxable","12":"product-type-external"},"jetpack_sharing_enabled":true,"_links":{"self":[{"href":"https:\/\/ofertacular.com\/index.php\/wp-json\/wp\/v2\/product\/8100","targetHints":{"allow":["GET"]}}],"collection":[{"href":"https:\/\/ofertacular.com\/index.php\/wp-json\/wp\/v2\/product"}],"about":[{"href":"https:\/\/ofertacular.com\/index.php\/wp-json\/wp\/v2\/types\/product"}],"wp:featuredmedia":[{"embeddable":true,"href":"https:\/\/ofertacular.com\/index.php\/wp-json\/wp\/v2\/media\/8099"}],"wp:attachment":[{"href":"https:\/\/ofertacular.com\/index.php\/wp-json\/wp\/v2\/media?parent=8100"}],"wp:term":[{"taxonomy":"store","embeddable":true,"href":"https:\/\/ofertacular.com\/index.php\/wp-json\/wp\/v2\/store?post=8100"},{"taxonomy":"product_brand","embeddable":true,"href":"https:\/\/ofertacular.com\/index.php\/wp-json\/wp\/v2\/product_brand?post=8100"},{"taxonomy":"product_cat","embeddable":true,"href":"https:\/\/ofertacular.com\/index.php\/wp-json\/wp\/v2\/product_cat?post=8100"},{"taxonomy":"product_tag","embeddable":true,"href":"https:\/\/ofertacular.com\/index.php\/wp-json\/wp\/v2\/product_tag?post=8100"}],"curies":[{"name":"wp","href":"https:\/\/api.w.org\/{rel}","templated":true}]}}