{"id":8104,"date":"2025-10-01T11:27:07","date_gmt":"2025-10-01T09:27:07","guid":{"rendered":"https:\/\/ofertacular.com\/index.php\/producto\/philips-smart-tv-2\/"},"modified":"2025-10-01T11:27:07","modified_gmt":"2025-10-01T09:27:07","slug":"philips-smart-tv-2","status":"publish","type":"product","link":"https:\/\/ofertacular.com\/index.php\/producto\/philips-smart-tv-2\/","title":{"rendered":"Philips Smart TV"},"content":{"rendered":"<div class=\"oferta-container\">\n<p>\ud83d\udfe5 <b>CHOLLAZO<\/b> \ud83d\udfe5 #Publicidad #Amazon #16<\/p>\n<p>\ud83d\udd34 <b>Smart TV <\/b><\/p>\n<p>\u2705 <b>AHORA 189 \u20ac<\/b> \u2714\ufe0f\ud83d\udfe1<\/p>\n<p>\u274c Antes 269.00 \u20ac<\/p>\n<p>\ud83d\uded2: <a href=\"https:\/\/btz.es\/4YwIRC6\" target=\"_blank\" rel=\"nofollow noopener\">https:\/\/btz.es\/4YwIRC6<\/a><\/p>\n<p>Experimenta la innovaci\u00f3n y calidad visual con la Smart TV de Philips, dise\u00f1ada para ofrecerte una experiencia de entretenimiento superior en la comodidad de tu hogar. Con funcionalidades inteligentes y conectividad avanzada, esta televisi\u00f3n transforma tu forma de ver tus programas y pel\u00edculas favoritas, garantizando im\u00e1genes n\u00edtidas y sonido envolvente. Elige Philips para disfrutar de tecnolog\u00eda de punta que potencia cada momento frente a la pantalla.<\/p>\n<\/p><\/div>\n","protected":false},"excerpt":{"rendered":"<p>\ud83d\udfe5 CHOLLAZO \ud83d\udfe5 #Publicidad #Amazon #16 \ud83d\udd34 Smart TV \u2705 AHORA 189 \u20ac \u2714\ufe0f\ud83d\udfe1 \u274c Antes 269.00 \u20ac \ud83d\uded2: https:\/\/btz.es\/4YwIRC6 Experimenta la innovaci\u00f3n y calidad visual con la Smart TV de Philips, dise\u00f1ada para ofrecerte una experiencia de entretenimiento superior en la comodidad de tu hogar. Con funcionalidades inteligentes y conectividad avanzada, esta televisi\u00f3n transforma [&hellip;]<\/p>\n","protected":false},"featured_media":8103,"template":"","meta":{"_gspb_post_css":""},"store":[],"product_brand":[],"product_cat":[16],"product_tag":[],"class_list":{"0":"post-8104","1":"product","2":"type-product","3":"status-publish","4":"has-post-thumbnail","6":"product_cat-sin-categorizar","8":"first","9":"instock","10":"sale","11":"shipping-taxable","12":"product-type-external"},"jetpack_sharing_enabled":true,"_links":{"self":[{"href":"https:\/\/ofertacular.com\/index.php\/wp-json\/wp\/v2\/product\/8104","targetHints":{"allow":["GET"]}}],"collection":[{"href":"https:\/\/ofertacular.com\/index.php\/wp-json\/wp\/v2\/product"}],"about":[{"href":"https:\/\/ofertacular.com\/index.php\/wp-json\/wp\/v2\/types\/product"}],"wp:featuredmedia":[{"embeddable":true,"href":"https:\/\/ofertacular.com\/index.php\/wp-json\/wp\/v2\/media\/8103"}],"wp:attachment":[{"href":"https:\/\/ofertacular.com\/index.php\/wp-json\/wp\/v2\/media?parent=8104"}],"wp:term":[{"taxonomy":"store","embeddable":true,"href":"https:\/\/ofertacular.com\/index.php\/wp-json\/wp\/v2\/store?post=8104"},{"taxonomy":"product_brand","embeddable":true,"href":"https:\/\/ofertacular.com\/index.php\/wp-json\/wp\/v2\/product_brand?post=8104"},{"taxonomy":"product_cat","embeddable":true,"href":"https:\/\/ofertacular.com\/index.php\/wp-json\/wp\/v2\/product_cat?post=8104"},{"taxonomy":"product_tag","embeddable":true,"href":"https:\/\/ofertacular.com\/index.php\/wp-json\/wp\/v2\/product_tag?post=8104"}],"curies":[{"name":"wp","href":"https:\/\/api.w.org\/{rel}","templated":true}]}}