{"id":8122,"date":"2025-10-02T08:20:37","date_gmt":"2025-10-02T06:20:37","guid":{"rendered":"https:\/\/ofertacular.com\/index.php\/producto\/battery-doorbell-2\/"},"modified":"2025-10-02T08:20:37","modified_gmt":"2025-10-02T06:20:37","slug":"battery-doorbell-2","status":"publish","type":"product","link":"https:\/\/ofertacular.com\/index.php\/producto\/battery-doorbell-2\/","title":{"rendered":"Battery Doorbell"},"content":{"rendered":"<div class=\"oferta-container\">\n<p>\ud83d\udfe5 <b>\u00a1APROVECHA!<\/b> \ud83d\udfe5 #Publicidad #Amazon #16<\/p>\n<p>\ud83d\udd34 <b>Timbre inal\u00e1mbrico <\/b><\/p>\n<p>\u2705 <b>AHORA 39.99 \u20ac<\/b> \u2714\ufe0f\ud83d\udfe1<\/p>\n<p>\u274c Antes 99.99 \u20ac<\/p>\n<p>\ud83d\uded2: <a href=\"https:\/\/btz.es\/4Y1O4wM\" target=\"_blank\" rel=\"nofollow noopener\">https:\/\/btz.es\/4Y1O4wM<\/a><\/p>\n<p>Descubre el Timbre inal\u00e1mbrico con bater\u00eda integrada ideal para mejorar la seguridad y comodidad en tu hogar. F\u00e1cil de instalar y compatible con una variedad de sistemas inteligentes, este timbre ofrece alertas instant\u00e1neas directamente a tu dispositivo m\u00f3vil. Su dise\u00f1o elegante y moderno combina con cualquier estilo de puerta, proporcionando una experiencia inal\u00e1mbrica sin complicaciones y duradera. Optimizado para hogares conectados, garantiza una comunicaci\u00f3n eficiente y fiable en cualquier momento.<\/p>\n<\/p><\/div>\n","protected":false},"excerpt":{"rendered":"<p>\ud83d\udfe5 \u00a1APROVECHA! \ud83d\udfe5 #Publicidad #Amazon #16 \ud83d\udd34 Timbre inal\u00e1mbrico \u2705 AHORA 39.99 \u20ac \u2714\ufe0f\ud83d\udfe1 \u274c Antes 99.99 \u20ac \ud83d\uded2: https:\/\/btz.es\/4Y1O4wM Descubre el Timbre inal\u00e1mbrico con bater\u00eda integrada ideal para mejorar la seguridad y comodidad en tu hogar. F\u00e1cil de instalar y compatible con una variedad de sistemas inteligentes, este timbre ofrece alertas instant\u00e1neas directamente a [&hellip;]<\/p>\n","protected":false},"featured_media":8121,"template":"","meta":{"_gspb_post_css":""},"store":[],"product_brand":[],"product_cat":[16],"product_tag":[],"class_list":{"0":"post-8122","1":"product","2":"type-product","3":"status-publish","4":"has-post-thumbnail","6":"product_cat-sin-categorizar","8":"first","9":"instock","10":"sale","11":"shipping-taxable","12":"product-type-external"},"jetpack_sharing_enabled":true,"_links":{"self":[{"href":"https:\/\/ofertacular.com\/index.php\/wp-json\/wp\/v2\/product\/8122","targetHints":{"allow":["GET"]}}],"collection":[{"href":"https:\/\/ofertacular.com\/index.php\/wp-json\/wp\/v2\/product"}],"about":[{"href":"https:\/\/ofertacular.com\/index.php\/wp-json\/wp\/v2\/types\/product"}],"wp:featuredmedia":[{"embeddable":true,"href":"https:\/\/ofertacular.com\/index.php\/wp-json\/wp\/v2\/media\/8121"}],"wp:attachment":[{"href":"https:\/\/ofertacular.com\/index.php\/wp-json\/wp\/v2\/media?parent=8122"}],"wp:term":[{"taxonomy":"store","embeddable":true,"href":"https:\/\/ofertacular.com\/index.php\/wp-json\/wp\/v2\/store?post=8122"},{"taxonomy":"product_brand","embeddable":true,"href":"https:\/\/ofertacular.com\/index.php\/wp-json\/wp\/v2\/product_brand?post=8122"},{"taxonomy":"product_cat","embeddable":true,"href":"https:\/\/ofertacular.com\/index.php\/wp-json\/wp\/v2\/product_cat?post=8122"},{"taxonomy":"product_tag","embeddable":true,"href":"https:\/\/ofertacular.com\/index.php\/wp-json\/wp\/v2\/product_tag?post=8122"}],"curies":[{"name":"wp","href":"https:\/\/api.w.org\/{rel}","templated":true}]}}