{"id":8128,"date":"2025-10-02T08:34:56","date_gmt":"2025-10-02T06:34:56","guid":{"rendered":"https:\/\/ofertacular.com\/index.php\/producto\/nike-sneakers-6\/"},"modified":"2025-10-02T08:34:56","modified_gmt":"2025-10-02T06:34:56","slug":"nike-sneakers-6","status":"publish","type":"product","link":"https:\/\/ofertacular.com\/index.php\/producto\/nike-sneakers-6\/","title":{"rendered":"Nike Sneakers"},"content":{"rendered":"<div class=\"oferta-container\">\n<p>\ud83d\udfe5 <b>\u00a1OFERT\u00d3N!<\/b> \ud83d\udfe5 #Publicidad #Amazon #16<\/p>\n<p>\ud83d\udd34 <b>Sneakers Nike <\/b><\/p>\n<p>\u2705 <b>AHORA 28.9 \u20ac<\/b> \u2714\ufe0f\ud83d\udfe1<\/p>\n<p>\u274c Antes 64.99 \u20ac<\/p>\n<p>\ud83d\uded2: <a href=\"https:\/\/btz.es\/4Y1SfVW\" target=\"_blank\" rel=\"nofollow noopener\">https:\/\/btz.es\/4Y1SfVW<\/a><\/p>\n<p>Descubre el m\u00e1ximo confort y estilo con las Sneakers Nike. Dise\u00f1adas para ofrecer una amortiguaci\u00f3n excepcional y un ajuste perfecto, estas zapatillas son ideales para deportistas y amantes del estilo urbano. Fabricadas con materiales de alta calidad que garantizan durabilidad y resistencia, las Sneakers Nike combinan innovaci\u00f3n y moda para que destaques en cualquier ocasi\u00f3n. Aprovecha esta oferta exclusiva y lleva tu rendimiento y estilo al siguiente nivel.<\/p>\n<\/p><\/div>\n","protected":false},"excerpt":{"rendered":"<p>\ud83d\udfe5 \u00a1OFERT\u00d3N! \ud83d\udfe5 #Publicidad #Amazon #16 \ud83d\udd34 Sneakers Nike \u2705 AHORA 28.9 \u20ac \u2714\ufe0f\ud83d\udfe1 \u274c Antes 64.99 \u20ac \ud83d\uded2: https:\/\/btz.es\/4Y1SfVW Descubre el m\u00e1ximo confort y estilo con las Sneakers Nike. Dise\u00f1adas para ofrecer una amortiguaci\u00f3n excepcional y un ajuste perfecto, estas zapatillas son ideales para deportistas y amantes del estilo urbano. Fabricadas con materiales de [&hellip;]<\/p>\n","protected":false},"featured_media":8127,"template":"","meta":{"_gspb_post_css":""},"store":[],"product_brand":[],"product_cat":[16],"product_tag":[],"class_list":{"0":"post-8128","1":"product","2":"type-product","3":"status-publish","4":"has-post-thumbnail","6":"product_cat-sin-categorizar","8":"first","9":"instock","10":"sale","11":"shipping-taxable","12":"product-type-external"},"jetpack_sharing_enabled":true,"_links":{"self":[{"href":"https:\/\/ofertacular.com\/index.php\/wp-json\/wp\/v2\/product\/8128","targetHints":{"allow":["GET"]}}],"collection":[{"href":"https:\/\/ofertacular.com\/index.php\/wp-json\/wp\/v2\/product"}],"about":[{"href":"https:\/\/ofertacular.com\/index.php\/wp-json\/wp\/v2\/types\/product"}],"wp:featuredmedia":[{"embeddable":true,"href":"https:\/\/ofertacular.com\/index.php\/wp-json\/wp\/v2\/media\/8127"}],"wp:attachment":[{"href":"https:\/\/ofertacular.com\/index.php\/wp-json\/wp\/v2\/media?parent=8128"}],"wp:term":[{"taxonomy":"store","embeddable":true,"href":"https:\/\/ofertacular.com\/index.php\/wp-json\/wp\/v2\/store?post=8128"},{"taxonomy":"product_brand","embeddable":true,"href":"https:\/\/ofertacular.com\/index.php\/wp-json\/wp\/v2\/product_brand?post=8128"},{"taxonomy":"product_cat","embeddable":true,"href":"https:\/\/ofertacular.com\/index.php\/wp-json\/wp\/v2\/product_cat?post=8128"},{"taxonomy":"product_tag","embeddable":true,"href":"https:\/\/ofertacular.com\/index.php\/wp-json\/wp\/v2\/product_tag?post=8128"}],"curies":[{"name":"wp","href":"https:\/\/api.w.org\/{rel}","templated":true}]}}