{"id":8132,"date":"2025-10-02T09:44:20","date_gmt":"2025-10-02T07:44:20","guid":{"rendered":"https:\/\/ofertacular.com\/index.php\/producto\/ventilador-techo\/"},"modified":"2025-10-02T09:44:20","modified_gmt":"2025-10-02T07:44:20","slug":"ventilador-techo","status":"publish","type":"product","link":"https:\/\/ofertacular.com\/index.php\/producto\/ventilador-techo\/","title":{"rendered":"Ventilador Techo"},"content":{"rendered":"<div class=\"oferta-container\">\n<p>\ud83d\udfe5 <b>\u00a1APROVECHA!<\/b> \ud83d\udfe5 #Publicidad #Amazon #16<\/p>\n<p>\ud83d\udd34 <b>Ventilador Techo <\/b><\/p>\n<p>\u2705 <b>AHORA 29.99 \u20ac<\/b> \u2714\ufe0f\ud83d\udfe1<\/p>\n<p>\u274c Antes 71.99 \u20ac<\/p>\n<p>\ud83d\uded2: <a href=\"https:\/\/btz.es\/4Y2j9r2\" target=\"_blank\" rel=\"nofollow noopener\">https:\/\/btz.es\/4Y2j9r2<\/a><\/p>\n<p>Descubre nuestro ventilador de techo, dise\u00f1ado para ofrecer una ventilaci\u00f3n eficiente y un estilo moderno que se integra perfectamente en cualquier espacio. Ideal para mantener tu hogar o lugar de trabajo fresco y confortable durante todo el a\u00f1o, este ventilador combina rendimiento y durabilidad, siendo la soluci\u00f3n perfecta para mejorar la circulaci\u00f3n del aire. Aprovecha la tecnolog\u00eda avanzada que garantiza un funcionamiento silencioso y un consumo energ\u00e9tico reducido.<\/p>\n<\/p><\/div>\n","protected":false},"excerpt":{"rendered":"<p>\ud83d\udfe5 \u00a1APROVECHA! \ud83d\udfe5 #Publicidad #Amazon #16 \ud83d\udd34 Ventilador Techo \u2705 AHORA 29.99 \u20ac \u2714\ufe0f\ud83d\udfe1 \u274c Antes 71.99 \u20ac \ud83d\uded2: https:\/\/btz.es\/4Y2j9r2 Descubre nuestro ventilador de techo, dise\u00f1ado para ofrecer una ventilaci\u00f3n eficiente y un estilo moderno que se integra perfectamente en cualquier espacio. Ideal para mantener tu hogar o lugar de trabajo fresco y confortable durante [&hellip;]<\/p>\n","protected":false},"featured_media":8131,"template":"","meta":{"_gspb_post_css":""},"store":[],"product_brand":[],"product_cat":[16],"product_tag":[],"class_list":{"0":"post-8132","1":"product","2":"type-product","3":"status-publish","4":"has-post-thumbnail","6":"product_cat-sin-categorizar","8":"first","9":"instock","10":"sale","11":"shipping-taxable","12":"product-type-external"},"jetpack_sharing_enabled":true,"_links":{"self":[{"href":"https:\/\/ofertacular.com\/index.php\/wp-json\/wp\/v2\/product\/8132","targetHints":{"allow":["GET"]}}],"collection":[{"href":"https:\/\/ofertacular.com\/index.php\/wp-json\/wp\/v2\/product"}],"about":[{"href":"https:\/\/ofertacular.com\/index.php\/wp-json\/wp\/v2\/types\/product"}],"wp:featuredmedia":[{"embeddable":true,"href":"https:\/\/ofertacular.com\/index.php\/wp-json\/wp\/v2\/media\/8131"}],"wp:attachment":[{"href":"https:\/\/ofertacular.com\/index.php\/wp-json\/wp\/v2\/media?parent=8132"}],"wp:term":[{"taxonomy":"store","embeddable":true,"href":"https:\/\/ofertacular.com\/index.php\/wp-json\/wp\/v2\/store?post=8132"},{"taxonomy":"product_brand","embeddable":true,"href":"https:\/\/ofertacular.com\/index.php\/wp-json\/wp\/v2\/product_brand?post=8132"},{"taxonomy":"product_cat","embeddable":true,"href":"https:\/\/ofertacular.com\/index.php\/wp-json\/wp\/v2\/product_cat?post=8132"},{"taxonomy":"product_tag","embeddable":true,"href":"https:\/\/ofertacular.com\/index.php\/wp-json\/wp\/v2\/product_tag?post=8132"}],"curies":[{"name":"wp","href":"https:\/\/api.w.org\/{rel}","templated":true}]}}