{"id":8148,"date":"2025-10-03T10:11:24","date_gmt":"2025-10-03T08:11:24","guid":{"rendered":"https:\/\/ofertacular.com\/index.php\/producto\/mars-gaming-2\/"},"modified":"2025-10-03T10:11:24","modified_gmt":"2025-10-03T08:11:24","slug":"mars-gaming-2","status":"publish","type":"product","link":"https:\/\/ofertacular.com\/index.php\/producto\/mars-gaming-2\/","title":{"rendered":"Mars Gaming"},"content":{"rendered":"<div class=\"oferta-container\">\n<p>\ud83d\udfe5 <b>AHORRA AQU\u00cd<\/b> \ud83d\udfe5 #Publicidad #Amazon #16<\/p>\n<p>\ud83d\udd34 <b>Gaming Mars <\/b><\/p>\n<p>\u2705 <b>AHORA 8.9 \u20ac<\/b> \u2714\ufe0f\ud83d\udfe1<\/p>\n<p>\u274c Antes 9.90 \u20ac<\/p>\n<p>\ud83d\uded2: <a href=\"https:\/\/btz.es\/4Y8gUdm\" target=\"_blank\" rel=\"nofollow noopener\">https:\/\/btz.es\/4Y8gUdm<\/a><\/p>\n<p>Descubre la excelencia en accesorios de alto rendimiento con Mars Gaming. Dise\u00f1ados para gamers profesionales y entusiastas, sus productos ofrecen ergonom\u00eda, durabilidad y tecnolog\u00eda avanzada para mejorar tu experiencia de juego. Con Mars Gaming, domina cada partida con comodidad y precisi\u00f3n, garantizando el m\u00e1ximo rendimiento y estilo en cada sesi\u00f3n.<\/p>\n<\/p><\/div>\n","protected":false},"excerpt":{"rendered":"<p>\ud83d\udfe5 AHORRA AQU\u00cd \ud83d\udfe5 #Publicidad #Amazon #16 \ud83d\udd34 Gaming Mars \u2705 AHORA 8.9 \u20ac \u2714\ufe0f\ud83d\udfe1 \u274c Antes 9.90 \u20ac \ud83d\uded2: https:\/\/btz.es\/4Y8gUdm Descubre la excelencia en accesorios de alto rendimiento con Mars Gaming. Dise\u00f1ados para gamers profesionales y entusiastas, sus productos ofrecen ergonom\u00eda, durabilidad y tecnolog\u00eda avanzada para mejorar tu experiencia de juego. Con Mars Gaming, [&hellip;]<\/p>\n","protected":false},"featured_media":8147,"template":"","meta":{"_gspb_post_css":""},"store":[],"product_brand":[],"product_cat":[16],"product_tag":[],"class_list":{"0":"post-8148","1":"product","2":"type-product","3":"status-publish","4":"has-post-thumbnail","6":"product_cat-sin-categorizar","8":"first","9":"instock","10":"sale","11":"shipping-taxable","12":"product-type-external"},"jetpack_sharing_enabled":true,"_links":{"self":[{"href":"https:\/\/ofertacular.com\/index.php\/wp-json\/wp\/v2\/product\/8148","targetHints":{"allow":["GET"]}}],"collection":[{"href":"https:\/\/ofertacular.com\/index.php\/wp-json\/wp\/v2\/product"}],"about":[{"href":"https:\/\/ofertacular.com\/index.php\/wp-json\/wp\/v2\/types\/product"}],"wp:featuredmedia":[{"embeddable":true,"href":"https:\/\/ofertacular.com\/index.php\/wp-json\/wp\/v2\/media\/8147"}],"wp:attachment":[{"href":"https:\/\/ofertacular.com\/index.php\/wp-json\/wp\/v2\/media?parent=8148"}],"wp:term":[{"taxonomy":"store","embeddable":true,"href":"https:\/\/ofertacular.com\/index.php\/wp-json\/wp\/v2\/store?post=8148"},{"taxonomy":"product_brand","embeddable":true,"href":"https:\/\/ofertacular.com\/index.php\/wp-json\/wp\/v2\/product_brand?post=8148"},{"taxonomy":"product_cat","embeddable":true,"href":"https:\/\/ofertacular.com\/index.php\/wp-json\/wp\/v2\/product_cat?post=8148"},{"taxonomy":"product_tag","embeddable":true,"href":"https:\/\/ofertacular.com\/index.php\/wp-json\/wp\/v2\/product_tag?post=8148"}],"curies":[{"name":"wp","href":"https:\/\/api.w.org\/{rel}","templated":true}]}}