{"id":8150,"date":"2025-10-03T10:19:03","date_gmt":"2025-10-03T08:19:03","guid":{"rendered":"https:\/\/ofertacular.com\/index.php\/producto\/canon-pixma-3\/"},"modified":"2025-10-03T10:19:03","modified_gmt":"2025-10-03T08:19:03","slug":"canon-pixma-3","status":"publish","type":"product","link":"https:\/\/ofertacular.com\/index.php\/producto\/canon-pixma-3\/","title":{"rendered":"Canon PIXMA"},"content":{"rendered":"<div class=\"oferta-container\">\n<p>\ud83d\udfe5 <b>CHOLLAZO<\/b> \ud83d\udfe5 #Publicidad #Amazon #16<\/p>\n<p>\ud83d\udd34 <b>Impresora Canon <\/b><\/p>\n<p>\u2705 <b>AHORA 40.91 \u20ac<\/b> \u2714\ufe0f\ud83d\udfe1<\/p>\n<p>\u274c Antes 49.00 \u20ac<\/p>\n<p>\ud83d\uded2: <a href=\"https:\/\/btz.es\/4Y8iP35\" target=\"_blank\" rel=\"nofollow noopener\">https:\/\/btz.es\/4Y8iP35<\/a><\/p>\n<p>Descubre la impresora Canon PIXMA, la soluci\u00f3n ideal para obtener impresiones de alta calidad en casa o la oficina. Esta impresora ofrece tecnolog\u00eda avanzada para resultados n\u00edtidos y colores vibrantes, perfecta para documentos, fotograf\u00edas y proyectos creativos. Optimizada para eficiencia y facilidad de uso, la Canon PIXMA es la elecci\u00f3n preferida por profesionales y usuarios dom\u00e9sticos que buscan rendimiento y fiabilidad. Mejora tu experiencia de impresi\u00f3n con una marca l\u00edder reconocida mundialmente por su innovaci\u00f3n y calidad inigualable.<\/p>\n<\/p><\/div>\n","protected":false},"excerpt":{"rendered":"<p>\ud83d\udfe5 CHOLLAZO \ud83d\udfe5 #Publicidad #Amazon #16 \ud83d\udd34 Impresora Canon \u2705 AHORA 40.91 \u20ac \u2714\ufe0f\ud83d\udfe1 \u274c Antes 49.00 \u20ac \ud83d\uded2: https:\/\/btz.es\/4Y8iP35 Descubre la impresora Canon PIXMA, la soluci\u00f3n ideal para obtener impresiones de alta calidad en casa o la oficina. Esta impresora ofrece tecnolog\u00eda avanzada para resultados n\u00edtidos y colores vibrantes, perfecta para documentos, fotograf\u00edas y [&hellip;]<\/p>\n","protected":false},"featured_media":8149,"template":"","meta":{"_gspb_post_css":""},"store":[],"product_brand":[],"product_cat":[16],"product_tag":[],"class_list":{"0":"post-8150","1":"product","2":"type-product","3":"status-publish","4":"has-post-thumbnail","6":"product_cat-sin-categorizar","8":"first","9":"instock","10":"sale","11":"shipping-taxable","12":"product-type-external"},"jetpack_sharing_enabled":true,"_links":{"self":[{"href":"https:\/\/ofertacular.com\/index.php\/wp-json\/wp\/v2\/product\/8150","targetHints":{"allow":["GET"]}}],"collection":[{"href":"https:\/\/ofertacular.com\/index.php\/wp-json\/wp\/v2\/product"}],"about":[{"href":"https:\/\/ofertacular.com\/index.php\/wp-json\/wp\/v2\/types\/product"}],"wp:featuredmedia":[{"embeddable":true,"href":"https:\/\/ofertacular.com\/index.php\/wp-json\/wp\/v2\/media\/8149"}],"wp:attachment":[{"href":"https:\/\/ofertacular.com\/index.php\/wp-json\/wp\/v2\/media?parent=8150"}],"wp:term":[{"taxonomy":"store","embeddable":true,"href":"https:\/\/ofertacular.com\/index.php\/wp-json\/wp\/v2\/store?post=8150"},{"taxonomy":"product_brand","embeddable":true,"href":"https:\/\/ofertacular.com\/index.php\/wp-json\/wp\/v2\/product_brand?post=8150"},{"taxonomy":"product_cat","embeddable":true,"href":"https:\/\/ofertacular.com\/index.php\/wp-json\/wp\/v2\/product_cat?post=8150"},{"taxonomy":"product_tag","embeddable":true,"href":"https:\/\/ofertacular.com\/index.php\/wp-json\/wp\/v2\/product_tag?post=8150"}],"curies":[{"name":"wp","href":"https:\/\/api.w.org\/{rel}","templated":true}]}}