{"id":8152,"date":"2025-10-03T10:50:40","date_gmt":"2025-10-03T08:50:40","guid":{"rendered":"https:\/\/ofertacular.com\/index.php\/producto\/aoc-gaming-2\/"},"modified":"2025-10-03T10:50:40","modified_gmt":"2025-10-03T08:50:40","slug":"aoc-gaming-2","status":"publish","type":"product","link":"https:\/\/ofertacular.com\/index.php\/producto\/aoc-gaming-2\/","title":{"rendered":"AOC Gaming"},"content":{"rendered":"<div class=\"oferta-container\">\n<p>\ud83d\udfe5 <b>\u00a1GANGAZO!<\/b> \ud83d\udfe5 #Publicidad #Amazon #16<\/p>\n<p>\ud83d\udd34 <b>Monitor Gaming <\/b><\/p>\n<p>\u2705 <b>AHORA 109 \u20ac<\/b> \u2714\ufe0f\ud83d\udfe1<\/p>\n<p>\u274c Antes 149.00 \u20ac<\/p>\n<p>\ud83d\uded2: <a href=\"https:\/\/btz.es\/4Y8qNtn\" target=\"_blank\" rel=\"nofollow noopener\">https:\/\/btz.es\/4Y8qNtn<\/a><\/p>\n<p>Descubre el rendimiento superior del Monitor Gaming AOC, dise\u00f1ado para ofrecer im\u00e1genes n\u00edtidas y tiempos de respuesta ultrarr\u00e1pidos. Ideal para gamers exigentes que buscan una experiencia visual envolvente y fluida. Optimizado para videojuegos y entretenimiento con tecnolog\u00eda avanzada que garantiza colores vibrantes y alta resoluci\u00f3n.<\/p>\n<\/p><\/div>\n","protected":false},"excerpt":{"rendered":"<p>\ud83d\udfe5 \u00a1GANGAZO! \ud83d\udfe5 #Publicidad #Amazon #16 \ud83d\udd34 Monitor Gaming \u2705 AHORA 109 \u20ac \u2714\ufe0f\ud83d\udfe1 \u274c Antes 149.00 \u20ac \ud83d\uded2: https:\/\/btz.es\/4Y8qNtn Descubre el rendimiento superior del Monitor Gaming AOC, dise\u00f1ado para ofrecer im\u00e1genes n\u00edtidas y tiempos de respuesta ultrarr\u00e1pidos. Ideal para gamers exigentes que buscan una experiencia visual envolvente y fluida. Optimizado para videojuegos y entretenimiento [&hellip;]<\/p>\n","protected":false},"featured_media":8151,"template":"","meta":{"_gspb_post_css":""},"store":[],"product_brand":[],"product_cat":[16],"product_tag":[],"class_list":{"0":"post-8152","1":"product","2":"type-product","3":"status-publish","4":"has-post-thumbnail","6":"product_cat-sin-categorizar","8":"first","9":"instock","10":"sale","11":"shipping-taxable","12":"product-type-external"},"jetpack_sharing_enabled":true,"_links":{"self":[{"href":"https:\/\/ofertacular.com\/index.php\/wp-json\/wp\/v2\/product\/8152","targetHints":{"allow":["GET"]}}],"collection":[{"href":"https:\/\/ofertacular.com\/index.php\/wp-json\/wp\/v2\/product"}],"about":[{"href":"https:\/\/ofertacular.com\/index.php\/wp-json\/wp\/v2\/types\/product"}],"wp:featuredmedia":[{"embeddable":true,"href":"https:\/\/ofertacular.com\/index.php\/wp-json\/wp\/v2\/media\/8151"}],"wp:attachment":[{"href":"https:\/\/ofertacular.com\/index.php\/wp-json\/wp\/v2\/media?parent=8152"}],"wp:term":[{"taxonomy":"store","embeddable":true,"href":"https:\/\/ofertacular.com\/index.php\/wp-json\/wp\/v2\/store?post=8152"},{"taxonomy":"product_brand","embeddable":true,"href":"https:\/\/ofertacular.com\/index.php\/wp-json\/wp\/v2\/product_brand?post=8152"},{"taxonomy":"product_cat","embeddable":true,"href":"https:\/\/ofertacular.com\/index.php\/wp-json\/wp\/v2\/product_cat?post=8152"},{"taxonomy":"product_tag","embeddable":true,"href":"https:\/\/ofertacular.com\/index.php\/wp-json\/wp\/v2\/product_tag?post=8152"}],"curies":[{"name":"wp","href":"https:\/\/api.w.org\/{rel}","templated":true}]}}