{"id":8156,"date":"2025-10-03T10:53:13","date_gmt":"2025-10-03T08:53:13","guid":{"rendered":"https:\/\/ofertacular.com\/index.php\/producto\/lego-ferrari\/"},"modified":"2025-10-03T10:53:13","modified_gmt":"2025-10-03T08:53:13","slug":"lego-ferrari","status":"publish","type":"product","link":"https:\/\/ofertacular.com\/index.php\/producto\/lego-ferrari\/","title":{"rendered":"LEGO Ferrari"},"content":{"rendered":"<div class=\"oferta-container\">\n<p>\ud83d\udfe5 <b>\u00a1NO TE LA PIERDAS!<\/b> \ud83d\udfe5 #Publicidad #Amazon #16<\/p>\n<p>\ud83d\udd34 <b>Ferrari LEGO <\/b><\/p>\n<p>\u2705 <b>AHORA 19.99 \u20ac<\/b> \u2714\ufe0f\ud83d\udfe1<\/p>\n<p>\u274c Antes 26.99 \u20ac<\/p>\n<p>\ud83d\uded2: <a href=\"https:\/\/btz.es\/4Y8r0KK\" target=\"_blank\" rel=\"nofollow noopener\">https:\/\/btz.es\/4Y8r0KK<\/a><\/p>\n<p>Descubre la exclusiva experiencia de construcci\u00f3n con el set Ferrari LEGO, dise\u00f1ado para los amantes de la velocidad y la ingenier\u00eda automotriz. Este producto oficial combina la calidad y precisi\u00f3n de LEGO con el ic\u00f3nico dise\u00f1o de Ferrari, ofreciendo horas de entretenimiento y detalle para coleccionistas y fan\u00e1ticos. Perfecto para mejorar habilidades de construcci\u00f3n y para destacar en cualquier exhibici\u00f3n, este set es un referente para entusiastas de todas las edades. Optimizado para quienes buscan productos t\u00e9cnicos y atractivos que fomenten la creatividad y el gusto por los autos deportivos.<\/p>\n<\/p><\/div>\n","protected":false},"excerpt":{"rendered":"<p>\ud83d\udfe5 \u00a1NO TE LA PIERDAS! \ud83d\udfe5 #Publicidad #Amazon #16 \ud83d\udd34 Ferrari LEGO \u2705 AHORA 19.99 \u20ac \u2714\ufe0f\ud83d\udfe1 \u274c Antes 26.99 \u20ac \ud83d\uded2: https:\/\/btz.es\/4Y8r0KK Descubre la exclusiva experiencia de construcci\u00f3n con el set Ferrari LEGO, dise\u00f1ado para los amantes de la velocidad y la ingenier\u00eda automotriz. Este producto oficial combina la calidad y precisi\u00f3n de LEGO [&hellip;]<\/p>\n","protected":false},"featured_media":8155,"template":"","meta":{"_gspb_post_css":""},"store":[],"product_brand":[],"product_cat":[16],"product_tag":[],"class_list":{"0":"post-8156","1":"product","2":"type-product","3":"status-publish","4":"has-post-thumbnail","6":"product_cat-sin-categorizar","8":"first","9":"instock","10":"sale","11":"shipping-taxable","12":"product-type-external"},"jetpack_sharing_enabled":true,"_links":{"self":[{"href":"https:\/\/ofertacular.com\/index.php\/wp-json\/wp\/v2\/product\/8156","targetHints":{"allow":["GET"]}}],"collection":[{"href":"https:\/\/ofertacular.com\/index.php\/wp-json\/wp\/v2\/product"}],"about":[{"href":"https:\/\/ofertacular.com\/index.php\/wp-json\/wp\/v2\/types\/product"}],"wp:featuredmedia":[{"embeddable":true,"href":"https:\/\/ofertacular.com\/index.php\/wp-json\/wp\/v2\/media\/8155"}],"wp:attachment":[{"href":"https:\/\/ofertacular.com\/index.php\/wp-json\/wp\/v2\/media?parent=8156"}],"wp:term":[{"taxonomy":"store","embeddable":true,"href":"https:\/\/ofertacular.com\/index.php\/wp-json\/wp\/v2\/store?post=8156"},{"taxonomy":"product_brand","embeddable":true,"href":"https:\/\/ofertacular.com\/index.php\/wp-json\/wp\/v2\/product_brand?post=8156"},{"taxonomy":"product_cat","embeddable":true,"href":"https:\/\/ofertacular.com\/index.php\/wp-json\/wp\/v2\/product_cat?post=8156"},{"taxonomy":"product_tag","embeddable":true,"href":"https:\/\/ofertacular.com\/index.php\/wp-json\/wp\/v2\/product_tag?post=8156"}],"curies":[{"name":"wp","href":"https:\/\/api.w.org\/{rel}","templated":true}]}}